{"id":1059,"date":"2022-02-03T20:36:51","date_gmt":"2022-02-03T20:36:51","guid":{"rendered":"https:\/\/www.colescba.org.ar\/portal\/?page_id=1059"},"modified":"2025-12-16T14:26:41","modified_gmt":"2025-12-16T17:26:41","slug":"inspeccion-general","status":"publish","type":"page","link":"https:\/\/www.colescba.org.ar\/portal\/organismos\/inspeccion-general","title":{"rendered":"Inspecci\u00f3n General"},"content":{"rendered":"\t\t<div data-elementor-type=\"wp-page\" data-elementor-id=\"1059\" class=\"elementor elementor-1059\" data-elementor-post-type=\"page\">\n\t\t\t\t\t\t<section class=\"elementor-section elementor-top-section elementor-element elementor-element-ee68e88 elementor-section-boxed elementor-section-height-default elementor-section-height-default\" data-id=\"ee68e88\" data-element_type=\"section\">\n\t\t\t\t\t\t\t<div class=\"elementor-background-overlay\"><\/div>\n\t\t\t\t\t\t\t<div class=\"elementor-container elementor-column-gap-default\">\n\t\t\t\t\t<div class=\"elementor-column elementor-col-100 elementor-top-column elementor-element elementor-element-13ca89f\" data-id=\"13ca89f\" data-element_type=\"column\">\n\t\t\t<div class=\"elementor-widget-wrap elementor-element-populated\">\n\t\t\t\t\t\t<section class=\"elementor-section elementor-inner-section elementor-element elementor-element-7f76db0 elementor-section-boxed elementor-section-height-default elementor-section-height-default\" data-id=\"7f76db0\" data-element_type=\"section\">\n\t\t\t\t\t\t<div class=\"elementor-container elementor-column-gap-default\">\n\t\t\t\t\t<div class=\"elementor-column elementor-col-100 elementor-inner-column elementor-element elementor-element-9f2a7de\" data-id=\"9f2a7de\" data-element_type=\"column\">\n\t\t\t<div class=\"elementor-widget-wrap elementor-element-populated\">\n\t\t\t\t\t\t<div class=\"elementor-element elementor-element-d17b3e6 elementor-widget elementor-widget-heading\" data-id=\"d17b3e6\" data-element_type=\"widget\" data-widget_type=\"heading.default\">\n\t\t\t\t<div class=\"elementor-widget-container\">\n\t\t\t<h1 class=\"elementor-heading-title elementor-size-default\">Inspecci\u00f3n General<\/h1>\t\t<\/div>\n\t\t\t\t<\/div>\n\t\t\t\t\t<\/div>\n\t\t<\/div>\n\t\t\t\t\t<\/div>\n\t\t<\/section>\n\t\t\t\t\t<\/div>\n\t\t<\/div>\n\t\t\t\t\t<\/div>\n\t\t<\/section>\n\t\t\t\t<section class=\"elementor-section elementor-top-section elementor-element elementor-element-3c6354e elementor-section-boxed elementor-section-height-default elementor-section-height-default\" data-id=\"3c6354e\" data-element_type=\"section\">\n\t\t\t\t\t\t<div class=\"elementor-container elementor-column-gap-wider\">\n\t\t\t\t\t<div class=\"elementor-column elementor-col-50 elementor-top-column elementor-element elementor-element-7c2c6f2\" data-id=\"7c2c6f2\" data-element_type=\"column\">\n\t\t\t<div class=\"elementor-widget-wrap elementor-element-populated\">\n\t\t\t\t\t\t<div class=\"elementor-element elementor-element-4b5550e elementor-widget elementor-widget-heading\" data-id=\"4b5550e\" data-element_type=\"widget\" data-widget_type=\"heading.default\">\n\t\t\t\t<div class=\"elementor-widget-container\">\n\t\t\t<h2 class=\"elementor-heading-title elementor-size-default\">El Departamento de Inspecci\u00f3n se encarga de inspeccionar los Registros Notariales para verificar el cumplimiento de las obligaciones relativas al pago de los aportes a la Caja de Seguridad Social y verificar el cumplimiento de las normas jur\u00eddicas que reglan el ejercicio de la funci\u00f3n notarial.<\/h2>\t\t<\/div>\n\t\t\t\t<\/div>\n\t\t\t\t<div class=\"elementor-element elementor-element-0124260 elementor-widget elementor-widget-text-editor\" data-id=\"0124260\" data-element_type=\"widget\" data-widget_type=\"text-editor.default\">\n\t\t\t\t<div class=\"elementor-widget-container\">\n\t\t\t\t\t\t\t<p>La figura del inspector de aportes notariales fue establecida por la ley 6983, y su modificatoria 12.172, que regulan el funcionamiento de la Caja. El art\u00edculo 21 de dicha normativa establece que \u201cla Caja deber\u00e1 efectuar inspecciones en los registros notariales a efectos de la fiscalizaci\u00f3n de los aportes establecidos por dicha ley o fijados en las reglamentaciones. Dicha fiscalizaci\u00f3n estar\u00e1 a cargo de inspectores designados por el Consejo Directivo\u201d.<\/p><p>A su vez, el art\u00edculo 22 de la mencionada ley indica que, para efectuar su tarea, los inspectores contar\u00e1n con amplias facultades de investigaci\u00f3n y estudio sobre los protocolos y documentaci\u00f3n de los escribanos relacionadas con las obligaciones de aportaci\u00f3n a la Caja.<\/p><p>Los inspectores tambi\u00e9n pueden cumplir funciones de colaboraci\u00f3n con el Juzgado Notarial, verificando, por delegaci\u00f3n del mismo, el cumplimiento de las normas jur\u00eddicas que reglan el ejercicio de la funci\u00f3n notarial, seg\u00fan est\u00e1 estipulado en el art\u00edculo 60 de la Ley Org\u00e1nica del Notariado.<\/p><p>El Departamento de Inspecci\u00f3n est\u00e1 integrado por un Inspector General que tiene a su cargo la organizaci\u00f3n, direcci\u00f3n y funcionamiento del \u00e1rea, profesionales id\u00f3neos que colaboran con \u00e9l y un cuerpo de inspectores, designados bajo relaci\u00f3n de dependencia o contratados por tiempo determinado y para fines espec\u00edficos. La designaci\u00f3n de los inspectores y del Inspector General es atribuci\u00f3n del Consejo Directivo.<\/p><p>Las funciones del Inspector General son: elaborar el plan anual de inspecciones, coordinar las tareas de los inspectores a su cargo, fijar las pautas generales a los inspectores, proponer el orden de reemplazo de aquellos y elevar al Presidente todas aquellas propuestas que conduzcan al mejor desempe\u00f1o del cuerpo y a la consiguiente eficacia de la funci\u00f3n.<\/p>\t\t\t\t\t\t<\/div>\n\t\t\t\t<\/div>\n\t\t\t\t\t<\/div>\n\t\t<\/div>\n\t\t\t\t<div class=\"elementor-column elementor-col-50 elementor-top-column elementor-element elementor-element-f320cd5\" data-id=\"f320cd5\" data-element_type=\"column\">\n\t\t\t<div class=\"elementor-widget-wrap elementor-element-populated\">\n\t\t\t\t\t\t<div class=\"elementor-element elementor-element-012cb85 elementor-widget elementor-widget-heading\" data-id=\"012cb85\" data-element_type=\"widget\" data-widget_type=\"heading.default\">\n\t\t\t\t<div class=\"elementor-widget-container\">\n\t\t\t<h3 class=\"elementor-heading-title elementor-size-default\">Registro de aspirantes a inspectores<\/h3>\t\t<\/div>\n\t\t\t\t<\/div>\n\t\t<div class=\"elementor-element elementor-element-8b0a3ce e-flex e-con-boxed e-con e-parent\" data-id=\"8b0a3ce\" data-element_type=\"container\" data-settings=\"{&quot;background_background&quot;:&quot;classic&quot;}\">\n\t\t\t\t\t<div class=\"e-con-inner\">\n\t\t\t\t<div class=\"elementor-element elementor-element-0d9ac07 elementor-widget elementor-widget-heading\" data-id=\"0d9ac07\" data-element_type=\"widget\" data-widget_type=\"heading.default\">\n\t\t\t\t<div class=\"elementor-widget-container\">\n\t\t\t<h4 class=\"elementor-heading-title elementor-size-default\">Convocatoria<\/h4>\t\t<\/div>\n\t\t\t\t<\/div>\n\t\t\t\t<div class=\"elementor-element elementor-element-1a9bac5 elementor-widget elementor-widget-text-editor\" data-id=\"1a9bac5\" data-element_type=\"widget\" data-widget_type=\"text-editor.default\">\n\t\t\t\t<div class=\"elementor-widget-container\">\n\t\t\t\t\t\t\t<p>Para integrar el Registro de Aspirantes a Inspector\u200b en zonas de inspecci\u00f3n vacantes<\/p>\t\t\t\t\t\t<\/div>\n\t\t\t\t<\/div>\n\t\t\t\t<div class=\"elementor-element elementor-element-e857b73 elementor-widget__width-auto elementor-widget elementor-widget-button\" data-id=\"e857b73\" data-element_type=\"widget\" data-widget_type=\"button.default\">\n\t\t\t\t<div class=\"elementor-widget-container\">\n\t\t\t\t\t\t\t<div class=\"elementor-button-wrapper\">\n\t\t\t\t\t<a class=\"elementor-button elementor-button-link elementor-size-sm\" href=\"https:\/\/www.colescba.org.ar\/portal\/organismos\/inspeccion-general\/convocatoria\">\n\t\t\t\t\t\t<span class=\"elementor-button-content-wrapper\">\n\t\t\t\t\t\t\t\t\t<span class=\"elementor-button-text\">Acceder<\/span>\n\t\t\t\t\t<\/span>\n\t\t\t\t\t<\/a>\n\t\t\t\t<\/div>\n\t\t\t\t\t\t<\/div>\n\t\t\t\t<\/div>\n\t\t\t\t\t<\/div>\n\t\t\t\t<\/div>\n\t\t\t\t<div class=\"elementor-element elementor-element-3653593 elementor-widget elementor-widget-heading\" data-id=\"3653593\" data-element_type=\"widget\" data-widget_type=\"heading.default\">\n\t\t\t\t<div class=\"elementor-widget-container\">\n\t\t\t<h4 class=\"elementor-heading-title elementor-size-default\">Condiciones para la inscripci\u00f3n<\/h4>\t\t<\/div>\n\t\t\t\t<\/div>\n\t\t\t\t<div class=\"elementor-element elementor-element-2a97bbd elementor-widget elementor-widget-text-editor\" data-id=\"2a97bbd\" data-element_type=\"widget\" data-widget_type=\"text-editor.default\">\n\t\t\t\t<div class=\"elementor-widget-container\">\n\t\t\t\t\t\t\t<p>Los aspirantes que deseen inscribirse en el Registro de Aspirantes a Inspectores deber\u00e1n acompa\u00f1ar los antecedentes profesionales y\/o acad\u00e9micos que consideren pertinentes y acreditar los siguientes requisitos:<\/p><p>a) Haber ejercido la actividad notarial como titular o adscripto, durante un lapso no inferior a 10 a\u00f1os.<\/p><p>b) Acreditar condiciones f\u00edsicas e intelectuales.<\/p><p>c) No encontrarse sumariado ni haber sido sancionado con multa o apercibimiento en los \u00faltimos 5 a\u00f1os.<\/p><p>d) No registrar deuda con la Caja de Seguridad Social ni con el Colegio de Escribanos de la Provincia de Bs As.<\/p><p>e) No encontrarse comprendido en el r\u00e9gimen de inhabilidades.<\/p><p>Esta tarea es\u00a0<strong>incompatible<\/strong>\u00a0con el ejercicio del notariado; tambi\u00e9n con el cargo de consejero, miembro de Junta Ejecutiva y de Comisiones Asesoras permanentes, inspeccionar los Registros Notariales que tengan su sede en el mismo Distrito al que pertenece el inspector, participar en la pol\u00edtica electoral del Colegio o sus Delegaciones y presidir mesas electorales, ser veedores o miembros de la Junta Electoral.<\/p>\t\t\t\t\t\t<\/div>\n\t\t\t\t<\/div>\n\t\t\t\t\t<\/div>\n\t\t<\/div>\n\t\t\t\t\t<\/div>\n\t\t<\/section>\n\t\t\t\t<section class=\"elementor-section elementor-top-section elementor-element elementor-element-ea28943 elementor-section-boxed elementor-section-height-default elementor-section-height-default\" data-id=\"ea28943\" data-element_type=\"section\" data-settings=\"{&quot;background_background&quot;:&quot;classic&quot;}\">\n\t\t\t\t\t\t<div class=\"elementor-container elementor-column-gap-default\">\n\t\t\t\t\t<div class=\"elementor-column elementor-col-100 elementor-top-column elementor-element elementor-element-c2befc0\" data-id=\"c2befc0\" data-element_type=\"column\">\n\t\t\t<div class=\"elementor-widget-wrap elementor-element-populated\">\n\t\t\t\t\t\t<section class=\"elementor-section elementor-inner-section elementor-element elementor-element-4016b6d elementor-section-boxed elementor-section-height-default elementor-section-height-default elementor-invisible\" data-id=\"4016b6d\" data-element_type=\"section\" data-settings=\"{&quot;animation&quot;:&quot;slideInLeft&quot;}\">\n\t\t\t\t\t\t<div class=\"elementor-container elementor-column-gap-default\">\n\t\t\t\t\t<div class=\"elementor-column elementor-col-25 elementor-inner-column elementor-element elementor-element-3fd6649\" data-id=\"3fd6649\" data-element_type=\"column\">\n\t\t\t<div class=\"elementor-widget-wrap\">\n\t\t\t\t\t\t\t<\/div>\n\t\t<\/div>\n\t\t\t\t<div class=\"elementor-column elementor-col-25 elementor-inner-column elementor-element elementor-element-aa52f41\" data-id=\"aa52f41\" data-element_type=\"column\">\n\t\t\t<div class=\"elementor-widget-wrap elementor-element-populated\">\n\t\t\t\t\t\t<div class=\"elementor-element elementor-element-af5ce69 elementor-cta--valign-middle elementor-bg-transform elementor-bg-transform-zoom-out box-info elementor-cta--skin-classic elementor-animated-content elementor-widget elementor-widget-call-to-action\" data-id=\"af5ce69\" data-element_type=\"widget\" data-widget_type=\"call-to-action.default\">\n\t\t\t\t<div class=\"elementor-widget-container\">\n\t\t\t\t\t<a class=\"elementor-cta\" href=\"https:\/\/www.colescba.org.ar\/portal\/organismos\/inspeccion-general\/reglamento-inspeccion-general\">\n\t\t\t\t\t\t\t<div class=\"elementor-cta__content\">\n\t\t\t\t\n\t\t\t\t\t\t\t\t\t<h3 class=\"elementor-cta__title elementor-cta__content-item elementor-content-item\">\n\t\t\t\t\t\tReglamento de Inspecci\u00f3n General\t\t\t\t\t<\/h3>\n\t\t\t\t\n\t\t\t\t\n\t\t\t\t\t\t\t<\/div>\n\t\t\t\t\t\t<\/a>\n\t\t\t\t<\/div>\n\t\t\t\t<\/div>\n\t\t\t\t\t<\/div>\n\t\t<\/div>\n\t\t\t\t<div class=\"elementor-column elementor-col-25 elementor-inner-column elementor-element elementor-element-45d74e7\" data-id=\"45d74e7\" data-element_type=\"column\">\n\t\t\t<div class=\"elementor-widget-wrap elementor-element-populated\">\n\t\t\t\t\t\t<div class=\"elementor-element elementor-element-ccaedd9 elementor-cta--valign-middle elementor-bg-transform elementor-bg-transform-zoom-out box-info elementor-cta--skin-classic elementor-animated-content elementor-widget elementor-widget-call-to-action\" data-id=\"ccaedd9\" data-element_type=\"widget\" data-widget_type=\"call-to-action.default\">\n\t\t\t\t<div class=\"elementor-widget-container\">\n\t\t\t\t\t<a class=\"elementor-cta\" href=\"https:\/\/www.colescba.org.ar\/portal\/organismos\/inspeccion-general\/recomendaciones\">\n\t\t\t\t\t\t\t<div class=\"elementor-cta__content\">\n\t\t\t\t\n\t\t\t\t\t\t\t\t\t<h3 class=\"elementor-cta__title elementor-cta__content-item elementor-content-item\">\n\t\t\t\t\t\tRecomendaciones\t\t\t\t\t<\/h3>\n\t\t\t\t\n\t\t\t\t\n\t\t\t\t\t\t\t<\/div>\n\t\t\t\t\t\t\t<div class=\"elementor-ribbon elementor-ribbon-right\">\n\t\t\t\t<div class=\"elementor-ribbon-inner\">AUTOGESTI\u00d3N<\/div>\n\t\t\t<\/div>\n\t\t\t\t<\/a>\n\t\t\t\t<\/div>\n\t\t\t\t<\/div>\n\t\t\t\t\t<\/div>\n\t\t<\/div>\n\t\t\t\t<div class=\"elementor-column elementor-col-25 elementor-inner-column elementor-element elementor-element-282ceb5\" data-id=\"282ceb5\" data-element_type=\"column\">\n\t\t\t<div class=\"elementor-widget-wrap\">\n\t\t\t\t\t\t\t<\/div>\n\t\t<\/div>\n\t\t\t\t\t<\/div>\n\t\t<\/section>\n\t\t\t\t\t<\/div>\n\t\t<\/div>\n\t\t\t\t\t<\/div>\n\t\t<\/section>\n\t\t\t\t<section class=\"elementor-section elementor-top-section elementor-element elementor-element-1688a26 elementor-section-boxed elementor-section-height-default elementor-section-height-default\" data-id=\"1688a26\" data-element_type=\"section\" data-settings=\"{&quot;background_background&quot;:&quot;classic&quot;}\">\n\t\t\t\t\t\t<div class=\"elementor-container elementor-column-gap-wider\">\n\t\t\t\t\t<div class=\"elementor-column elementor-col-100 elementor-top-column elementor-element elementor-element-a411c23\" data-id=\"a411c23\" data-element_type=\"column\">\n\t\t\t<div class=\"elementor-widget-wrap elementor-element-populated\">\n\t\t\t\t\t\t<div class=\"elementor-element elementor-element-2985056 elementor-widget elementor-widget-heading\" data-id=\"2985056\" data-element_type=\"widget\" data-widget_type=\"heading.default\">\n\t\t\t\t<div class=\"elementor-widget-container\">\n\t\t\t<h3 class=\"elementor-heading-title elementor-size-default\">Datos \u00datiles<\/h3>\t\t<\/div>\n\t\t\t\t<\/div>\n\t\t\t\t<div class=\"elementor-element elementor-element-217ee6e elementor-align-left elementor-icon-list--layout-traditional elementor-list-item-link-full_width elementor-widget elementor-widget-icon-list\" data-id=\"217ee6e\" data-element_type=\"widget\" data-widget_type=\"icon-list.default\">\n\t\t\t\t<div class=\"elementor-widget-container\">\n\t\t\t\t\t<ul class=\"elementor-icon-list-items\">\n\t\t\t\t\t\t\t<li class=\"elementor-icon-list-item\">\n\t\t\t\t\t\t\t\t\t\t\t<span class=\"elementor-icon-list-icon\">\n\t\t\t\t\t\t\t<i aria-hidden=\"true\" class=\"fas fa-user\"><\/i>\t\t\t\t\t\t<\/span>\n\t\t\t\t\t\t\t\t\t\t<span class=\"elementor-icon-list-text\">Inspectora General: Paula Mariana Marello<\/span>\n\t\t\t\t\t\t\t\t\t<\/li>\n\t\t\t\t\t\t\t\t<li class=\"elementor-icon-list-item\">\n\t\t\t\t\t\t\t\t\t\t\t<span class=\"elementor-icon-list-icon\">\n\t\t\t\t\t\t\t<i aria-hidden=\"true\" class=\"fas fa-user\"><\/i>\t\t\t\t\t\t<\/span>\n\t\t\t\t\t\t\t\t\t\t<span class=\"elementor-icon-list-text\">Cuerpo de Inspectores: In\u00e9s Bulos; Mar\u00eda Cristina Catalano; Ramiro Hern\u00e1n Ceballos Depaoli; Silvia Elena Doratti; Diego Gargaglione Asorey; Julieta Glar\u00eda; Mar\u00eda Cristina Iglesias, Valeria Alejandra Lencina; Marta Catalina Loidi; Mar\u00eda Antonia Maggi; Luis Alberto Milani; Virginia Milani; Evangelina Moreno; Mariano Osvaldo N\u00e1poli; Mar\u00eda de los \u00c1ngeles Pablos; Selene Eva Posteraro S\u00e1nchez; Liliana Rodr\u00edguez Ferro; Mat\u00edas Scandroglio<\/span>\n\t\t\t\t\t\t\t\t\t<\/li>\n\t\t\t\t\t\t\t\t<li class=\"elementor-icon-list-item\">\n\t\t\t\t\t\t\t\t\t\t\t<span class=\"elementor-icon-list-icon\">\n\t\t\t\t\t\t\t<i aria-hidden=\"true\" class=\"fas fa-map-marker-alt\"><\/i>\t\t\t\t\t\t<\/span>\n\t\t\t\t\t\t\t\t\t\t<span class=\"elementor-icon-list-text\">Avenida 13 770, esquina 47, 7\u00ba Piso. La Plata (provincia de Buenos Aires)<\/span>\n\t\t\t\t\t\t\t\t\t<\/li>\n\t\t\t\t\t\t\t\t<li class=\"elementor-icon-list-item\">\n\t\t\t\t\t\t\t\t\t\t\t<span class=\"elementor-icon-list-icon\">\n\t\t\t\t\t\t\t<i aria-hidden=\"true\" class=\"fas fa-phone-alt\"><\/i>\t\t\t\t\t\t<\/span>\n\t\t\t\t\t\t\t\t\t\t<span class=\"elementor-icon-list-text\">(0221) 412-1813 o 412-1800 int. 1836<\/span>\n\t\t\t\t\t\t\t\t\t<\/li>\n\t\t\t\t\t\t\t\t<li class=\"elementor-icon-list-item\">\n\t\t\t\t\t\t\t\t\t\t\t<a href=\"mailto:inspectores@colescba.org.ar\">\n\n\t\t\t\t\t\t\t\t\t\t\t\t<span class=\"elementor-icon-list-icon\">\n\t\t\t\t\t\t\t<i aria-hidden=\"true\" class=\"fas fa-envelope\"><\/i>\t\t\t\t\t\t<\/span>\n\t\t\t\t\t\t\t\t\t\t<span class=\"elementor-icon-list-text\">inspectores@colescba.org.ar<\/span>\n\t\t\t\t\t\t\t\t\t\t\t<\/a>\n\t\t\t\t\t\t\t\t\t<\/li>\n\t\t\t\t\t\t\t\t<li class=\"elementor-icon-list-item\">\n\t\t\t\t\t\t\t\t\t\t\t<a href=\"mailto:saladelecturaaan@colescba.org.ar\">\n\n\t\t\t\t\t\t\t\t\t\t\t\t<span class=\"elementor-icon-list-icon\">\n\t\t\t\t\t\t\t<i aria-hidden=\"true\" class=\"fas fa-clock\"><\/i>\t\t\t\t\t\t<\/span>\n\t\t\t\t\t\t\t\t\t\t<span class=\"elementor-icon-list-text\"> 8 a 14 hs.<\/span>\n\t\t\t\t\t\t\t\t\t\t\t<\/a>\n\t\t\t\t\t\t\t\t\t<\/li>\n\t\t\t\t\t\t<\/ul>\n\t\t\t\t<\/div>\n\t\t\t\t<\/div>\n\t\t\t\t\t<\/div>\n\t\t<\/div>\n\t\t\t\t\t<\/div>\n\t\t<\/section>\n\t\t\t\t<\/div>\n\t\t","protected":false},"excerpt":{"rendered":"<p>Inspecci\u00f3n General El Departamento de Inspecci\u00f3n se encarga de inspeccionar los Registros Notariales para verificar el cumplimiento de las obligaciones relativas al pago de los aportes a la Caja de Seguridad Social y verificar el cumplimiento de las normas jur\u00eddicas que reglan el ejercicio de la funci\u00f3n notarial. La figura del inspector de aportes notariales [&hellip;]<\/p>\n","protected":false},"author":1,"featured_media":11814,"parent":971,"menu_order":0,"comment_status":"closed","ping_status":"closed","template":"","meta":{"footnotes":""},"class_list":["post-1059","page","type-page","status-publish","has-post-thumbnail","hentry"],"acf":[],"_links":{"self":[{"href":"https:\/\/www.colescba.org.ar\/portal\/wp-json\/wp\/v2\/pages\/1059","targetHints":{"allow":["GET"]}}],"collection":[{"href":"https:\/\/www.colescba.org.ar\/portal\/wp-json\/wp\/v2\/pages"}],"about":[{"href":"https:\/\/www.colescba.org.ar\/portal\/wp-json\/wp\/v2\/types\/page"}],"author":[{"embeddable":true,"href":"https:\/\/www.colescba.org.ar\/portal\/wp-json\/wp\/v2\/users\/1"}],"replies":[{"embeddable":true,"href":"https:\/\/www.colescba.org.ar\/portal\/wp-json\/wp\/v2\/comments?post=1059"}],"version-history":[{"count":90,"href":"https:\/\/www.colescba.org.ar\/portal\/wp-json\/wp\/v2\/pages\/1059\/revisions"}],"predecessor-version":[{"id":60439,"href":"https:\/\/www.colescba.org.ar\/portal\/wp-json\/wp\/v2\/pages\/1059\/revisions\/60439"}],"up":[{"embeddable":true,"href":"https:\/\/www.colescba.org.ar\/portal\/wp-json\/wp\/v2\/pages\/971"}],"wp:featuredmedia":[{"embeddable":true,"href":"https:\/\/www.colescba.org.ar\/portal\/wp-json\/wp\/v2\/media\/11814"}],"wp:attachment":[{"href":"https:\/\/www.colescba.org.ar\/portal\/wp-json\/wp\/v2\/media?parent=1059"}],"curies":[{"name":"wp","href":"https:\/\/api.w.org\/{rel}","templated":true}]}}