{"id":1627,"date":"2022-02-09T13:41:52","date_gmt":"2022-02-09T13:41:52","guid":{"rendered":"https:\/\/www.colescba.org.ar\/portal\/?page_id=1627"},"modified":"2024-07-31T13:20:13","modified_gmt":"2024-07-31T16:20:13","slug":"testamento","status":"publish","type":"page","link":"https:\/\/www.colescba.org.ar\/portal\/comunidad\/tramites\/testamento","title":{"rendered":"Testamento"},"content":{"rendered":"\t\t<div data-elementor-type=\"wp-page\" data-elementor-id=\"1627\" class=\"elementor elementor-1627\" data-elementor-post-type=\"page\">\n\t\t\t\t\t\t<section class=\"elementor-section elementor-top-section elementor-element elementor-element-7a3c3cb elementor-section-full_width elementor-section-height-default elementor-section-height-default\" data-id=\"7a3c3cb\" data-element_type=\"section\" data-settings=\"{&quot;background_background&quot;:&quot;classic&quot;}\">\n\t\t\t\t\t\t<div class=\"elementor-container elementor-column-gap-default\">\n\t\t\t\t\t<div class=\"elementor-column elementor-col-100 elementor-top-column elementor-element elementor-element-af0d0c2\" data-id=\"af0d0c2\" data-element_type=\"column\">\n\t\t\t<div class=\"elementor-widget-wrap elementor-element-populated\">\n\t\t\t\t\t\t<div class=\"elementor-element elementor-element-bc45541 elementor-widget elementor-widget-heading\" data-id=\"bc45541\" data-element_type=\"widget\" data-widget_type=\"heading.default\">\n\t\t\t\t<div class=\"elementor-widget-container\">\n\t\t\t<h1 class=\"elementor-heading-title elementor-size-default\">Testamento<\/h1>\t\t<\/div>\n\t\t\t\t<\/div>\n\t\t\t\t\t<\/div>\n\t\t<\/div>\n\t\t\t\t\t<\/div>\n\t\t<\/section>\n\t\t\t\t<section class=\"elementor-section elementor-top-section elementor-element elementor-element-19fe5c3 elementor-section-boxed elementor-section-height-default elementor-section-height-default\" data-id=\"19fe5c3\" data-element_type=\"section\" data-settings=\"{&quot;background_background&quot;:&quot;classic&quot;,&quot;animation&quot;:&quot;none&quot;}\">\n\t\t\t\t\t\t<div class=\"elementor-container elementor-column-gap-default\">\n\t\t\t\t\t<div class=\"elementor-column elementor-col-100 elementor-top-column elementor-element elementor-element-8a0e9b2\" data-id=\"8a0e9b2\" data-element_type=\"column\">\n\t\t\t<div class=\"elementor-widget-wrap elementor-element-populated\">\n\t\t\t\t\t\t<section class=\"elementor-section elementor-inner-section elementor-element elementor-element-45485ba elementor-section-boxed elementor-section-height-default elementor-section-height-default\" data-id=\"45485ba\" data-element_type=\"section\">\n\t\t\t\t\t\t<div class=\"elementor-container elementor-column-gap-wider\">\n\t\t\t\t\t<div class=\"elementor-column elementor-col-50 elementor-inner-column elementor-element elementor-element-a58134d\" data-id=\"a58134d\" data-element_type=\"column\">\n\t\t\t<div class=\"elementor-widget-wrap elementor-element-populated\">\n\t\t\t\t\t\t<div class=\"elementor-element elementor-element-d680326 elementor-widget elementor-widget-heading\" data-id=\"d680326\" data-element_type=\"widget\" data-widget_type=\"heading.default\">\n\t\t\t\t<div class=\"elementor-widget-container\">\n\t\t\t<h2 class=\"elementor-heading-title elementor-size-default\">Testamento<\/h2>\t\t<\/div>\n\t\t\t\t<\/div>\n\t\t\t\t<div class=\"elementor-element elementor-element-087b44f elementor-widget elementor-widget-heading\" data-id=\"087b44f\" data-element_type=\"widget\" data-widget_type=\"heading.default\">\n\t\t\t\t<div class=\"elementor-widget-container\">\n\t\t\t<p class=\"elementor-heading-title elementor-size-default\">\u00bfSab\u00edas que pod\u00e9s otorgar un testamento, y as\u00ed planificar y decidir para despu\u00e9s de tu muerte sobre el destino de tus bienes, entre otras cuestiones? El testamento es la forma legal de plasmar por escrito tu \u00faltima voluntad.<\/p>\t\t<\/div>\n\t\t\t\t<\/div>\n\t\t\t\t<div class=\"elementor-element elementor-element-8c555ea elementor-widget elementor-widget-text-editor\" data-id=\"8c555ea\" data-element_type=\"widget\" data-widget_type=\"text-editor.default\">\n\t\t\t\t<div class=\"elementor-widget-container\">\n\t\t\t\t\t\t\t<p>En nuestro pa\u00eds, la legislaci\u00f3n garantiza a los herederos forzosos, es decir a los descendientes, ascendientes y c\u00f3nyuge, una porci\u00f3n de los bienes del fallecido, llamada \u201cleg\u00edtima\u201d, de la que no pueden ser privados, salvo casos especiales. Mas all\u00e1 de la legitima, existe una porci\u00f3n de los bienes de la que el testador puede disponer para quien estime conveniente, pudiendo por ejemplo mejorar al heredero con discapacidad.<\/p>\t\t\t\t\t\t<\/div>\n\t\t\t\t<\/div>\n\t\t\t\t\t<\/div>\n\t\t<\/div>\n\t\t\t\t<div class=\"elementor-column elementor-col-50 elementor-inner-column elementor-element elementor-element-f2af96e\" data-id=\"f2af96e\" data-element_type=\"column\">\n\t\t\t<div class=\"elementor-widget-wrap elementor-element-populated\">\n\t\t\t\t\t\t<div class=\"elementor-element elementor-element-bdf14f9 elementor-widget elementor-widget-image\" data-id=\"bdf14f9\" data-element_type=\"widget\" data-widget_type=\"image.default\">\n\t\t\t\t<div class=\"elementor-widget-container\">\n\t\t\t\t\t\t\t\t\t\t\t\t\t<img fetchpriority=\"high\" decoding=\"async\" width=\"768\" height=\"512\" src=\"https:\/\/www.colescba.org.ar\/portal\/wp-content\/uploads\/2022\/02\/aged-couple-of-pensioners-talking-with-employee-768x512.jpg\" class=\"attachment-medium_large size-medium_large wp-image-1646\" alt=\"Testamento\" srcset=\"https:\/\/www.colescba.org.ar\/portal\/wp-content\/uploads\/2022\/02\/aged-couple-of-pensioners-talking-with-employee-768x512.jpg 768w, https:\/\/www.colescba.org.ar\/portal\/wp-content\/uploads\/2022\/02\/aged-couple-of-pensioners-talking-with-employee-300x200.jpg 300w, https:\/\/www.colescba.org.ar\/portal\/wp-content\/uploads\/2022\/02\/aged-couple-of-pensioners-talking-with-employee-1024x683.jpg 1024w, https:\/\/www.colescba.org.ar\/portal\/wp-content\/uploads\/2022\/02\/aged-couple-of-pensioners-talking-with-employee-1536x1024.jpg 1536w, https:\/\/www.colescba.org.ar\/portal\/wp-content\/uploads\/2022\/02\/aged-couple-of-pensioners-talking-with-employee-2048x1365.jpg 2048w\" sizes=\"(max-width: 768px) 100vw, 768px\" \/>\t\t\t\t\t\t\t\t\t\t\t\t\t<\/div>\n\t\t\t\t<\/div>\n\t\t\t\t\t<\/div>\n\t\t<\/div>\n\t\t\t\t\t<\/div>\n\t\t<\/section>\n\t\t\t\t\t<\/div>\n\t\t<\/div>\n\t\t\t\t\t<\/div>\n\t\t<\/section>\n\t\t\t\t<section class=\"elementor-section elementor-top-section elementor-element elementor-element-d03af15 elementor-section-boxed elementor-section-height-default elementor-section-height-default\" data-id=\"d03af15\" data-element_type=\"section\" data-settings=\"{&quot;animation&quot;:&quot;none&quot;,&quot;background_background&quot;:&quot;classic&quot;}\">\n\t\t\t\t\t\t<div class=\"elementor-container elementor-column-gap-wider\">\n\t\t\t\t\t<div class=\"elementor-column elementor-col-50 elementor-top-column elementor-element elementor-element-eac8b81\" data-id=\"eac8b81\" data-element_type=\"column\">\n\t\t\t<div class=\"elementor-widget-wrap elementor-element-populated\">\n\t\t\t\t\t\t<div class=\"elementor-element elementor-element-61f24ab elementor-widget elementor-widget-heading\" data-id=\"61f24ab\" data-element_type=\"widget\" data-widget_type=\"heading.default\">\n\t\t\t\t<div class=\"elementor-widget-container\">\n\t\t\t<h3 class=\"elementor-heading-title elementor-size-default\">\u00bfC\u00f3mo se instrumentan?<\/h3>\t\t<\/div>\n\t\t\t\t<\/div>\n\t\t\t\t<div class=\"elementor-element elementor-element-f3075af elementor-widget elementor-widget-text-editor\" data-id=\"f3075af\" data-element_type=\"widget\" data-widget_type=\"text-editor.default\">\n\t\t\t\t<div class=\"elementor-widget-container\">\n\t\t\t\t\t\t\t<p>El testamento se otorga \u00fanicamente de manera personal e individual, y siempre de forma escrita.<span style=\"color: var( --e-global-color-b9d8027 ); font-family: var( --e-global-typography-text-font-family ), Sans-serif; font-weight: var( --e-global-typography-text-font-weight );\">\u00a0Existen dos maneras:<\/span><\/p><ul><li><strong>Ol\u00f3grafo:<\/strong> redactado de pu\u00f1o y letra por el testador, con su firma y fecha.<\/li><li><strong>Escritura P\u00fablica:<\/strong> ante un escribano y dos testigos. De este modo el testador cuenta con el asesoramiento profesional del escribano quien le brindar\u00e1 absoluta privacidad, garantizando la inalterabilidad y la integridad del instrumento y evitando los riesgos de una posible p\u00e9rdida o sustracci\u00f3n.<\/li><\/ul><p>\u00a0<\/p><p><strong>En ambos casos deben inscribirse en el Registro de Testamentos del Colegio de Escribanos.<\/strong><\/p>\t\t\t\t\t\t<\/div>\n\t\t\t\t<\/div>\n\t\t\t\t\t<\/div>\n\t\t<\/div>\n\t\t\t\t<div class=\"elementor-column elementor-col-50 elementor-top-column elementor-element elementor-element-0dc2013\" data-id=\"0dc2013\" data-element_type=\"column\">\n\t\t\t<div class=\"elementor-widget-wrap elementor-element-populated\">\n\t\t\t\t\t\t<div class=\"elementor-element elementor-element-b5fa7a9 elementor-widget elementor-widget-heading\" data-id=\"b5fa7a9\" data-element_type=\"widget\" data-widget_type=\"heading.default\">\n\t\t\t\t<div class=\"elementor-widget-container\">\n\t\t\t<h3 class=\"elementor-heading-title elementor-size-default\">Record\u00e1<\/h3>\t\t<\/div>\n\t\t\t\t<\/div>\n\t\t\t\t<div class=\"elementor-element elementor-element-f1b2089 elementor-widget elementor-widget-text-editor\" data-id=\"f1b2089\" data-element_type=\"widget\" data-widget_type=\"text-editor.default\">\n\t\t\t\t<div class=\"elementor-widget-container\">\n\t\t\t\t\t\t\t<p><strong>Es revocable<\/strong>. El testador puede dejarlo sin efecto o modificarlo cuantas veces crea conveniente.<\/p><p>Adem\u00e1s produce efectos despu\u00e9s del fallecimiento del testador.<\/p>\t\t\t\t\t\t<\/div>\n\t\t\t\t<\/div>\n\t\t\t\t\t<\/div>\n\t\t<\/div>\n\t\t\t\t\t<\/div>\n\t\t<\/section>\n\t\t\t\t<\/div>\n\t\t","protected":false},"excerpt":{"rendered":"<p>Testamento Testamento \u00bfSab\u00edas que pod\u00e9s otorgar un testamento, y as\u00ed planificar y decidir para despu\u00e9s de tu muerte sobre el destino de tus bienes, entre otras cuestiones? El testamento es la forma legal de plasmar por escrito tu \u00faltima voluntad. En nuestro pa\u00eds, la legislaci\u00f3n garantiza a los herederos forzosos, es decir a los descendientes, [&hellip;]<\/p>\n","protected":false},"author":3,"featured_media":11814,"parent":2152,"menu_order":0,"comment_status":"closed","ping_status":"closed","template":"","meta":{"footnotes":""},"class_list":["post-1627","page","type-page","status-publish","has-post-thumbnail","hentry"],"acf":[],"_links":{"self":[{"href":"https:\/\/www.colescba.org.ar\/portal\/wp-json\/wp\/v2\/pages\/1627","targetHints":{"allow":["GET"]}}],"collection":[{"href":"https:\/\/www.colescba.org.ar\/portal\/wp-json\/wp\/v2\/pages"}],"about":[{"href":"https:\/\/www.colescba.org.ar\/portal\/wp-json\/wp\/v2\/types\/page"}],"author":[{"embeddable":true,"href":"https:\/\/www.colescba.org.ar\/portal\/wp-json\/wp\/v2\/users\/3"}],"replies":[{"embeddable":true,"href":"https:\/\/www.colescba.org.ar\/portal\/wp-json\/wp\/v2\/comments?post=1627"}],"version-history":[{"count":182,"href":"https:\/\/www.colescba.org.ar\/portal\/wp-json\/wp\/v2\/pages\/1627\/revisions"}],"predecessor-version":[{"id":7722,"href":"https:\/\/www.colescba.org.ar\/portal\/wp-json\/wp\/v2\/pages\/1627\/revisions\/7722"}],"up":[{"embeddable":true,"href":"https:\/\/www.colescba.org.ar\/portal\/wp-json\/wp\/v2\/pages\/2152"}],"wp:featuredmedia":[{"embeddable":true,"href":"https:\/\/www.colescba.org.ar\/portal\/wp-json\/wp\/v2\/media\/11814"}],"wp:attachment":[{"href":"https:\/\/www.colescba.org.ar\/portal\/wp-json\/wp\/v2\/media?parent=1627"}],"curies":[{"name":"wp","href":"https:\/\/api.w.org\/{rel}","templated":true}]}}