{"id":1952,"date":"2022-02-10T20:56:52","date_gmt":"2022-02-10T20:56:52","guid":{"rendered":"https:\/\/www.colescba.org.ar\/portal\/?page_id=1952"},"modified":"2026-01-19T15:03:20","modified_gmt":"2026-01-19T18:03:20","slug":"subsidio-complementario","status":"publish","type":"page","link":"https:\/\/www.colescba.org.ar\/portal\/caja-seguridad-social\/salud\/subsidio-complementario","title":{"rendered":"Subsidio complementario"},"content":{"rendered":"\t\t<div data-elementor-type=\"wp-page\" data-elementor-id=\"1952\" class=\"elementor elementor-1952\" data-elementor-post-type=\"page\">\n\t\t\t\t\t\t<section class=\"elementor-section elementor-top-section elementor-element elementor-element-ee68e88 elementor-section-boxed elementor-section-height-default elementor-section-height-default\" data-id=\"ee68e88\" data-element_type=\"section\">\n\t\t\t\t\t\t\t<div class=\"elementor-background-overlay\"><\/div>\n\t\t\t\t\t\t\t<div class=\"elementor-container elementor-column-gap-default\">\n\t\t\t\t\t<div class=\"elementor-column elementor-col-100 elementor-top-column elementor-element elementor-element-13ca89f\" data-id=\"13ca89f\" data-element_type=\"column\">\n\t\t\t<div class=\"elementor-widget-wrap elementor-element-populated\">\n\t\t\t\t\t\t<section class=\"elementor-section elementor-inner-section elementor-element elementor-element-7f76db0 elementor-section-boxed elementor-section-height-default elementor-section-height-default\" data-id=\"7f76db0\" data-element_type=\"section\">\n\t\t\t\t\t\t<div class=\"elementor-container elementor-column-gap-default\">\n\t\t\t\t\t<div class=\"elementor-column elementor-col-100 elementor-inner-column elementor-element elementor-element-9f2a7de\" data-id=\"9f2a7de\" data-element_type=\"column\">\n\t\t\t<div class=\"elementor-widget-wrap elementor-element-populated\">\n\t\t\t\t\t\t<div class=\"elementor-element elementor-element-d17b3e6 elementor-widget elementor-widget-heading\" data-id=\"d17b3e6\" data-element_type=\"widget\" data-widget_type=\"heading.default\">\n\t\t\t\t<div class=\"elementor-widget-container\">\n\t\t\t<h1 class=\"elementor-heading-title elementor-size-default\">Subsidio complementario<\/h1>\t\t<\/div>\n\t\t\t\t<\/div>\n\t\t\t\t\t<\/div>\n\t\t<\/div>\n\t\t\t\t\t<\/div>\n\t\t<\/section>\n\t\t\t\t\t<\/div>\n\t\t<\/div>\n\t\t\t\t\t<\/div>\n\t\t<\/section>\n\t\t\t\t<section class=\"elementor-section elementor-top-section elementor-element elementor-element-3c6354e elementor-section-boxed elementor-section-height-default elementor-section-height-default\" data-id=\"3c6354e\" data-element_type=\"section\">\n\t\t\t\t\t\t<div class=\"elementor-container elementor-column-gap-wider\">\n\t\t\t\t\t<div class=\"elementor-column elementor-col-50 elementor-top-column elementor-element elementor-element-7c2c6f2\" data-id=\"7c2c6f2\" data-element_type=\"column\">\n\t\t\t<div class=\"elementor-widget-wrap elementor-element-populated\">\n\t\t\t\t\t\t<div class=\"elementor-element elementor-element-4b5550e elementor-widget elementor-widget-heading\" data-id=\"4b5550e\" data-element_type=\"widget\" data-widget_type=\"heading.default\">\n\t\t\t\t<div class=\"elementor-widget-container\">\n\t\t\t<h2 class=\"elementor-heading-title elementor-size-default\">Esta cobertura, si bien fue creada originalmente para pacientes psiqui\u00e1tricos cr\u00f3nicos, luego fue ampliando el espectro de la misma a quienes padecen enfermedades cr\u00f3nicas que generan discapacidad moderada hasta severa. <\/h2>\t\t<\/div>\n\t\t\t\t<\/div>\n\t\t\t\t\t<\/div>\n\t\t<\/div>\n\t\t\t\t<div class=\"elementor-column elementor-col-50 elementor-top-column elementor-element elementor-element-f320cd5\" data-id=\"f320cd5\" data-element_type=\"column\">\n\t\t\t<div class=\"elementor-widget-wrap elementor-element-populated\">\n\t\t\t\t\t\t<div class=\"elementor-element elementor-element-0124260 elementor-widget elementor-widget-text-editor\" data-id=\"0124260\" data-element_type=\"widget\" data-widget_type=\"text-editor.default\">\n\t\t\t\t<div class=\"elementor-widget-container\">\n\t\t\t\t\t\t\t<p>Brinda cobertura a los recursos espec\u00edficos destinados a tratar a estos pacientes (est\u00e1 exclu\u00eddo cualquier otro consumo que no est\u00e9 estrictamente ligado a esta situaci\u00f3n), quedando incluidos seg\u00fan el caso:<\/p><ul><li>Sesiones de psicolog\u00eda y\/o psiquiatr\u00eda<\/li><li>Psicopedagog\u00eda<\/li><li>Fonoaudiolog\u00eda<br \/>Hospitales de media jornada o jornada completa<\/li><li>Acompa\u00f1antes terap\u00e9uticos debidamente acreditados<\/li><li>Rehabilitaci\u00f3n f\u00edsica especial<br \/>Educaci\u00f3n especial (escuelas especializadas o maestras integradoras)<\/li><li>Sistemas de rehabilitaci\u00f3n de drogadependencia, etc.<\/li><li>Para aquellos afiliados que vivan en una localidad no cubierta por servicios de ambulancias convenida, se reconocer\u00e1 el abono mensual por la contrataci\u00f3n del servicio de ambulancias. El monto tope de cobertura mensual ser\u00e1 el de una consulta m\u00e9dica a domicilio.<\/li><\/ul><p>\u00a0<\/p><p>Quedan excluidos:<\/p><ul><li>Transportes escolares<\/li><li>Cuotas sociales<\/li><li>Comedores escolares<\/li><\/ul><p>\u00a0<\/p>\t\t\t\t\t\t<\/div>\n\t\t\t\t<\/div>\n\t\t\t\t\t<\/div>\n\t\t<\/div>\n\t\t\t\t\t<\/div>\n\t\t<\/section>\n\t\t\t\t<section class=\"elementor-section elementor-top-section elementor-element elementor-element-3f18990 elementor-section-boxed elementor-section-height-default elementor-section-height-default\" data-id=\"3f18990\" data-element_type=\"section\" data-settings=\"{&quot;background_background&quot;:&quot;classic&quot;}\">\n\t\t\t\t\t\t<div class=\"elementor-container elementor-column-gap-wider\">\n\t\t\t\t\t<div class=\"elementor-column elementor-col-50 elementor-top-column elementor-element elementor-element-1dfde99\" data-id=\"1dfde99\" data-element_type=\"column\">\n\t\t\t<div class=\"elementor-widget-wrap elementor-element-populated\">\n\t\t\t\t\t\t<div class=\"elementor-element elementor-element-38d930d elementor-widget elementor-widget-text-editor\" data-id=\"38d930d\" data-element_type=\"widget\" data-widget_type=\"text-editor.default\">\n\t\t\t\t<div class=\"elementor-widget-container\">\n\t\t\t\t\t\t\t<p>A partir del 1 de enero de 2019, la prestaci\u00f3n brindada por parte del profesional que documente la mencionada especializaci\u00f3n mediante el env\u00edo de su Curriculum Vitae abreviado, tendr\u00e1 un reconocimiento de hasta 2,5 veces del valor de referencia para sus hom\u00f3nimos en el resto del sistema.<br \/>Todos estos recursos pueden ser utilizados por el beneficiario sin l\u00edmite de n\u00famero y se reintegran hasta el l\u00edmite m\u00e1ximo vigente para cada prestaci\u00f3n. Durante el per\u00edodo de cobertura, la Caja reconoce un monto m\u00e1ximo fijo mensual, el que puede ser considerado en forma acumulativa a lo largo del a\u00f1o calendario hasta un tope anual. Esto significa que si en los primeros meses del a\u00f1o no ha alcanzado el l\u00edmite m\u00e1ximo de gasto, ese remanente puede ser utilizado en los meses posteriores. Ambos valores m\u00e1ximos son fijados por resoluci\u00f3n del Consejo Directivo.<\/p>\t\t\t\t\t\t<\/div>\n\t\t\t\t<\/div>\n\t\t\t\t\t<\/div>\n\t\t<\/div>\n\t\t\t\t<div class=\"elementor-column elementor-col-50 elementor-top-column elementor-element elementor-element-f7c7e68\" data-id=\"f7c7e68\" data-element_type=\"column\">\n\t\t\t<div class=\"elementor-widget-wrap elementor-element-populated\">\n\t\t\t\t\t\t<div class=\"elementor-element elementor-element-4afd89d elementor-widget elementor-widget-text-editor\" data-id=\"4afd89d\" data-element_type=\"widget\" data-widget_type=\"text-editor.default\">\n\t\t\t\t<div class=\"elementor-widget-container\">\n\t\t\t\t\t\t\t<p>Requisitos para acceder a esta cobertura:<\/p><ol type=\"a\"><li>Presentar la solicitud mediante un pedido formal, acompa\u00f1ada de todos los antecedentes m\u00e9dico e historia cl\u00ednica que avalen la situaci\u00f3n m\u00e9dica del paciente.<\/li><li>A la solicitud deber\u00e1 adjuntar un Plan de Trabajo Anual, donde se explique quienes son los profesionales que van a intervenir y cu\u00e1les las tareas a realizar.<\/li><li>Ser\u00e1 necesario adem\u00e1s, documentar el entrenamiento profesional en tratar la patolog\u00eda del beneficiario, mediante presentaci\u00f3n de un Curriculum Vitae abreviado.<\/li><li>La Asesor\u00eda M\u00e9dica determinar\u00e1 la frecuencia con la que deber\u00e1 actualizar la propuesta terap\u00e9utica o plan de trabajo.<\/li><\/ol>\t\t\t\t\t\t<\/div>\n\t\t\t\t<\/div>\n\t\t\t\t\t<\/div>\n\t\t<\/div>\n\t\t\t\t\t<\/div>\n\t\t<\/section>\n\t\t\t\t<\/div>\n\t\t","protected":false},"excerpt":{"rendered":"<p>Subsidio complementario Esta cobertura, si bien fue creada originalmente para pacientes psiqui\u00e1tricos cr\u00f3nicos, luego fue ampliando el espectro de la misma a quienes padecen enfermedades cr\u00f3nicas que generan discapacidad moderada hasta severa. Brinda cobertura a los recursos espec\u00edficos destinados a tratar a estos pacientes (est\u00e1 exclu\u00eddo cualquier otro consumo que no est\u00e9 estrictamente ligado a [&hellip;]<\/p>\n","protected":false},"author":1,"featured_media":11814,"parent":1786,"menu_order":0,"comment_status":"closed","ping_status":"closed","template":"","meta":{"footnotes":""},"class_list":["post-1952","page","type-page","status-publish","has-post-thumbnail","hentry"],"acf":[],"_links":{"self":[{"href":"https:\/\/www.colescba.org.ar\/portal\/wp-json\/wp\/v2\/pages\/1952","targetHints":{"allow":["GET"]}}],"collection":[{"href":"https:\/\/www.colescba.org.ar\/portal\/wp-json\/wp\/v2\/pages"}],"about":[{"href":"https:\/\/www.colescba.org.ar\/portal\/wp-json\/wp\/v2\/types\/page"}],"author":[{"embeddable":true,"href":"https:\/\/www.colescba.org.ar\/portal\/wp-json\/wp\/v2\/users\/1"}],"replies":[{"embeddable":true,"href":"https:\/\/www.colescba.org.ar\/portal\/wp-json\/wp\/v2\/comments?post=1952"}],"version-history":[{"count":15,"href":"https:\/\/www.colescba.org.ar\/portal\/wp-json\/wp\/v2\/pages\/1952\/revisions"}],"predecessor-version":[{"id":60873,"href":"https:\/\/www.colescba.org.ar\/portal\/wp-json\/wp\/v2\/pages\/1952\/revisions\/60873"}],"up":[{"embeddable":true,"href":"https:\/\/www.colescba.org.ar\/portal\/wp-json\/wp\/v2\/pages\/1786"}],"wp:featuredmedia":[{"embeddable":true,"href":"https:\/\/www.colescba.org.ar\/portal\/wp-json\/wp\/v2\/media\/11814"}],"wp:attachment":[{"href":"https:\/\/www.colescba.org.ar\/portal\/wp-json\/wp\/v2\/media?parent=1952"}],"curies":[{"name":"wp","href":"https:\/\/api.w.org\/{rel}","templated":true}]}}