{"id":2112,"date":"2022-02-11T15:48:15","date_gmt":"2022-02-11T15:48:15","guid":{"rendered":"https:\/\/www.colescba.org.ar\/portal\/?page_id=2112"},"modified":"2024-07-31T13:32:34","modified_gmt":"2024-07-31T16:32:34","slug":"otros-organismos","status":"publish","type":"page","link":"https:\/\/www.colescba.org.ar\/portal\/organismos\/otros-organismos","title":{"rendered":"Otros organismos"},"content":{"rendered":"\t\t<div data-elementor-type=\"wp-page\" data-elementor-id=\"2112\" class=\"elementor elementor-2112\" data-elementor-post-type=\"page\">\n\t\t\t\t\t\t<section class=\"elementor-section elementor-top-section elementor-element elementor-element-8c30631 elementor-section-boxed elementor-section-height-default elementor-section-height-default\" data-id=\"8c30631\" data-element_type=\"section\">\n\t\t\t\t\t\t\t<div class=\"elementor-background-overlay\"><\/div>\n\t\t\t\t\t\t\t<div class=\"elementor-container elementor-column-gap-default\">\n\t\t\t\t\t<div class=\"elementor-column elementor-col-100 elementor-top-column elementor-element elementor-element-932ccb0\" data-id=\"932ccb0\" data-element_type=\"column\">\n\t\t\t<div class=\"elementor-widget-wrap elementor-element-populated\">\n\t\t\t\t\t\t<section class=\"elementor-section elementor-inner-section elementor-element elementor-element-e58bcdf elementor-section-boxed elementor-section-height-default elementor-section-height-default\" data-id=\"e58bcdf\" data-element_type=\"section\">\n\t\t\t\t\t\t<div class=\"elementor-container elementor-column-gap-default\">\n\t\t\t\t\t<div class=\"elementor-column elementor-col-100 elementor-inner-column elementor-element elementor-element-99eb9fd\" data-id=\"99eb9fd\" data-element_type=\"column\">\n\t\t\t<div class=\"elementor-widget-wrap elementor-element-populated\">\n\t\t\t\t\t\t<div class=\"elementor-element elementor-element-26c898b elementor-widget elementor-widget-heading\" data-id=\"26c898b\" data-element_type=\"widget\" data-widget_type=\"heading.default\">\n\t\t\t\t<div class=\"elementor-widget-container\">\n\t\t\t<h1 class=\"elementor-heading-title elementor-size-default\">Otros organismos<\/h1>\t\t<\/div>\n\t\t\t\t<\/div>\n\t\t\t\t\t<\/div>\n\t\t<\/div>\n\t\t\t\t\t<\/div>\n\t\t<\/section>\n\t\t\t\t\t<\/div>\n\t\t<\/div>\n\t\t\t\t\t<\/div>\n\t\t<\/section>\n\t\t\t\t<section class=\"elementor-section elementor-top-section elementor-element elementor-element-50b8b42 elementor-section-boxed elementor-section-height-default elementor-section-height-default\" data-id=\"50b8b42\" data-element_type=\"section\">\n\t\t\t\t\t\t<div class=\"elementor-container elementor-column-gap-default\">\n\t\t\t\t\t<div class=\"elementor-column elementor-col-100 elementor-top-column elementor-element elementor-element-862a6d4\" data-id=\"862a6d4\" data-element_type=\"column\">\n\t\t\t<div class=\"elementor-widget-wrap elementor-element-populated\">\n\t\t\t\t\t\t<div class=\"elementor-element elementor-element-dbb987c elementor-widget elementor-widget-heading\" data-id=\"dbb987c\" data-element_type=\"widget\" data-widget_type=\"heading.default\">\n\t\t\t\t<div class=\"elementor-widget-container\">\n\t\t\t<h2 class=\"elementor-heading-title elementor-size-default\">DPPJ - Evite Vistas<\/h2>\t\t<\/div>\n\t\t\t\t<\/div>\n\t\t\t\t<div class=\"elementor-element elementor-element-92dd681 elementor-widget elementor-widget-toggle\" data-id=\"92dd681\" data-element_type=\"widget\" data-widget_type=\"toggle.default\">\n\t\t\t\t<div class=\"elementor-widget-container\">\n\t\t\t\t\t<div class=\"elementor-toggle\">\n\t\t\t\t\t\t\t<div class=\"elementor-toggle-item\">\n\t\t\t\t\t<div id=\"elementor-tab-title-1531\" class=\"elementor-tab-title\" data-tab=\"1\" role=\"button\" aria-controls=\"elementor-tab-content-1531\" aria-expanded=\"false\">\n\t\t\t\t\t\t\t\t\t\t\t\t<span class=\"elementor-toggle-icon elementor-toggle-icon-right\" aria-hidden=\"true\">\n\t\t\t\t\t\t\t\t\t\t\t\t\t\t\t<span class=\"elementor-toggle-icon-closed\"><i class=\"fas fa-plus\"><\/i><\/span>\n\t\t\t\t\t\t\t\t<span class=\"elementor-toggle-icon-opened\"><i class=\"elementor-toggle-icon-opened fas fa-minus\"><\/i><\/span>\n\t\t\t\t\t\t\t\t\t\t\t\t\t<\/span>\n\t\t\t\t\t\t\t\t\t\t\t\t<a class=\"elementor-toggle-title\" tabindex=\"0\">SEDE SOCIAL:<\/a>\n\t\t\t\t\t<\/div>\n\n\t\t\t\t\t<div id=\"elementor-tab-content-1531\" class=\"elementor-tab-content elementor-clearfix\" data-tab=\"1\" role=\"region\" aria-labelledby=\"elementor-tab-title-1531\"><ul><li>Al determinar la sede social debe indicarse expresamente localidad, partido y provincia, consignando dichos datos en el instrumento respectivo.<\/li><li>Si la sede social se incorpora en el articulado del estatuto, su cambio implicar\u00e1 reforma estatutaria. Por ello se aconseja poner solo la jurisdicci\u00f3n de la Provincia de Buenos Aires por cl\u00e1usula estatutaria y consignar la sede social en el acta constitutiva. Verificar que no haya contradicci\u00f3n entre lo establecido en el estatuto con aquello consignado en el acta constitutiva.<\/li><li>La comunicaci\u00f3n del cambio de la sede social debe efectuarse dentro del plazo de veinte (20) d\u00edas de producido el mismo, conforme el art\u00edculo 88 de la Disposici\u00f3n 45\/2015.<\/li><li>En caso de que la comunicaci\u00f3n del cambio de sede social se realice con posterioridad a dicho plazo, para la continuidad del tr\u00e1mite bastar\u00e1 con una nota firmada por el representante legal por la que se ratifique la decisi\u00f3n de modificar la sede social. (Art\u00edculo 5 Disposici\u00f3n DPPJ 51\/2016).<\/li><\/ul><\/div>\n\t\t\t\t<\/div>\n\t\t\t\t\t\t\t<div class=\"elementor-toggle-item\">\n\t\t\t\t\t<div id=\"elementor-tab-title-1532\" class=\"elementor-tab-title\" data-tab=\"2\" role=\"button\" aria-controls=\"elementor-tab-content-1532\" aria-expanded=\"false\">\n\t\t\t\t\t\t\t\t\t\t\t\t<span class=\"elementor-toggle-icon elementor-toggle-icon-right\" aria-hidden=\"true\">\n\t\t\t\t\t\t\t\t\t\t\t\t\t\t\t<span class=\"elementor-toggle-icon-closed\"><i class=\"fas fa-plus\"><\/i><\/span>\n\t\t\t\t\t\t\t\t<span class=\"elementor-toggle-icon-opened\"><i class=\"elementor-toggle-icon-opened fas fa-minus\"><\/i><\/span>\n\t\t\t\t\t\t\t\t\t\t\t\t\t<\/span>\n\t\t\t\t\t\t\t\t\t\t\t\t<a class=\"elementor-toggle-title\" tabindex=\"0\">CAPITAL SOCIAL:<\/a>\n\t\t\t\t\t<\/div>\n\n\t\t\t\t\t<div id=\"elementor-tab-content-1532\" class=\"elementor-tab-content elementor-clearfix\" data-tab=\"2\" role=\"region\" aria-labelledby=\"elementor-tab-title-1532\"><ul><li>Capital social m\u00ednimo SRL: por criterio del organismo, el capital social m\u00ednimo para sociedades de responsabilidad limitada es de $ 12.000.<\/li><li>Suscripci\u00f3n de capital social: a) verificar que no existan discordancias entre letras y n\u00fameros; b) verificar que las acciones o cuotas suscriptas por cada socio coincidan con el total del capital social.<\/li><li>Acreditar la integraci\u00f3n del 25% del capital social o del 100% en las sociedades an\u00f3nimas unipersonales, de conformidad con lo establecido en el art\u00edculo 140 de la Disposici\u00f3n DPPJ 45\/2015. Verificar la correcta imputaci\u00f3n en la boleta de dep\u00f3sito a nombre de la \u201csociedad en formaci\u00f3n\u201d.<\/li><li>Alternativa de acreditaci\u00f3n de la integraci\u00f3n del 25% del capital social y del 100% del capital social en las sociedades an\u00f3nimas unipersonales:<ol><li>Cuando la constituci\u00f3n de la sociedad se celebre por escritura p\u00fablica, dejando constancia de que en dicho acto los socios constituyentes obligados a la integraci\u00f3n de los aportes hacen entrega de los fondos correspondientes a los administradores nombrados en el mismo acto constitutivo.<\/li><li>Cuando la constituci\u00f3n de la sociedad se celebre por instrumento privado, mediante acta notarial donde se deje constancia de que en dicho acto los socios constituyentes obligados a la integraci\u00f3n de los aportes hacen entrega de los fondos correspondientes a los administradores nombrados en el mismo acto constitutivo.<\/li><\/ol><\/li><\/ul><\/div>\n\t\t\t\t<\/div>\n\t\t\t\t\t\t\t<div class=\"elementor-toggle-item\">\n\t\t\t\t\t<div id=\"elementor-tab-title-1533\" class=\"elementor-tab-title\" data-tab=\"3\" role=\"button\" aria-controls=\"elementor-tab-content-1533\" aria-expanded=\"false\">\n\t\t\t\t\t\t\t\t\t\t\t\t<span class=\"elementor-toggle-icon elementor-toggle-icon-right\" aria-hidden=\"true\">\n\t\t\t\t\t\t\t\t\t\t\t\t\t\t\t<span class=\"elementor-toggle-icon-closed\"><i class=\"fas fa-plus\"><\/i><\/span>\n\t\t\t\t\t\t\t\t<span class=\"elementor-toggle-icon-opened\"><i class=\"elementor-toggle-icon-opened fas fa-minus\"><\/i><\/span>\n\t\t\t\t\t\t\t\t\t\t\t\t\t<\/span>\n\t\t\t\t\t\t\t\t\t\t\t\t<a class=\"elementor-toggle-title\" tabindex=\"0\">CESIONES DE CUOTAS O PARTES DE INTERES:<\/a>\n\t\t\t\t\t<\/div>\n\n\t\t\t\t\t<div id=\"elementor-tab-content-1533\" class=\"elementor-tab-content elementor-clearfix\" data-tab=\"3\" role=\"region\" aria-labelledby=\"elementor-tab-title-1533\"><ul><li>Consignar de manera completa los datos de los cesionarios que se incorporan conforme el art\u00edculo 151 inciso b) de la Disposici\u00f3n 45\/2015 (estado civil y sus aclaraciones, CUIT\/CUIL, etc.).<\/li><li>Debe abonarse tasa administrativa general de actuaci\u00f3n ante DPPJ y preferencial -de modo opcional-, por cada acto de cesi\u00f3n, aunque se transmitan en el mismo instrumento.<table class=\"zebra\"><tbody><tr><td><p><strong>Ejemplo 1:<\/strong><\/p><\/td><td><p><strong>Ejemplo 2:<\/strong><\/p><\/td><\/tr><tr><td><p>El socio A tiene una participaci\u00f3n del 50%<br \/>El socio B tiene una participaci\u00f3n del 50%<\/p><p>A cede un 25% a C y un 25% a D<br \/>B cede un 25% a C y un 25% a D<br \/>Se debe abonar por cuatro (4) actos de cesi\u00f3n<\/p><\/td><td><p>El socio A tiene una participaci\u00f3n del 50%<br \/>El socio B tiene una participaci\u00f3n del 50%<\/p><p>A cede un 12,5% a C, un 12,5% a D, un 12,5% a E y un 12,5% a F<br \/>B cede un 25% a C y un 25% a D<br \/>Se debe abonar por seis (6) actos de cesi\u00f3n<\/p><\/td><\/tr><\/tbody><\/table><\/li><\/ul><ul><li>Verificar el cumplimiento del tracto sucesivo en las cesiones de cuotas o partes de inter\u00e9s.<\/li><li>Los informes de anotaciones personales que deben presentarse en este tr\u00e1mite tienen una vigencia de 90 d\u00edas, y los mismos deben encontrarse vigentes al momento de la inscripci\u00f3n registral de la cesi\u00f3n de cuotas o partes de inter\u00e9s<\/li><\/ul><\/div>\n\t\t\t\t<\/div>\n\t\t\t\t\t\t\t<div class=\"elementor-toggle-item\">\n\t\t\t\t\t<div id=\"elementor-tab-title-1534\" class=\"elementor-tab-title\" data-tab=\"4\" role=\"button\" aria-controls=\"elementor-tab-content-1534\" aria-expanded=\"false\">\n\t\t\t\t\t\t\t\t\t\t\t\t<span class=\"elementor-toggle-icon elementor-toggle-icon-right\" aria-hidden=\"true\">\n\t\t\t\t\t\t\t\t\t\t\t\t\t\t\t<span class=\"elementor-toggle-icon-closed\"><i class=\"fas fa-plus\"><\/i><\/span>\n\t\t\t\t\t\t\t\t<span class=\"elementor-toggle-icon-opened\"><i class=\"elementor-toggle-icon-opened fas fa-minus\"><\/i><\/span>\n\t\t\t\t\t\t\t\t\t\t\t\t\t<\/span>\n\t\t\t\t\t\t\t\t\t\t\t\t<a class=\"elementor-toggle-title\" tabindex=\"0\">DESIGNACION DE AUTORIDADES:<\/a>\n\t\t\t\t\t<\/div>\n\n\t\t\t\t\t<div id=\"elementor-tab-content-1534\" class=\"elementor-tab-content elementor-clearfix\" data-tab=\"4\" role=\"region\" aria-labelledby=\"elementor-tab-title-1534\"><ul><li>Cuando la sociedad prescinda de sindicatura, es obligatoria la designaci\u00f3n de directores suplentes (art\u00edculo 258 de la Ley General de Sociedades), en cuyo caso al momento de la constituci\u00f3n de la sociedad y en una posterior designaci\u00f3n de autoridades, debe designarse director\/es suplente\/s.<\/li><\/ul><ul><li>En los casos en que se solicite a la inscripci\u00f3n de autoridades del \u00f3rgano de administraci\u00f3n, y del acta de asamblea o reuni\u00f3n de socios que aprob\u00f3 la designaci\u00f3n de autoridades del \u00f3rgano de administraci\u00f3n surja que adem\u00e1s se aprob\u00f3 la designaci\u00f3n de miembros del \u00f3rgano de fiscalizaci\u00f3n:<ol><li>En caso de que se pretenda la inscripci\u00f3n s\u00f3lo de la designaci\u00f3n de autoridades del \u00f3rgano de administraci\u00f3n, deber\u00e1 aclararse dicha circunstancia y;<\/li><li>En caso de que se pretenda la inscripci\u00f3n de la designaci\u00f3n de los miembros de ambos \u00f3rganos, deber\u00e1 solicitarse expresamente en la minuta rogatoria, tildando las casillas respectivas, y abonar las tasas correspondientes para cada tr\u00e1mite.<\/li><\/ol><\/li><\/ul><\/div>\n\t\t\t\t<\/div>\n\t\t\t\t\t\t\t<div class=\"elementor-toggle-item\">\n\t\t\t\t\t<div id=\"elementor-tab-title-1535\" class=\"elementor-tab-title\" data-tab=\"5\" role=\"button\" aria-controls=\"elementor-tab-content-1535\" aria-expanded=\"false\">\n\t\t\t\t\t\t\t\t\t\t\t\t<span class=\"elementor-toggle-icon elementor-toggle-icon-right\" aria-hidden=\"true\">\n\t\t\t\t\t\t\t\t\t\t\t\t\t\t\t<span class=\"elementor-toggle-icon-closed\"><i class=\"fas fa-plus\"><\/i><\/span>\n\t\t\t\t\t\t\t\t<span class=\"elementor-toggle-icon-opened\"><i class=\"elementor-toggle-icon-opened fas fa-minus\"><\/i><\/span>\n\t\t\t\t\t\t\t\t\t\t\t\t\t<\/span>\n\t\t\t\t\t\t\t\t\t\t\t\t<a class=\"elementor-toggle-title\" tabindex=\"0\">RENUNCIAS DE AUTORIDADES:<\/a>\n\t\t\t\t\t<\/div>\n\n\t\t\t\t\t<div id=\"elementor-tab-content-1535\" class=\"elementor-tab-content elementor-clearfix\" data-tab=\"5\" role=\"region\" aria-labelledby=\"elementor-tab-title-1535\"><ul><li>Para acreditar la presentaci\u00f3n de la renuncia de autoridades, su aceptaci\u00f3n y la notificaci\u00f3n de la aceptaci\u00f3n al renunciante, es suficiente que en el acta de reuni\u00f3n del \u00f3rgano de administraci\u00f3n o acta de asamblea o de reuni\u00f3n de socios, se deje constancia de dichas circunstancias en presencia del renunciante, quien debe suscribir el acta de conformidad. (Art\u00edculos 3 y 4 de la Disposici\u00f3n DPPJ 51\/2016).<\/li><\/ul><\/div>\n\t\t\t\t<\/div>\n\t\t\t\t\t\t\t<div class=\"elementor-toggle-item\">\n\t\t\t\t\t<div id=\"elementor-tab-title-1536\" class=\"elementor-tab-title\" data-tab=\"6\" role=\"button\" aria-controls=\"elementor-tab-content-1536\" aria-expanded=\"false\">\n\t\t\t\t\t\t\t\t\t\t\t\t<span class=\"elementor-toggle-icon elementor-toggle-icon-right\" aria-hidden=\"true\">\n\t\t\t\t\t\t\t\t\t\t\t\t\t\t\t<span class=\"elementor-toggle-icon-closed\"><i class=\"fas fa-plus\"><\/i><\/span>\n\t\t\t\t\t\t\t\t<span class=\"elementor-toggle-icon-opened\"><i class=\"elementor-toggle-icon-opened fas fa-minus\"><\/i><\/span>\n\t\t\t\t\t\t\t\t\t\t\t\t\t<\/span>\n\t\t\t\t\t\t\t\t\t\t\t\t<a class=\"elementor-toggle-title\" tabindex=\"0\">FISCALIZACION PRIVADA O CONTROLADOR INDIVIDUAL DE LOS SOCIOS:<\/a>\n\t\t\t\t\t<\/div>\n\n\t\t\t\t\t<div id=\"elementor-tab-content-1536\" class=\"elementor-tab-content elementor-clearfix\" data-tab=\"6\" role=\"region\" aria-labelledby=\"elementor-tab-title-1536\"><ul><li>Debe consignarse por cl\u00e1usula estatutaria c\u00f3mo se llevar\u00e1 a cabo la fiscalizaci\u00f3n.<\/li><\/ul><\/div>\n\t\t\t\t<\/div>\n\t\t\t\t\t\t\t<div class=\"elementor-toggle-item\">\n\t\t\t\t\t<div id=\"elementor-tab-title-1537\" class=\"elementor-tab-title\" data-tab=\"7\" role=\"button\" aria-controls=\"elementor-tab-content-1537\" aria-expanded=\"false\">\n\t\t\t\t\t\t\t\t\t\t\t\t<span class=\"elementor-toggle-icon elementor-toggle-icon-right\" aria-hidden=\"true\">\n\t\t\t\t\t\t\t\t\t\t\t\t\t\t\t<span class=\"elementor-toggle-icon-closed\"><i class=\"fas fa-plus\"><\/i><\/span>\n\t\t\t\t\t\t\t\t<span class=\"elementor-toggle-icon-opened\"><i class=\"elementor-toggle-icon-opened fas fa-minus\"><\/i><\/span>\n\t\t\t\t\t\t\t\t\t\t\t\t\t<\/span>\n\t\t\t\t\t\t\t\t\t\t\t\t<a class=\"elementor-toggle-title\" tabindex=\"0\">REFORMAS DE ESTATUTO:<\/a>\n\t\t\t\t\t<\/div>\n\n\t\t\t\t\t<div id=\"elementor-tab-content-1537\" class=\"elementor-tab-content elementor-clearfix\" data-tab=\"7\" role=\"region\" aria-labelledby=\"elementor-tab-title-1537\"><ul><li>Verificar la \u00edntegra transcripci\u00f3n del art\u00edculo reformado en el acta de asamblea o reuni\u00f3n de socios por la que se decide la reforma respectiva.<\/li><\/ul><\/div>\n\t\t\t\t<\/div>\n\t\t\t\t\t\t\t<div class=\"elementor-toggle-item\">\n\t\t\t\t\t<div id=\"elementor-tab-title-1538\" class=\"elementor-tab-title\" data-tab=\"8\" role=\"button\" aria-controls=\"elementor-tab-content-1538\" aria-expanded=\"false\">\n\t\t\t\t\t\t\t\t\t\t\t\t<span class=\"elementor-toggle-icon elementor-toggle-icon-right\" aria-hidden=\"true\">\n\t\t\t\t\t\t\t\t\t\t\t\t\t\t\t<span class=\"elementor-toggle-icon-closed\"><i class=\"fas fa-plus\"><\/i><\/span>\n\t\t\t\t\t\t\t\t<span class=\"elementor-toggle-icon-opened\"><i class=\"elementor-toggle-icon-opened fas fa-minus\"><\/i><\/span>\n\t\t\t\t\t\t\t\t\t\t\t\t\t<\/span>\n\t\t\t\t\t\t\t\t\t\t\t\t<a class=\"elementor-toggle-title\" tabindex=\"0\">EDICTOS DE CONSTITUCION DE SOCIEDAD:<\/a>\n\t\t\t\t\t<\/div>\n\n\t\t\t\t\t<div id=\"elementor-tab-content-1538\" class=\"elementor-tab-content elementor-clearfix\" data-tab=\"8\" role=\"region\" aria-labelledby=\"elementor-tab-title-1538\"><ul><li>Deben contener los recaudos exigidos por el art\u00edculo 10 LGS.<\/li><li>Fecha del instrumento.<\/li><li>Datos de los socios: se deber\u00e1 publicar nombre, edad, estado civil, nacionalidad, profesi\u00f3n, domicilio y tipo y n\u00famero de documento.<\/li><li>Sede social: se deber\u00e1 publicar el nombre completo de la calle, el n\u00famero del domicilio, la localidad, el partido y la provincia.<\/li><li>\u00d3rgano de administraci\u00f3n: se deber\u00e1 publicar la composici\u00f3n del \u00f3rgano de administraci\u00f3n y la organizaci\u00f3n de la representaci\u00f3n de la sociedad.<\/li><li>\u00d3rgano de fiscalizaci\u00f3n: se deber\u00e1 publicar la composici\u00f3n del \u00f3rgano de fiscalizaci\u00f3n, o si se prescinde del mismo.<\/li><\/ul><\/div>\n\t\t\t\t<\/div>\n\t\t\t\t\t\t\t<div class=\"elementor-toggle-item\">\n\t\t\t\t\t<div id=\"elementor-tab-title-1539\" class=\"elementor-tab-title\" data-tab=\"9\" role=\"button\" aria-controls=\"elementor-tab-content-1539\" aria-expanded=\"false\">\n\t\t\t\t\t\t\t\t\t\t\t\t<span class=\"elementor-toggle-icon elementor-toggle-icon-right\" aria-hidden=\"true\">\n\t\t\t\t\t\t\t\t\t\t\t\t\t\t\t<span class=\"elementor-toggle-icon-closed\"><i class=\"fas fa-plus\"><\/i><\/span>\n\t\t\t\t\t\t\t\t<span class=\"elementor-toggle-icon-opened\"><i class=\"elementor-toggle-icon-opened fas fa-minus\"><\/i><\/span>\n\t\t\t\t\t\t\t\t\t\t\t\t\t<\/span>\n\t\t\t\t\t\t\t\t\t\t\t\t<a class=\"elementor-toggle-title\" tabindex=\"0\">DENOMINACION SOCIAL:<\/a>\n\t\t\t\t\t<\/div>\n\n\t\t\t\t\t<div id=\"elementor-tab-content-1539\" class=\"elementor-tab-content elementor-clearfix\" data-tab=\"9\" role=\"region\" aria-labelledby=\"elementor-tab-title-1539\"><ul><li>Previo a la constituci\u00f3n propiamente dicha de una sociedad comercial, una asociaci\u00f3n civil o una fundaci\u00f3n para su posterior inscripci\u00f3n ante la Direcci\u00f3n Provincial de Personas Jur\u00eddicas, sugerimos iniciar un tr\u00e1mite de reserva de nombre.<\/li>Este tr\u00e1mite si bien no es obligatorio, resulta muy \u00fatil efectuarlo previo a iniciar el tr\u00e1mite de constituci\u00f3n propiamente dicho, por dos motivos:<li style=\"list-style-type: none;\"><ol><li>A los fines de asegurarse que el nombre elegido no se encuentre siendo utilizado por otra entidad ya inscripta;<\/li><li>Para hacer una reserva de dicho nombre y evitar que otra asociaci\u00f3n lo utilice.<\/li><\/ol><\/li><li>Se inicia a trav\u00e9s del Anexo 11 de la Disposici\u00f3n D.P.P.J. 45\/2015 disponible en el sitio web del organismo.<\/li><\/ul><\/div>\n\t\t\t\t<\/div>\n\t\t\t\t\t\t\t<div class=\"elementor-toggle-item\">\n\t\t\t\t\t<div id=\"elementor-tab-title-15310\" class=\"elementor-tab-title\" data-tab=\"10\" role=\"button\" aria-controls=\"elementor-tab-content-15310\" aria-expanded=\"false\">\n\t\t\t\t\t\t\t\t\t\t\t\t<span class=\"elementor-toggle-icon elementor-toggle-icon-right\" aria-hidden=\"true\">\n\t\t\t\t\t\t\t\t\t\t\t\t\t\t\t<span class=\"elementor-toggle-icon-closed\"><i class=\"fas fa-plus\"><\/i><\/span>\n\t\t\t\t\t\t\t\t<span class=\"elementor-toggle-icon-opened\"><i class=\"elementor-toggle-icon-opened fas fa-minus\"><\/i><\/span>\n\t\t\t\t\t\t\t\t\t\t\t\t\t<\/span>\n\t\t\t\t\t\t\t\t\t\t\t\t<a class=\"elementor-toggle-title\" tabindex=\"0\">RECAUDOS REGISTRALES:<\/a>\n\t\t\t\t\t<\/div>\n\n\t\t\t\t\t<div id=\"elementor-tab-content-15310\" class=\"elementor-tab-content elementor-clearfix\" data-tab=\"10\" role=\"region\" aria-labelledby=\"elementor-tab-title-15310\"><ul><li>Documento a inscribir: se debe acompa\u00f1ar copia certificada para registro del documento a inscribir.<\/li><li>Aquellos documentos en los que intervino un escribano de extra\u00f1a jurisdicci\u00f3n, deben llevar la correspondiente legalizaci\u00f3n.<\/li><li>La copia certificada para registro debe incluir la copia de la legalizaci\u00f3n y adem\u00e1s estar legalizada si certifica un escribano de otra jurisdicci\u00f3n.<\/li><\/ul><\/div>\n\t\t\t\t<\/div>\n\t\t\t\t\t\t\t<div class=\"elementor-toggle-item\">\n\t\t\t\t\t<div id=\"elementor-tab-title-15311\" class=\"elementor-tab-title\" data-tab=\"11\" role=\"button\" aria-controls=\"elementor-tab-content-15311\" aria-expanded=\"false\">\n\t\t\t\t\t\t\t\t\t\t\t\t<span class=\"elementor-toggle-icon elementor-toggle-icon-right\" aria-hidden=\"true\">\n\t\t\t\t\t\t\t\t\t\t\t\t\t\t\t<span class=\"elementor-toggle-icon-closed\"><i class=\"fas fa-plus\"><\/i><\/span>\n\t\t\t\t\t\t\t\t<span class=\"elementor-toggle-icon-opened\"><i class=\"elementor-toggle-icon-opened fas fa-minus\"><\/i><\/span>\n\t\t\t\t\t\t\t\t\t\t\t\t\t<\/span>\n\t\t\t\t\t\t\t\t\t\t\t\t<a class=\"elementor-toggle-title\" tabindex=\"0\">ALGUNOS ASPECTOS CONTABLES:<\/a>\n\t\t\t\t\t<\/div>\n\n\t\t\t\t\t<div id=\"elementor-tab-content-15311\" class=\"elementor-tab-content elementor-clearfix\" data-tab=\"11\" role=\"region\" aria-labelledby=\"elementor-tab-title-15311\"><ul><li>Constituci\u00f3n con aportes en bienes inmuebles: cuando se presenta una tasaci\u00f3n mediante informe pericial, en el caso de que el aporte de inmuebles supere el valor fiscal los autorizados a expedir dichos informes son martilleros, ingenieros, ingenieros agr\u00f3nomos y arquitectos.<\/li><li>En los tr\u00e1mites de subsanaci\u00f3n se debe presentar estado de situaci\u00f3n patrimonial confeccionado a una fecha que no exceda los tres meses previos a la fecha del acto que aprueba la subsanaci\u00f3n.<\/li><li>Aumentos de capital: verificar que el capital que se aprueba parte del \u00faltimo capital inscripto, dando cumplimiento al tracto sucesivo.<\/li><li>En la certificaci\u00f3n contable a presentar en los casos de aumento de capital, el profesional debe informar, en relaci\u00f3n a la suscripci\u00f3n, la fecha y el folio del libro diario en el cual se registr\u00f3 la suscripci\u00f3n, consignando a su vez la fecha y autoridad de r\u00fabrica del libro diario verificado.<\/li><\/ul><\/div>\n\t\t\t\t<\/div>\n\t\t\t\t\t\t\t<div class=\"elementor-toggle-item\">\n\t\t\t\t\t<div id=\"elementor-tab-title-15312\" class=\"elementor-tab-title\" data-tab=\"12\" role=\"button\" aria-controls=\"elementor-tab-content-15312\" aria-expanded=\"false\">\n\t\t\t\t\t\t\t\t\t\t\t\t<span class=\"elementor-toggle-icon elementor-toggle-icon-right\" aria-hidden=\"true\">\n\t\t\t\t\t\t\t\t\t\t\t\t\t\t\t<span class=\"elementor-toggle-icon-closed\"><i class=\"fas fa-plus\"><\/i><\/span>\n\t\t\t\t\t\t\t\t<span class=\"elementor-toggle-icon-opened\"><i class=\"elementor-toggle-icon-opened fas fa-minus\"><\/i><\/span>\n\t\t\t\t\t\t\t\t\t\t\t\t\t<\/span>\n\t\t\t\t\t\t\t\t\t\t\t\t<a class=\"elementor-toggle-title\" tabindex=\"0\">CONSTITUCION ASOCIACIONES CIVILES:<\/a>\n\t\t\t\t\t<\/div>\n\n\t\t\t\t\t<div id=\"elementor-tab-content-15312\" class=\"elementor-tab-content elementor-clearfix\" data-tab=\"12\" role=\"region\" aria-labelledby=\"elementor-tab-title-15312\"><ul><li>La denominaci\u00f3n debe contener el nombre de la asociaci\u00f3n con el aditamento \u201cAsociaci\u00f3n Civil\u201d antepuesto o pospuesto (art\u00edculo 170 inciso a) del C\u00f3digo Civil y Comercial de la Naci\u00f3n).<\/li><li>Consignar en el instrumento constitutivo el plazo de duraci\u00f3n o si la asociaci\u00f3n es a perpetuidad (art\u00edculo 170 inciso e) del C\u00f3digo Civil y Comercial de la Naci\u00f3n).<\/li><li>Todas las actividades ser\u00e1n desarrolladas sin fines de lucro y, en cuanto correspondan, por personal id\u00f3neo o profesional habilitado.<\/li><li>Verificar que no se incurra en las incompatibilidades del art\u00edculo 173 del C\u00f3digo Civil y Comercial de la Naci\u00f3n en relaci\u00f3n a los miembros de la comisi\u00f3n directiva y los miembros de la comisi\u00f3n fiscalizadora.<\/li><li>Consignar entidad beneficiaria de los bienes remanentes en caso de disoluci\u00f3n. Si es una persona jur\u00eddica, acreditar su existencia.<\/li><\/ul><\/div>\n\t\t\t\t<\/div>\n\t\t\t\t\t\t\t\t<\/div>\n\t\t\t\t<\/div>\n\t\t\t\t<\/div>\n\t\t\t\t\t<\/div>\n\t\t<\/div>\n\t\t\t\t\t<\/div>\n\t\t<\/section>\n\t\t\t\t<\/div>\n\t\t","protected":false},"excerpt":{"rendered":"<p>Otros organismos DPPJ &#8211; Evite Vistas SEDE SOCIAL: Al determinar la sede social debe indicarse expresamente localidad, partido y provincia, consignando dichos datos en el instrumento respectivo. Si la sede social se incorpora en el articulado del estatuto, su cambio implicar\u00e1 reforma estatutaria. Por ello se aconseja poner solo la jurisdicci\u00f3n de la Provincia de [&hellip;]<\/p>\n","protected":false},"author":3,"featured_media":11814,"parent":971,"menu_order":0,"comment_status":"closed","ping_status":"closed","template":"","meta":{"footnotes":""},"class_list":["post-2112","page","type-page","status-publish","has-post-thumbnail","hentry"],"acf":[],"_links":{"self":[{"href":"https:\/\/www.colescba.org.ar\/portal\/wp-json\/wp\/v2\/pages\/2112","targetHints":{"allow":["GET"]}}],"collection":[{"href":"https:\/\/www.colescba.org.ar\/portal\/wp-json\/wp\/v2\/pages"}],"about":[{"href":"https:\/\/www.colescba.org.ar\/portal\/wp-json\/wp\/v2\/types\/page"}],"author":[{"embeddable":true,"href":"https:\/\/www.colescba.org.ar\/portal\/wp-json\/wp\/v2\/users\/3"}],"replies":[{"embeddable":true,"href":"https:\/\/www.colescba.org.ar\/portal\/wp-json\/wp\/v2\/comments?post=2112"}],"version-history":[{"count":66,"href":"https:\/\/www.colescba.org.ar\/portal\/wp-json\/wp\/v2\/pages\/2112\/revisions"}],"predecessor-version":[{"id":17737,"href":"https:\/\/www.colescba.org.ar\/portal\/wp-json\/wp\/v2\/pages\/2112\/revisions\/17737"}],"up":[{"embeddable":true,"href":"https:\/\/www.colescba.org.ar\/portal\/wp-json\/wp\/v2\/pages\/971"}],"wp:featuredmedia":[{"embeddable":true,"href":"https:\/\/www.colescba.org.ar\/portal\/wp-json\/wp\/v2\/media\/11814"}],"wp:attachment":[{"href":"https:\/\/www.colescba.org.ar\/portal\/wp-json\/wp\/v2\/media?parent=2112"}],"curies":[{"name":"wp","href":"https:\/\/api.w.org\/{rel}","templated":true}]}}