{"id":2638,"date":"2022-02-17T13:42:25","date_gmt":"2022-02-17T13:42:25","guid":{"rendered":"https:\/\/www.colescba.org.ar\/portal\/?page_id=2638"},"modified":"2024-07-31T12:54:13","modified_gmt":"2024-07-31T15:54:13","slug":"acreditacion-de-supervivencia","status":"publish","type":"page","link":"https:\/\/www.colescba.org.ar\/portal\/caja-seguridad-social\/jubilaciones-y-subsidios\/acreditacion-de-supervivencia","title":{"rendered":"Acreditaci\u00f3n de supervivencia"},"content":{"rendered":"\t\t<div data-elementor-type=\"wp-page\" data-elementor-id=\"2638\" class=\"elementor elementor-2638\" data-elementor-post-type=\"page\">\n\t\t\t\t\t\t<section class=\"elementor-section elementor-top-section elementor-element elementor-element-c2428c1 elementor-section-boxed elementor-section-height-default elementor-section-height-default\" data-id=\"c2428c1\" data-element_type=\"section\">\n\t\t\t\t\t\t\t<div class=\"elementor-background-overlay\"><\/div>\n\t\t\t\t\t\t\t<div class=\"elementor-container elementor-column-gap-default\">\n\t\t\t\t\t<div class=\"elementor-column elementor-col-100 elementor-top-column elementor-element elementor-element-92ddcde\" data-id=\"92ddcde\" data-element_type=\"column\">\n\t\t\t<div class=\"elementor-widget-wrap elementor-element-populated\">\n\t\t\t\t\t\t<section class=\"elementor-section elementor-inner-section elementor-element elementor-element-f906195 elementor-section-boxed elementor-section-height-default elementor-section-height-default\" data-id=\"f906195\" data-element_type=\"section\">\n\t\t\t\t\t\t<div class=\"elementor-container elementor-column-gap-default\">\n\t\t\t\t\t<div class=\"elementor-column elementor-col-100 elementor-inner-column elementor-element elementor-element-e76a031\" data-id=\"e76a031\" data-element_type=\"column\">\n\t\t\t<div class=\"elementor-widget-wrap elementor-element-populated\">\n\t\t\t\t\t\t<div class=\"elementor-element elementor-element-634ed6f elementor-widget elementor-widget-heading\" data-id=\"634ed6f\" data-element_type=\"widget\" data-widget_type=\"heading.default\">\n\t\t\t\t<div class=\"elementor-widget-container\">\n\t\t\t<h1 class=\"elementor-heading-title elementor-size-default\">Acreditaci\u00f3n de Supervivencia<\/h1>\t\t<\/div>\n\t\t\t\t<\/div>\n\t\t\t\t\t<\/div>\n\t\t<\/div>\n\t\t\t\t\t<\/div>\n\t\t<\/section>\n\t\t\t\t\t<\/div>\n\t\t<\/div>\n\t\t\t\t\t<\/div>\n\t\t<\/section>\n\t\t\t\t<section class=\"elementor-section elementor-top-section elementor-element elementor-element-6e6340c elementor-section-boxed elementor-section-height-default elementor-section-height-default\" data-id=\"6e6340c\" data-element_type=\"section\">\n\t\t\t\t\t\t<div class=\"elementor-container elementor-column-gap-default\">\n\t\t\t\t\t<div class=\"elementor-column elementor-col-100 elementor-top-column elementor-element elementor-element-d433140\" data-id=\"d433140\" data-element_type=\"column\">\n\t\t\t<div class=\"elementor-widget-wrap elementor-element-populated\">\n\t\t\t\t\t\t<section class=\"elementor-section elementor-inner-section elementor-element elementor-element-d2ad0cd elementor-section-boxed elementor-section-height-default elementor-section-height-default\" data-id=\"d2ad0cd\" data-element_type=\"section\">\n\t\t\t\t\t\t<div class=\"elementor-container elementor-column-gap-default\">\n\t\t\t\t\t<div class=\"elementor-column elementor-col-50 elementor-inner-column elementor-element elementor-element-07c0693\" data-id=\"07c0693\" data-element_type=\"column\">\n\t\t\t<div class=\"elementor-widget-wrap elementor-element-populated\">\n\t\t\t\t\t\t<div class=\"elementor-element elementor-element-f04bba8 elementor-widget elementor-widget-heading\" data-id=\"f04bba8\" data-element_type=\"widget\" data-widget_type=\"heading.default\">\n\t\t\t\t<div class=\"elementor-widget-container\">\n\t\t\t<h3 class=\"elementor-heading-title elementor-size-medium\">A partir de la firma del Convenio de Confronte de datos personales entre la Caja de Seguridad Social y el Registro Nacional de las Personas (RENAPER), el Consejo Directivo en sesi\u00f3n del d\u00eda 17 de mayo de 2019, resolvi\u00f3 <b>requerir la acreditaci\u00f3n de la supervivencia solamente a los beneficiarios de la Caja de Seguridad Social que perciban jubilaci\u00f3n y\/o pensi\u00f3n y cuya informaci\u00f3n no pueda ser suministrada por el RENAPER. Esto ocurre si el beneficiario no cuenta con el DNI digital, es decir, documento tarjeta o libreta celeste que en su interior tenga los datos digitalizados.<\/b><\/h3>\t\t<\/div>\n\t\t\t\t<\/div>\n\t\t\t\t<div class=\"elementor-element elementor-element-7cfe9ba elementor-widget elementor-widget-text-editor\" data-id=\"7cfe9ba\" data-element_type=\"widget\" data-widget_type=\"text-editor.default\">\n\t\t\t\t<div class=\"elementor-widget-container\">\n\t\t\t\t\t\t\t<p>En caso de que la Caja no pueda acreditar la supervivencia a trav\u00e9s del confronte de datos, el beneficiario ser\u00e1 notificado por la misma, en cuyo caso deber\u00e1 utilizar el <strong>formulario<\/strong> provisto por la Caja, el cual se puede descargar de este sitio web, y ser\u00e1 necesaria la intervenci\u00f3n de Notario de Registro, Delegaci\u00f3n o Sede Central del Colegio de Escribanos, Autoridad Policial, Registro de las Personas o Universidad Notarial Argentina de la Ciudad Aut\u00f3noma de Buenos Aires.<\/p>\t\t\t\t\t\t<\/div>\n\t\t\t\t<\/div>\n\t\t\t\t\t<\/div>\n\t\t<\/div>\n\t\t\t\t<div class=\"elementor-column elementor-col-50 elementor-inner-column elementor-element elementor-element-fa9a165\" data-id=\"fa9a165\" data-element_type=\"column\">\n\t\t\t<div class=\"elementor-widget-wrap\">\n\t\t\t\t\t\t\t<\/div>\n\t\t<\/div>\n\t\t\t\t\t<\/div>\n\t\t<\/section>\n\t\t\t\t<section class=\"elementor-section elementor-inner-section elementor-element elementor-element-5e40ac1 elementor-section-boxed elementor-section-height-default elementor-section-height-default\" data-id=\"5e40ac1\" data-element_type=\"section\">\n\t\t\t\t\t\t<div class=\"elementor-container elementor-column-gap-default\">\n\t\t\t\t\t<div class=\"elementor-column elementor-col-50 elementor-inner-column elementor-element elementor-element-ba648c3\" data-id=\"ba648c3\" data-element_type=\"column\">\n\t\t\t<div class=\"elementor-widget-wrap elementor-element-populated\">\n\t\t\t\t\t\t<div class=\"elementor-element elementor-element-bd13461 elementor-widget elementor-widget-heading\" data-id=\"bd13461\" data-element_type=\"widget\" data-widget_type=\"heading.default\">\n\t\t\t\t<div class=\"elementor-widget-container\">\n\t\t\t<h3 class=\"elementor-heading-title elementor-size-medium\">La no acreditaci\u00f3n de la supervivencia en las fechas determinadas por la Caja de Seguridad, originar\u00e1 la retenci\u00f3n en el pago de los haberes hasta el cumplimiento de la misma.\n<\/h3>\t\t<\/div>\n\t\t\t\t<\/div>\n\t\t\t\t<div class=\"elementor-element elementor-element-b84792c elementor-cta--layout-image-above elementor-cta--valign-middle elementor-widget__width-initial elementor-cta--skin-classic elementor-animated-content elementor-widget elementor-widget-call-to-action\" data-id=\"b84792c\" data-element_type=\"widget\" data-widget_type=\"call-to-action.default\">\n\t\t\t\t<div class=\"elementor-widget-container\">\n\t\t\t\t\t<div class=\"elementor-cta\">\n\t\t\t\t\t\t\t<div class=\"elementor-cta__content\">\n\t\t\t\t\t\t\t\t\t<div class=\"elementor-content-item elementor-cta__content-item elementor-icon-wrapper elementor-cta__icon elementor-view-default\">\n\t\t\t\t\t\t<div class=\"elementor-icon\">\n\t\t\t\t\t\t\t<i aria-hidden=\"true\" class=\"fas fa-file-download\"><\/i>\t\t\t\t\t\t<\/div>\n\t\t\t\t\t<\/div>\n\t\t\t\t\n\t\t\t\t\t\t\t\t\t<h3 class=\"elementor-cta__title elementor-cta__content-item elementor-content-item\">\n\t\t\t\t\t\tFormulario de acreditaci\u00f3n de supervivencia\t\t\t\t\t<\/h3>\n\t\t\t\t\n\t\t\t\t\n\t\t\t\t\t\t\t\t\t<div class=\"elementor-cta__button-wrapper elementor-cta__content-item elementor-content-item \">\n\t\t\t\t\t<a class=\"elementor-cta__button elementor-button elementor-size-\" href=\"https:\/\/www.colescba.org.ar\/portal\/wp-content\/uploads\/2022\/03\/acreditacion_de_supervivencia-1.pdf\" target=\"_blank\">\n\t\t\t\t\t\tDescargar\t\t\t\t\t<\/a>\n\t\t\t\t\t<\/div>\n\t\t\t\t\t\t\t<\/div>\n\t\t\t\t\t\t<\/div>\n\t\t\t\t<\/div>\n\t\t\t\t<\/div>\n\t\t\t\t\t<\/div>\n\t\t<\/div>\n\t\t\t\t<div class=\"elementor-column elementor-col-50 elementor-inner-column elementor-element elementor-element-c88f5e5\" data-id=\"c88f5e5\" data-element_type=\"column\">\n\t\t\t<div class=\"elementor-widget-wrap\">\n\t\t\t\t\t\t\t<\/div>\n\t\t<\/div>\n\t\t\t\t\t<\/div>\n\t\t<\/section>\n\t\t\t\t\t<\/div>\n\t\t<\/div>\n\t\t\t\t\t<\/div>\n\t\t<\/section>\n\t\t\t\t<\/div>\n\t\t","protected":false},"excerpt":{"rendered":"<p>Acreditaci\u00f3n de Supervivencia A partir de la firma del Convenio de Confronte de datos personales entre la Caja de Seguridad Social y el Registro Nacional de las Personas (RENAPER), el Consejo Directivo en sesi\u00f3n del d\u00eda 17 de mayo de 2019, resolvi\u00f3 requerir la acreditaci\u00f3n de la supervivencia solamente a los beneficiarios de la Caja [&hellip;]<\/p>\n","protected":false},"author":3,"featured_media":11814,"parent":2157,"menu_order":0,"comment_status":"closed","ping_status":"closed","template":"","meta":{"footnotes":""},"class_list":["post-2638","page","type-page","status-publish","has-post-thumbnail","hentry"],"acf":[],"_links":{"self":[{"href":"https:\/\/www.colescba.org.ar\/portal\/wp-json\/wp\/v2\/pages\/2638","targetHints":{"allow":["GET"]}}],"collection":[{"href":"https:\/\/www.colescba.org.ar\/portal\/wp-json\/wp\/v2\/pages"}],"about":[{"href":"https:\/\/www.colescba.org.ar\/portal\/wp-json\/wp\/v2\/types\/page"}],"author":[{"embeddable":true,"href":"https:\/\/www.colescba.org.ar\/portal\/wp-json\/wp\/v2\/users\/3"}],"replies":[{"embeddable":true,"href":"https:\/\/www.colescba.org.ar\/portal\/wp-json\/wp\/v2\/comments?post=2638"}],"version-history":[{"count":83,"href":"https:\/\/www.colescba.org.ar\/portal\/wp-json\/wp\/v2\/pages\/2638\/revisions"}],"predecessor-version":[{"id":7441,"href":"https:\/\/www.colescba.org.ar\/portal\/wp-json\/wp\/v2\/pages\/2638\/revisions\/7441"}],"up":[{"embeddable":true,"href":"https:\/\/www.colescba.org.ar\/portal\/wp-json\/wp\/v2\/pages\/2157"}],"wp:featuredmedia":[{"embeddable":true,"href":"https:\/\/www.colescba.org.ar\/portal\/wp-json\/wp\/v2\/media\/11814"}],"wp:attachment":[{"href":"https:\/\/www.colescba.org.ar\/portal\/wp-json\/wp\/v2\/media?parent=2638"}],"curies":[{"name":"wp","href":"https:\/\/api.w.org\/{rel}","templated":true}]}}