{"id":3602,"date":"2022-02-22T14:14:13","date_gmt":"2022-02-22T14:14:13","guid":{"rendered":"https:\/\/www.colescba.org.ar\/portal\/?page_id=3602"},"modified":"2026-02-10T11:17:43","modified_gmt":"2026-02-10T14:17:43","slug":"compra-via-hospital-italiano-buenos-aires","status":"publish","type":"page","link":"https:\/\/www.colescba.org.ar\/portal\/caja-seguridad-social\/salud\/medicamentos\/compra-via-hospital-italiano-buenos-aires","title":{"rendered":"Compra V\u00eda Hospital Italiano Buenos Aires"},"content":{"rendered":"\t\t<div data-elementor-type=\"wp-page\" data-elementor-id=\"3602\" class=\"elementor elementor-3602\" data-elementor-post-type=\"page\">\n\t\t\t\t\t\t<section class=\"elementor-section elementor-top-section elementor-element elementor-element-5c45f04 elementor-section-boxed elementor-section-height-default elementor-section-height-default\" data-id=\"5c45f04\" data-element_type=\"section\" data-settings=\"{&quot;background_background&quot;:&quot;classic&quot;}\">\n\t\t\t\t\t\t<div class=\"elementor-container elementor-column-gap-default\">\n\t\t\t\t\t<div class=\"elementor-column elementor-col-100 elementor-top-column elementor-element elementor-element-3cb5cd7\" data-id=\"3cb5cd7\" data-element_type=\"column\">\n\t\t\t<div class=\"elementor-widget-wrap elementor-element-populated\">\n\t\t\t\t\t\t<section class=\"elementor-section elementor-inner-section elementor-element elementor-element-32a36ea elementor-section-boxed elementor-section-height-default elementor-section-height-default\" data-id=\"32a36ea\" data-element_type=\"section\">\n\t\t\t\t\t\t<div class=\"elementor-container elementor-column-gap-default\">\n\t\t\t\t\t<div class=\"elementor-column elementor-col-100 elementor-inner-column elementor-element elementor-element-89d2c70\" data-id=\"89d2c70\" data-element_type=\"column\">\n\t\t\t<div class=\"elementor-widget-wrap elementor-element-populated\">\n\t\t\t\t\t\t<div class=\"elementor-element elementor-element-fe61208 elementor-widget elementor-widget-heading\" data-id=\"fe61208\" data-element_type=\"widget\" data-widget_type=\"heading.default\">\n\t\t\t\t<div class=\"elementor-widget-container\">\n\t\t\t<h1 class=\"elementor-heading-title elementor-size-default\">Compra v\u00eda Hospital Italiano Buenos Aires\n<\/h1>\t\t<\/div>\n\t\t\t\t<\/div>\n\t\t\t\t\t<\/div>\n\t\t<\/div>\n\t\t\t\t\t<\/div>\n\t\t<\/section>\n\t\t\t\t\t<\/div>\n\t\t<\/div>\n\t\t\t\t\t<\/div>\n\t\t<\/section>\n\t\t\t\t<section class=\"elementor-section elementor-top-section elementor-element elementor-element-f313530 elementor-section-boxed elementor-section-height-default elementor-section-height-default\" data-id=\"f313530\" data-element_type=\"section\">\n\t\t\t\t\t\t<div class=\"elementor-container elementor-column-gap-wider\">\n\t\t\t\t\t<div class=\"elementor-column elementor-col-50 elementor-top-column elementor-element elementor-element-12adfe5\" data-id=\"12adfe5\" data-element_type=\"column\">\n\t\t\t<div class=\"elementor-widget-wrap elementor-element-populated\">\n\t\t\t\t\t\t<div class=\"elementor-element elementor-element-9c946b3 elementor-widget elementor-widget-heading\" data-id=\"9c946b3\" data-element_type=\"widget\" data-widget_type=\"heading.default\">\n\t\t\t\t<div class=\"elementor-widget-container\">\n\t\t\t<h2 class=\"elementor-heading-title elementor-size-default\">Nuestro sistema permite al beneficiario la presentaci\u00f3n, por v\u00eda de reintegro, de los gastos por la compra de medicamentos no reconocidos por otro sistema al que se encuentre adherido. En estos casos, el recupero del gasto puede llegar a ser total.<\/h2>\t\t<\/div>\n\t\t\t\t<\/div>\n\t\t\t\t\t<\/div>\n\t\t<\/div>\n\t\t\t\t<div class=\"elementor-column elementor-col-50 elementor-top-column elementor-element elementor-element-a2eda07\" data-id=\"a2eda07\" data-element_type=\"column\">\n\t\t\t<div class=\"elementor-widget-wrap elementor-element-populated\">\n\t\t\t\t\t\t<div class=\"elementor-element elementor-element-a2a100c elementor-widget elementor-widget-text-editor\" data-id=\"a2a100c\" data-element_type=\"widget\" data-widget_type=\"text-editor.default\">\n\t\t\t\t<div class=\"elementor-widget-container\">\n\t\t\t\t\t\t\t<p>Para ello, nuestro beneficiario debe utilizar en primera instancia la otra cobertura de salud que posee y luego solicitar a nuestra Caja el reintegro de los importes no cubiertos por aquella. En todos los casos el tope de reintegro alcanza hasta el total que, para el tipo de gasto realizado, tenga previsto nuestra Caja<\/p>\t\t\t\t\t\t<\/div>\n\t\t\t\t<\/div>\n\t\t\t\t\t<\/div>\n\t\t<\/div>\n\t\t\t\t\t<\/div>\n\t\t<\/section>\n\t\t\t\t<section class=\"elementor-section elementor-top-section elementor-element elementor-element-e540836 elementor-section-boxed elementor-section-height-default elementor-section-height-default\" data-id=\"e540836\" data-element_type=\"section\">\n\t\t\t\t\t\t<div class=\"elementor-container elementor-column-gap-default\">\n\t\t\t\t\t<div class=\"elementor-column elementor-col-100 elementor-top-column elementor-element elementor-element-467b0b7\" data-id=\"467b0b7\" data-element_type=\"column\">\n\t\t\t<div class=\"elementor-widget-wrap elementor-element-populated\">\n\t\t\t\t\t\t<div class=\"elementor-element elementor-element-e03aac7 elementor-widget elementor-widget-heading\" data-id=\"e03aac7\" data-element_type=\"widget\" data-widget_type=\"heading.default\">\n\t\t\t\t<div class=\"elementor-widget-container\">\n\t\t\t<h3 class=\"elementor-heading-title elementor-size-default\">Documentaci\u00f3n que debe presentar:<\/h3>\t\t<\/div>\n\t\t\t\t<\/div>\n\t\t\t\t<div class=\"elementor-element elementor-element-c1475a9 elementor-icon-list--layout-traditional elementor-list-item-link-full_width elementor-widget elementor-widget-icon-list\" data-id=\"c1475a9\" data-element_type=\"widget\" data-widget_type=\"icon-list.default\">\n\t\t\t\t<div class=\"elementor-widget-container\">\n\t\t\t\t\t<ul class=\"elementor-icon-list-items\">\n\t\t\t\t\t\t\t<li class=\"elementor-icon-list-item\">\n\t\t\t\t\t\t\t\t\t\t\t<span class=\"elementor-icon-list-icon\">\n\t\t\t\t\t\t\t<i aria-hidden=\"true\" class=\"fas fa-circle\"><\/i>\t\t\t\t\t\t<\/span>\n\t\t\t\t\t\t\t\t\t\t<span class=\"elementor-icon-list-text\">Fotocopia de la receta m\u00e9dica que retuvo la farmacia<\/span>\n\t\t\t\t\t\t\t\t\t<\/li>\n\t\t\t\t\t\t\t\t<li class=\"elementor-icon-list-item\">\n\t\t\t\t\t\t\t\t\t\t\t<span class=\"elementor-icon-list-icon\">\n\t\t\t\t\t\t\t<i aria-hidden=\"true\" class=\"fas fa-circle\"><\/i>\t\t\t\t\t\t<\/span>\n\t\t\t\t\t\t\t\t\t\t<span class=\"elementor-icon-list-text\">Ticket original del pago realizado<\/span>\n\t\t\t\t\t\t\t\t\t<\/li>\n\t\t\t\t\t\t<\/ul>\n\t\t\t\t<\/div>\n\t\t\t\t<\/div>\n\t\t\t\t\t<\/div>\n\t\t<\/div>\n\t\t\t\t\t<\/div>\n\t\t<\/section>\n\t\t\t\t<section class=\"elementor-section elementor-top-section elementor-element elementor-element-7856242 elementor-section-boxed elementor-section-height-default elementor-section-height-default\" data-id=\"7856242\" data-element_type=\"section\">\n\t\t\t\t\t\t<div class=\"elementor-container elementor-column-gap-default\">\n\t\t\t\t\t<div class=\"elementor-column elementor-col-50 elementor-top-column elementor-element elementor-element-a0eb123\" data-id=\"a0eb123\" data-element_type=\"column\">\n\t\t\t<div class=\"elementor-widget-wrap elementor-element-populated\">\n\t\t\t\t\t\t<div class=\"elementor-element elementor-element-629b720 elementor-widget elementor-widget-heading\" data-id=\"629b720\" data-element_type=\"widget\" data-widget_type=\"heading.default\">\n\t\t\t\t<div class=\"elementor-widget-container\">\n\t\t\t<h3 class=\"elementor-heading-title elementor-size-default\">Caso Especial: compra v\u00eda Hospital Italiano Buenos Aires<\/h3>\t\t<\/div>\n\t\t\t\t<\/div>\n\t\t\t\t<div class=\"elementor-element elementor-element-01c0764 elementor-widget elementor-widget-heading\" data-id=\"01c0764\" data-element_type=\"widget\" data-widget_type=\"heading.default\">\n\t\t\t\t<div class=\"elementor-widget-container\">\n\t\t\t<h4 class=\"elementor-heading-title elementor-size-default\">El beneficiarios de nuestra Caja que realice la adquisici\u00f3n de medicamentos en las farmacias del Hospital Italiano, gozar\u00e1 de un descuento del 40% en el precio de su factura (Circ. 341\/03). El remanente se reintegrar\u00e1 conforme a los valores de la Caja.<\/h4>\t\t<\/div>\n\t\t\t\t<\/div>\n\t\t\t\t<div class=\"elementor-element elementor-element-3c3a307 elementor-widget elementor-widget-text-editor\" data-id=\"3c3a307\" data-element_type=\"widget\" data-widget_type=\"text-editor.default\">\n\t\t\t\t<div class=\"elementor-widget-container\">\n\t\t\t\t\t\t\t<p>Los pasos a seguir a ese efecto son los siguientes (Circ. 344\/03):<\/p>\n<ul>\n<li>Empadronamiento en el sistema inform\u00e1tico del Hospital. Con la credencial de afiliado a nuestra Caja, deber\u00e1 concurrir a las Oficinas de Empadronamiento: Gasc\u00f3n 450, subsuelo; Consultorios Externos de Potos\u00ed 4032, o Centro Agust\u00edn Rocca de San Justo. El tr\u00e1mite es r\u00e1pido y se verifica por una \u00fanica vez. Se proveer\u00e1 al afiliado un carn\u00e9 que lo identificar\u00e1 como paciente del Hospital, en el cual se cargar\u00e1 -si es necesario- su Historia Cl\u00ednica Electr\u00f3nica.<\/li>\n<li>Realizar la consulta al m\u00e9dico del Hospital Italiano.<\/li>\n<li>Al indicar el profesional un medicamento, el afiliado deber\u00e1 comunicarle que lo adquirir\u00e1 en la farmacia del Hospital. En ese caso el profesional asentar\u00e1 la prescripci\u00f3n&nbsp;<em><strong>en un recetario del hospital.<\/strong><\/em><\/li>\n<li>En cualquiera de las farmacias del Hospital o en los Centros Perif\u00e9ricos habilitados (Caballito, Barrio Norte II, Flores y Belgrano I), el afiliado presentar\u00e1 la receta, el carn\u00e9 emitido por el Hospital y la credencial de afiliado a la Caja. Junto con los medicamentos, se extender\u00e1n al afiliado dos comprobantes:<\/li>\n<\/ul>\n<ol>\n<li>Un&nbsp;<em>ticket no fiscal,<\/em>&nbsp;en el que figurar\u00e1 el nombre, el precio de venta y el descuento efectuado por la farmacia; y<\/li>\n<li>Un&nbsp;<em>ticket fiscal,&nbsp;<\/em>con el monto a abonar.<\/li>\n<\/ol>\n<ul>\n<li>Para solicitar el reintegro de lo abonado, el afiliado deber\u00e1 presentar a la Caja&nbsp;<em>ambos tickets<\/em>&nbsp;por la v\u00eda habitual. No deber\u00e1 acompa\u00f1ar la receta, ya que quedar\u00e1 en poder del Hospital.<\/li>\n<li>En caso de medicamentos para tratamiento de patolog\u00edas cr\u00f3nicas (hipertensi\u00f3n arterial, diabetes, etc.) el profesional cargar\u00e1 esta condici\u00f3n en la Historia Cl\u00ednica Electr\u00f3nica del afiliado, de modo que \u00e9ste podr\u00e1 adquirir esos medicamentos en la farmacia del Hospital sin necesidad de nueva receta m\u00e9dica por el t\u00e9rmino de un a\u00f1o.<\/li>\n<\/ul>\t\t\t\t\t\t<\/div>\n\t\t\t\t<\/div>\n\t\t\t\t\t<\/div>\n\t\t<\/div>\n\t\t\t\t<div class=\"elementor-column elementor-col-50 elementor-top-column elementor-element elementor-element-a5fbc6f\" data-id=\"a5fbc6f\" data-element_type=\"column\">\n\t\t\t<div class=\"elementor-widget-wrap\">\n\t\t\t\t\t\t\t<\/div>\n\t\t<\/div>\n\t\t\t\t\t<\/div>\n\t\t<\/section>\n\t\t\t\t<\/div>\n\t\t","protected":false},"excerpt":{"rendered":"<p>Compra v\u00eda Hospital Italiano Buenos Aires Nuestro sistema permite al beneficiario la presentaci\u00f3n, por v\u00eda de reintegro, de los gastos por la compra de medicamentos no reconocidos por otro sistema al que se encuentre adherido. En estos casos, el recupero del gasto puede llegar a ser total. Para ello, nuestro beneficiario debe utilizar en primera [&hellip;]<\/p>\n","protected":false},"author":3,"featured_media":11814,"parent":1941,"menu_order":0,"comment_status":"closed","ping_status":"closed","template":"","meta":{"footnotes":""},"class_list":["post-3602","page","type-page","status-publish","has-post-thumbnail","hentry"],"acf":[],"_links":{"self":[{"href":"https:\/\/www.colescba.org.ar\/portal\/wp-json\/wp\/v2\/pages\/3602","targetHints":{"allow":["GET"]}}],"collection":[{"href":"https:\/\/www.colescba.org.ar\/portal\/wp-json\/wp\/v2\/pages"}],"about":[{"href":"https:\/\/www.colescba.org.ar\/portal\/wp-json\/wp\/v2\/types\/page"}],"author":[{"embeddable":true,"href":"https:\/\/www.colescba.org.ar\/portal\/wp-json\/wp\/v2\/users\/3"}],"replies":[{"embeddable":true,"href":"https:\/\/www.colescba.org.ar\/portal\/wp-json\/wp\/v2\/comments?post=3602"}],"version-history":[{"count":119,"href":"https:\/\/www.colescba.org.ar\/portal\/wp-json\/wp\/v2\/pages\/3602\/revisions"}],"predecessor-version":[{"id":61394,"href":"https:\/\/www.colescba.org.ar\/portal\/wp-json\/wp\/v2\/pages\/3602\/revisions\/61394"}],"up":[{"embeddable":true,"href":"https:\/\/www.colescba.org.ar\/portal\/wp-json\/wp\/v2\/pages\/1941"}],"wp:featuredmedia":[{"embeddable":true,"href":"https:\/\/www.colescba.org.ar\/portal\/wp-json\/wp\/v2\/media\/11814"}],"wp:attachment":[{"href":"https:\/\/www.colescba.org.ar\/portal\/wp-json\/wp\/v2\/media?parent=3602"}],"curies":[{"name":"wp","href":"https:\/\/api.w.org\/{rel}","templated":true}]}}