{"id":3996,"date":"2022-03-08T11:59:16","date_gmt":"2022-03-08T11:59:16","guid":{"rendered":"https:\/\/www.colescba.org.ar\/portal\/?page_id=3996"},"modified":"2024-07-31T13:50:28","modified_gmt":"2024-07-31T16:50:28","slug":"archivo-de-actuaciones-notariales","status":"publish","type":"page","link":"https:\/\/www.colescba.org.ar\/portal\/tramites\/archivo-de-actuaciones-notariales","title":{"rendered":"Archivo de Actuaciones Notariales"},"content":{"rendered":"\t\t<div data-elementor-type=\"wp-page\" data-elementor-id=\"3996\" class=\"elementor elementor-3996\" data-elementor-post-type=\"page\">\n\t\t\t\t\t\t<section class=\"elementor-section elementor-top-section elementor-element elementor-element-d452729 elementor-section-boxed elementor-section-height-default elementor-section-height-default\" data-id=\"d452729\" data-element_type=\"section\">\n\t\t\t\t\t\t\t<div class=\"elementor-background-overlay\"><\/div>\n\t\t\t\t\t\t\t<div class=\"elementor-container elementor-column-gap-default\">\n\t\t\t\t\t<div class=\"elementor-column elementor-col-100 elementor-top-column elementor-element elementor-element-afa79e7\" data-id=\"afa79e7\" data-element_type=\"column\">\n\t\t\t<div class=\"elementor-widget-wrap elementor-element-populated\">\n\t\t\t\t\t\t<section class=\"elementor-section elementor-inner-section elementor-element elementor-element-8d8b7fe elementor-section-boxed elementor-section-height-default elementor-section-height-default\" data-id=\"8d8b7fe\" data-element_type=\"section\">\n\t\t\t\t\t\t<div class=\"elementor-container elementor-column-gap-default\">\n\t\t\t\t\t<div class=\"elementor-column elementor-col-100 elementor-inner-column elementor-element elementor-element-9403036\" data-id=\"9403036\" data-element_type=\"column\">\n\t\t\t<div class=\"elementor-widget-wrap elementor-element-populated\">\n\t\t\t\t\t\t<div class=\"elementor-element elementor-element-a405557 elementor-widget elementor-widget-heading\" data-id=\"a405557\" data-element_type=\"widget\" data-widget_type=\"heading.default\">\n\t\t\t\t<div class=\"elementor-widget-container\">\n\t\t\t<h1 class=\"elementor-heading-title elementor-size-default\">Archivo de Actuaciones Notariales<\/h1>\t\t<\/div>\n\t\t\t\t<\/div>\n\t\t\t\t\t<\/div>\n\t\t<\/div>\n\t\t\t\t\t<\/div>\n\t\t<\/section>\n\t\t\t\t\t<\/div>\n\t\t<\/div>\n\t\t\t\t\t<\/div>\n\t\t<\/section>\n\t\t\t\t<section class=\"elementor-section elementor-top-section elementor-element elementor-element-1435433 elementor-section-boxed elementor-section-height-default elementor-section-height-default\" data-id=\"1435433\" data-element_type=\"section\" data-settings=\"{&quot;background_background&quot;:&quot;classic&quot;}\">\n\t\t\t\t\t\t<div class=\"elementor-container elementor-column-gap-extended\">\n\t\t\t\t\t<div class=\"elementor-column elementor-col-25 elementor-top-column elementor-element elementor-element-b9c2f28\" data-id=\"b9c2f28\" data-element_type=\"column\">\n\t\t\t<div class=\"elementor-widget-wrap elementor-element-populated\">\n\t\t\t\t\t\t<div class=\"elementor-element elementor-element-53a615d elementor-cta--valign-middle elementor-bg-transform elementor-bg-transform-zoom-out box-info elementor-cta--skin-classic elementor-animated-content elementor-widget elementor-widget-call-to-action\" data-id=\"53a615d\" data-element_type=\"widget\" data-widget_type=\"call-to-action.default\">\n\t\t\t\t<div class=\"elementor-widget-container\">\n\t\t\t\t\t<a class=\"elementor-cta\" href=\"https:\/\/www.colescba.org.ar\/www\/pages\/protocolos\/indexConsultaActuaciones.jsf\" target=\"_blank\">\n\t\t\t\t\t\t\t<div class=\"elementor-cta__content\">\n\t\t\t\t\n\t\t\t\t\t\t\t\t\t<h3 class=\"elementor-cta__title elementor-cta__content-item elementor-content-item\">\n\t\t\t\t\t\tAntecedentes del Notario\t\t\t\t\t<\/h3>\n\t\t\t\t\n\t\t\t\t\n\t\t\t\t\t\t\t<\/div>\n\t\t\t\t\t\t<\/a>\n\t\t\t\t<\/div>\n\t\t\t\t<\/div>\n\t\t\t\t\t<\/div>\n\t\t<\/div>\n\t\t\t\t<div class=\"elementor-column elementor-col-25 elementor-top-column elementor-element elementor-element-1ccd198\" data-id=\"1ccd198\" data-element_type=\"column\">\n\t\t\t<div class=\"elementor-widget-wrap elementor-element-populated\">\n\t\t\t\t\t\t<div class=\"elementor-element elementor-element-d03b948 elementor-cta--valign-middle elementor-bg-transform elementor-bg-transform-zoom-out box-info elementor-cta--skin-classic elementor-animated-content elementor-widget elementor-widget-call-to-action\" data-id=\"d03b948\" data-element_type=\"widget\" data-widget_type=\"call-to-action.default\">\n\t\t\t\t<div class=\"elementor-widget-container\">\n\t\t\t\t\t<a class=\"elementor-cta\" href=\"https:\/\/www.colescba.org.ar\/www\/pages\/archivo\/segTestimonio\/index.jsf\" target=\"_blank\">\n\t\t\t\t\t\t\t<div class=\"elementor-cta__content\">\n\t\t\t\t\n\t\t\t\t\t\t\t\t\t<h3 class=\"elementor-cta__title elementor-cta__content-item elementor-content-item\">\n\t\t\t\t\t\tSegundo Testimonio\t\t\t\t\t<\/h3>\n\t\t\t\t\n\t\t\t\t\n\t\t\t\t\t\t\t<\/div>\n\t\t\t\t\t\t<\/a>\n\t\t\t\t<\/div>\n\t\t\t\t<\/div>\n\t\t\t\t\t<\/div>\n\t\t<\/div>\n\t\t\t\t<div class=\"elementor-column elementor-col-25 elementor-top-column elementor-element elementor-element-a15ec8c\" data-id=\"a15ec8c\" data-element_type=\"column\">\n\t\t\t<div class=\"elementor-widget-wrap elementor-element-populated\">\n\t\t\t\t\t\t<div class=\"elementor-element elementor-element-7bf7a1c elementor-cta--valign-middle elementor-bg-transform elementor-bg-transform-zoom-out box-info elementor-cta--skin-classic elementor-animated-content elementor-widget elementor-widget-call-to-action\" data-id=\"7bf7a1c\" data-element_type=\"widget\" data-widget_type=\"call-to-action.default\">\n\t\t\t\t<div class=\"elementor-widget-container\">\n\t\t\t\t\t<a class=\"elementor-cta\" href=\"https:\/\/www.colescba.org.ar\/www\/pages\/protocolos\/indexIngresoAnioBusquedaRegistro.jsf\" target=\"_blank\">\n\t\t\t\t\t\t\t<div class=\"elementor-cta__content\">\n\t\t\t\t\n\t\t\t\t\t\t\t\t\t<h3 class=\"elementor-cta__title elementor-cta__content-item elementor-content-item\">\n\t\t\t\t\t\tUbicaci\u00f3n de Protocolo\t\t\t\t\t<\/h3>\n\t\t\t\t\n\t\t\t\t\n\t\t\t\t\t\t\t<\/div>\n\t\t\t\t\t\t<\/a>\n\t\t\t\t<\/div>\n\t\t\t\t<\/div>\n\t\t\t\t\t<\/div>\n\t\t<\/div>\n\t\t\t\t<div class=\"elementor-column elementor-col-25 elementor-top-column elementor-element elementor-element-7715218\" data-id=\"7715218\" data-element_type=\"column\">\n\t\t\t<div class=\"elementor-widget-wrap elementor-element-populated\">\n\t\t\t\t\t\t<div class=\"elementor-element elementor-element-4fb9a14 elementor-cta--valign-middle elementor-bg-transform elementor-bg-transform-zoom-out box-info elementor-cta--skin-classic elementor-animated-content elementor-widget elementor-widget-call-to-action\" data-id=\"4fb9a14\" data-element_type=\"widget\" data-widget_type=\"call-to-action.default\">\n\t\t\t\t<div class=\"elementor-widget-container\">\n\t\t\t\t\t<a class=\"elementor-cta\" href=\"https:\/\/www.colescba.org.ar\/portal\/organismos\/archivo-de-actuaciones-notariales\">\n\t\t\t\t\t\t\t<div class=\"elementor-cta__content\">\n\t\t\t\t\n\t\t\t\t\t\t\t\t\t<h3 class=\"elementor-cta__title elementor-cta__content-item elementor-content-item\">\n\t\t\t\t\t\tM\u00e1s Informaci\u00f3n Sobre el Archivo\t\t\t\t\t<\/h3>\n\t\t\t\t\n\t\t\t\t\n\t\t\t\t\t\t\t<\/div>\n\t\t\t\t\t\t<\/a>\n\t\t\t\t<\/div>\n\t\t\t\t<\/div>\n\t\t\t\t\t<\/div>\n\t\t<\/div>\n\t\t\t\t\t<\/div>\n\t\t<\/section>\n\t\t\t\t<section class=\"elementor-section elementor-top-section elementor-element elementor-element-68da1e4 elementor-section-boxed elementor-section-height-default elementor-section-height-default\" data-id=\"68da1e4\" data-element_type=\"section\" data-settings=\"{&quot;background_background&quot;:&quot;classic&quot;}\">\n\t\t\t\t\t\t<div class=\"elementor-container elementor-column-gap-default\">\n\t\t\t\t\t<div class=\"elementor-column elementor-col-50 elementor-top-column elementor-element elementor-element-be1c7ab\" data-id=\"be1c7ab\" data-element_type=\"column\">\n\t\t\t<div class=\"elementor-widget-wrap elementor-element-populated\">\n\t\t\t\t\t\t<div class=\"elementor-element elementor-element-585d90f elementor-view-default elementor-widget elementor-widget-icon\" data-id=\"585d90f\" data-element_type=\"widget\" data-widget_type=\"icon.default\">\n\t\t\t\t<div class=\"elementor-widget-container\">\n\t\t\t\t\t<div class=\"elementor-icon-wrapper\">\n\t\t\t<div class=\"elementor-icon\">\n\t\t\t<svg xmlns=\"http:\/\/www.w3.org\/2000\/svg\" xmlns:xlink=\"http:\/\/www.w3.org\/1999\/xlink\" id=\"Layer_1\" x=\"0px\" y=\"0px\" viewBox=\"0 0 200 120\" style=\"enable-background:new 0 0 200 120;\" xml:space=\"preserve\"><g>\t<path d=\"M17.1,70.7h24.5v5H17.1V70.7z\"><\/path>\t<path d=\"M16.6,81.7h49.9v5H16.6L16.6,81.7z\"><\/path>\t<path d=\"M49.1,70.7h17.5v5H49.1L49.1,70.7z\"><\/path>\t<path d=\"M131.5,80.2H109v22.5h22.5V80.2z M126.5,97.7H114V85.2h12.5V97.7z\"><\/path>\t<path d=\"M189.2,3.3H61.7c-4.6,0-8.3,3.7-8.3,8.3v11.6H10.8c-4.6,0-8.3,3.7-8.3,8.3v76.7c0,4.6,3.7,8.3,8.3,8.3h127.4  c4.6,0,8.3-3.7,8.3-8.3V96.7h42.6c4.6,0,8.3-3.7,8.3-8.3V11.7C197.5,7.1,193.8,3.3,189.2,3.3L189.2,3.3z M141.6,108.3  c0,1.8-1.5,3.3-3.3,3.3H10.8c-1.8,0-3.3-1.5-3.3-3.3l0-45.6h134.1L141.6,108.3z M7.9,57.7v-12h133.4v12H7.9z M141.6,40.8H7.5v-9.1  c0-1.8,1.5-3.3,3.3-3.3h127.4c1.8,0,3.3,1.5,3.3,3.3L141.6,40.8z M192.5,88.4c0,1.8-1.5,3.3-3.3,3.3l-42.6,0V77.9  c2.5,3.5,6.6,5.8,11.2,5.8c2.1,0,4.2-0.5,6.1-1.4c1.9,0.9,4,1.4,6.1,1.4c7.6,0,13.7-6.2,13.7-13.7s-6.2-13.7-13.7-13.7  c-2.1,0-4.2,0.5-6.1,1.4c-1.9-0.9-4-1.4-6.1-1.4c-4.6,0-8.7,2.3-11.2,5.8V45.8h5.5v-5h-5.5v-9.1c0-4.6-3.7-8.3-8.3-8.3H58.4V11.7  c0-1.8,1.5-3.3,3.3-3.3h127.4c1.8,0,3.3,1.5,3.3,3.3L192.5,88.4z M159.3,78.6c-0.5,0.1-1,0.1-1.5,0.1c-4.8,0-8.7-3.9-8.7-8.7  s3.9-8.7,8.7-8.7c0.5,0,1,0,1.5,0.1c-1.9,2.4-3,5.4-3,8.6C156.3,73.2,157.4,76.2,159.3,78.6L159.3,78.6z M161.3,70  c0-2.9,1.4-5.6,3.8-7.2c1.5-1,3.2-1.6,5-1.6c4.8,0,8.7,3.9,8.7,8.7c0,4.8-3.9,8.7-8.7,8.7c-1.8,0-3.6-0.6-5-1.6  C162.7,75.5,161.3,72.8,161.3,70L161.3,70z\"><\/path>\t<path d=\"M172.4,40.8l-1.4,0l0,5l1.4,0c2.7,0,7.2,0,9.1,0l0-5C179.6,40.8,175.2,40.8,172.4,40.8L172.4,40.8z\"><\/path>\t<path d=\"M156.5,45.8c2.8,0,8,0,10.8,0l0-5c-2.8,0-8,0-10.8,0L156.5,45.8z\"><\/path><\/g><\/svg>\t\t\t<\/div>\n\t\t<\/div>\n\t\t\t\t<\/div>\n\t\t\t\t<\/div>\n\t\t\t\t<div class=\"elementor-element elementor-element-7d9cf61 elementor-widget elementor-widget-heading\" data-id=\"7d9cf61\" data-element_type=\"widget\" data-widget_type=\"heading.default\">\n\t\t\t\t<div class=\"elementor-widget-container\">\n\t\t\t<h2 class=\"elementor-heading-title elementor-size-default\">Medios de Pago<\/h2>\t\t<\/div>\n\t\t\t\t<\/div>\n\t\t\t\t<div class=\"elementor-element elementor-element-06932b3 elementor-widget elementor-widget-text-editor\" data-id=\"06932b3\" data-element_type=\"widget\" data-widget_type=\"text-editor.default\">\n\t\t\t\t<div class=\"elementor-widget-container\">\n\t\t\t\t\t\t\t<p>Los pagos por tr\u00e1mites del Archivo de Actuaciones Notariales podr\u00e1n realizarse a trav\u00e9s de las cajas habilitadas al efecto en esta instituci\u00f3n, de lunes a viernes de 8.30 a 14, exclusivamente con los siguientes medios de pago:<\/p><ul><li><strong><span class=\"tramite-colegio\">Tarjetas de d\u00e9bito Visa, Cabal y Maestro.<\/span><\/strong><\/li><li><strong><span class=\"tramite-colegio\">Cuenta DNI<\/span>\u00a0<\/strong>de Banco Provincia.<\/li><li><span class=\"tramite-colegio\"><strong>Cuenta Notaria<\/strong>l<\/span>\u00a0(para escribanos de la provincia de Buenos Aires).<\/li><\/ul>\t\t\t\t\t\t<\/div>\n\t\t\t\t<\/div>\n\t\t\t\t\t<\/div>\n\t\t<\/div>\n\t\t\t\t<div class=\"elementor-column elementor-col-50 elementor-top-column elementor-element elementor-element-91cbbba elementor-hidden-tablet elementor-hidden-mobile\" data-id=\"91cbbba\" data-element_type=\"column\">\n\t\t\t<div class=\"elementor-widget-wrap elementor-element-populated\">\n\t\t\t\t\t\t\t<\/div>\n\t\t<\/div>\n\t\t\t\t\t<\/div>\n\t\t<\/section>\n\t\t\t\t<\/div>\n\t\t","protected":false},"excerpt":{"rendered":"<p>Archivo de Actuaciones Notariales Antecedentes del Notario Segundo Testimonio Ubicaci\u00f3n de Protocolo M\u00e1s Informaci\u00f3n Sobre el Archivo Medios de Pago Los pagos por tr\u00e1mites del Archivo de Actuaciones Notariales podr\u00e1n realizarse a trav\u00e9s de las cajas habilitadas al efecto en esta instituci\u00f3n, de lunes a viernes de 8.30 a 14, exclusivamente con los siguientes medios [&hellip;]<\/p>\n","protected":false},"author":4,"featured_media":11814,"parent":1604,"menu_order":0,"comment_status":"closed","ping_status":"closed","template":"","meta":{"footnotes":""},"class_list":["post-3996","page","type-page","status-publish","has-post-thumbnail","hentry"],"acf":[],"_links":{"self":[{"href":"https:\/\/www.colescba.org.ar\/portal\/wp-json\/wp\/v2\/pages\/3996","targetHints":{"allow":["GET"]}}],"collection":[{"href":"https:\/\/www.colescba.org.ar\/portal\/wp-json\/wp\/v2\/pages"}],"about":[{"href":"https:\/\/www.colescba.org.ar\/portal\/wp-json\/wp\/v2\/types\/page"}],"author":[{"embeddable":true,"href":"https:\/\/www.colescba.org.ar\/portal\/wp-json\/wp\/v2\/users\/4"}],"replies":[{"embeddable":true,"href":"https:\/\/www.colescba.org.ar\/portal\/wp-json\/wp\/v2\/comments?post=3996"}],"version-history":[{"count":68,"href":"https:\/\/www.colescba.org.ar\/portal\/wp-json\/wp\/v2\/pages\/3996\/revisions"}],"predecessor-version":[{"id":8313,"href":"https:\/\/www.colescba.org.ar\/portal\/wp-json\/wp\/v2\/pages\/3996\/revisions\/8313"}],"up":[{"embeddable":true,"href":"https:\/\/www.colescba.org.ar\/portal\/wp-json\/wp\/v2\/pages\/1604"}],"wp:featuredmedia":[{"embeddable":true,"href":"https:\/\/www.colescba.org.ar\/portal\/wp-json\/wp\/v2\/media\/11814"}],"wp:attachment":[{"href":"https:\/\/www.colescba.org.ar\/portal\/wp-json\/wp\/v2\/media?parent=3996"}],"curies":[{"name":"wp","href":"https:\/\/api.w.org\/{rel}","templated":true}]}}