{"id":4341,"date":"2022-03-15T13:58:09","date_gmt":"2022-03-15T13:58:09","guid":{"rendered":"https:\/\/www.colescba.org.ar\/portal\/?page_id=4341"},"modified":"2026-04-16T09:21:19","modified_gmt":"2026-04-16T12:21:19","slug":"emergencias-urgencias-traslados","status":"publish","type":"page","link":"https:\/\/www.colescba.org.ar\/portal\/caja-seguridad-social\/emergencias-urgencias-traslados","title":{"rendered":"Emergencias\/Urgencias\/Traslados"},"content":{"rendered":"\t\t<div data-elementor-type=\"wp-page\" data-elementor-id=\"4341\" class=\"elementor elementor-4341\" data-elementor-post-type=\"page\">\n\t\t\t\t\t\t<section class=\"elementor-section elementor-top-section elementor-element elementor-element-32e18fa elementor-section-boxed elementor-section-height-default elementor-section-height-default\" data-id=\"32e18fa\" data-element_type=\"section\">\n\t\t\t\t\t\t\t<div class=\"elementor-background-overlay\"><\/div>\n\t\t\t\t\t\t\t<div class=\"elementor-container elementor-column-gap-default\">\n\t\t\t\t\t<div class=\"elementor-column elementor-col-100 elementor-top-column elementor-element elementor-element-1ffe5a5\" data-id=\"1ffe5a5\" data-element_type=\"column\">\n\t\t\t<div class=\"elementor-widget-wrap elementor-element-populated\">\n\t\t\t\t\t\t<section class=\"elementor-section elementor-inner-section elementor-element elementor-element-a467a91 elementor-section-boxed elementor-section-height-default elementor-section-height-default\" data-id=\"a467a91\" data-element_type=\"section\">\n\t\t\t\t\t\t<div class=\"elementor-container elementor-column-gap-default\">\n\t\t\t\t\t<div class=\"elementor-column elementor-col-100 elementor-inner-column elementor-element elementor-element-d46490d\" data-id=\"d46490d\" data-element_type=\"column\">\n\t\t\t<div class=\"elementor-widget-wrap elementor-element-populated\">\n\t\t\t\t\t\t<div class=\"elementor-element elementor-element-bf8df99 elementor-widget elementor-widget-heading\" data-id=\"bf8df99\" data-element_type=\"widget\" data-widget_type=\"heading.default\">\n\t\t\t\t<div class=\"elementor-widget-container\">\n\t\t\t<h1 class=\"elementor-heading-title elementor-size-default\">Emergencias\/Urgencias\/Traslados<\/h1>\t\t<\/div>\n\t\t\t\t<\/div>\n\t\t\t\t\t<\/div>\n\t\t<\/div>\n\t\t\t\t\t<\/div>\n\t\t<\/section>\n\t\t\t\t\t<\/div>\n\t\t<\/div>\n\t\t\t\t\t<\/div>\n\t\t<\/section>\n\t\t\t\t<section class=\"elementor-section elementor-top-section elementor-element elementor-element-b5a6a85 elementor-section-boxed elementor-section-height-default elementor-section-height-default\" data-id=\"b5a6a85\" data-element_type=\"section\">\n\t\t\t\t\t\t<div class=\"elementor-container elementor-column-gap-default\">\n\t\t\t\t\t<div class=\"elementor-column elementor-col-50 elementor-top-column elementor-element elementor-element-9fa9223\" data-id=\"9fa9223\" data-element_type=\"column\" data-settings=\"{&quot;background_background&quot;:&quot;classic&quot;}\">\n\t\t\t<div class=\"elementor-widget-wrap elementor-element-populated\">\n\t\t\t\t\t\t<div class=\"elementor-element elementor-element-7db5d81 elementor-view-default elementor-position-top elementor-mobile-position-top elementor-widget elementor-widget-icon-box\" data-id=\"7db5d81\" data-element_type=\"widget\" data-widget_type=\"icon-box.default\">\n\t\t\t\t<div class=\"elementor-widget-container\">\n\t\t\t\t\t<div class=\"elementor-icon-box-wrapper\">\n\n\t\t\t\t\t\t<div class=\"elementor-icon-box-icon\">\n\t\t\t\t<span  class=\"elementor-icon elementor-animation-\">\n\t\t\t\t<i aria-hidden=\"true\" class=\"fas fa-info-circle\"><\/i>\t\t\t\t<\/span>\n\t\t\t<\/div>\n\t\t\t\n\t\t\t\t\t\t<div class=\"elementor-icon-box-content\">\n\n\t\t\t\t\t\t\t\t\t<h3 class=\"elementor-icon-box-title\">\n\t\t\t\t\t\t<span  >\n\t\t\t\t\t\t\tBah\u00eda Blanca\t\t\t\t\t\t<\/span>\n\t\t\t\t\t<\/h3>\n\t\t\t\t\n\t\t\t\t\t\t\t\t\t<p class=\"elementor-icon-box-description\">\n\t\t\t\t\t\tTres Arroyos:<br><strong> POLICOOP: (02983) 431222 \/ 608080 \/ 410777<\/strong>\n\t\t\t\t\t<\/p>\n\t\t\t\t\n\t\t\t<\/div>\n\t\t\t\n\t\t<\/div>\n\t\t\t\t<\/div>\n\t\t\t\t<\/div>\n\t\t\t\t\t<\/div>\n\t\t<\/div>\n\t\t\t\t<div class=\"elementor-column elementor-col-50 elementor-top-column elementor-element elementor-element-6370945\" data-id=\"6370945\" data-element_type=\"column\" data-settings=\"{&quot;background_background&quot;:&quot;classic&quot;}\">\n\t\t\t<div class=\"elementor-widget-wrap elementor-element-populated\">\n\t\t\t\t\t\t<div class=\"elementor-element elementor-element-8bfe0fc elementor-view-default elementor-position-top elementor-mobile-position-top elementor-widget elementor-widget-icon-box\" data-id=\"8bfe0fc\" data-element_type=\"widget\" data-widget_type=\"icon-box.default\">\n\t\t\t\t<div class=\"elementor-widget-container\">\n\t\t\t\t\t<div class=\"elementor-icon-box-wrapper\">\n\n\t\t\t\t\t\t<div class=\"elementor-icon-box-icon\">\n\t\t\t\t<span  class=\"elementor-icon elementor-animation-\">\n\t\t\t\t<i aria-hidden=\"true\" class=\"fas fa-info-circle\"><\/i>\t\t\t\t<\/span>\n\t\t\t<\/div>\n\t\t\t\n\t\t\t\t\t\t<div class=\"elementor-icon-box-content\">\n\n\t\t\t\t\t\t\t\t\t<h3 class=\"elementor-icon-box-title\">\n\t\t\t\t\t\t<span  >\n\t\t\t\t\t\t\tCiudad Aut\u00f3noma de Buenos Aires\t\t\t\t\t\t<\/span>\n\t\t\t\t\t<\/h3>\n\t\t\t\t\n\t\t\t\t\t\t\t\t\t<p class=\"elementor-icon-box-description\">\n\t\t\t\t\t\t<strong>EMERGENCIAS S.A.: 0800-888-7654<\/strong> <a style=\"color:#01AE8F;\" href=\"https:\/\/www.colescba.org.ar\/portal\/wp-content\/uploads\/2022\/07\/emergencias-salud.pdf\" target=\"_blank\"> [+ info]<\/a><br> (Visitas domiciliarias a\/c del afiliado $5000 no reintegrables).<br><strong>VITTAL: 0810-333-8888 - (011) 4805-4545\/ 4555<br><\/strong> (Visitas domiciliarias a\/c del afiliado $5000 no reintegrables).<br><strong>ECCO: 0810-888-3226<br><\/strong> (Visitas domiciliarias a\/c del afiliado $5000 no reintegrables).\t\t\t\t\t<\/p>\n\t\t\t\t\n\t\t\t<\/div>\n\t\t\t\n\t\t<\/div>\n\t\t\t\t<\/div>\n\t\t\t\t<\/div>\n\t\t\t\t\t<\/div>\n\t\t<\/div>\n\t\t\t\t\t<\/div>\n\t\t<\/section>\n\t\t\t\t<section class=\"elementor-section elementor-top-section elementor-element elementor-element-83a35f3 elementor-section-boxed elementor-section-height-default elementor-section-height-default\" data-id=\"83a35f3\" data-element_type=\"section\">\n\t\t\t\t\t\t<div class=\"elementor-container elementor-column-gap-default\">\n\t\t\t\t\t<div class=\"elementor-column elementor-col-50 elementor-top-column elementor-element elementor-element-f923fac\" data-id=\"f923fac\" data-element_type=\"column\" data-settings=\"{&quot;background_background&quot;:&quot;classic&quot;}\">\n\t\t\t<div class=\"elementor-widget-wrap elementor-element-populated\">\n\t\t\t\t\t\t<div class=\"elementor-element elementor-element-8a5c811 elementor-view-default elementor-position-top elementor-mobile-position-top elementor-widget elementor-widget-icon-box\" data-id=\"8a5c811\" data-element_type=\"widget\" data-widget_type=\"icon-box.default\">\n\t\t\t\t<div class=\"elementor-widget-container\">\n\t\t\t\t\t<div class=\"elementor-icon-box-wrapper\">\n\n\t\t\t\t\t\t<div class=\"elementor-icon-box-icon\">\n\t\t\t\t<span  class=\"elementor-icon elementor-animation-\">\n\t\t\t\t<i aria-hidden=\"true\" class=\"fas fa-info-circle\"><\/i>\t\t\t\t<\/span>\n\t\t\t<\/div>\n\t\t\t\n\t\t\t\t\t\t<div class=\"elementor-icon-box-content\">\n\n\t\t\t\t\t\t\t\t\t<h3 class=\"elementor-icon-box-title\">\n\t\t\t\t\t\t<span  >\n\t\t\t\t\t\t\tLa Plata, Berisso y Ensenada\t\t\t\t\t\t<\/span>\n\t\t\t\t\t<\/h3>\n\t\t\t\t\n\t\t\t\t\t\t\t\t\t<p class=\"elementor-icon-box-description\">\n\t\t\t\t\t\t<strong>EMERGENCIAS S.A.: 0800-888-7654<\/strong> <a style=\"color:#01AE8F;\" href=\"https:\/\/www.colescba.org.ar\/portal\/wp-content\/uploads\/2022\/07\/emergencias-salud.pdf\" target=\"_blank\"> [+ info]<\/a><br>(Visitas domiciliarias a\/c del afiliado $5000 no reintegrables).<br>\n<strong>VITTAL: 0810-333-8888<br><\/strong>(Visitas domiciliarias a\/c del afiliado $5000 no reintegrables).<br>\n<strong>UDEC: Tel\u00e9fono 439-3434<br><\/strong>(Visitas a cargo del afiliado $5500).\n\t\t\t\t\t<\/p>\n\t\t\t\t\n\t\t\t<\/div>\n\t\t\t\n\t\t<\/div>\n\t\t\t\t<\/div>\n\t\t\t\t<\/div>\n\t\t\t\t\t<\/div>\n\t\t<\/div>\n\t\t\t\t<div class=\"elementor-column elementor-col-50 elementor-top-column elementor-element elementor-element-0bb1b7a\" data-id=\"0bb1b7a\" data-element_type=\"column\" data-settings=\"{&quot;background_background&quot;:&quot;classic&quot;}\">\n\t\t\t<div class=\"elementor-widget-wrap elementor-element-populated\">\n\t\t\t\t\t\t<div class=\"elementor-element elementor-element-a857375 elementor-view-default elementor-position-top elementor-mobile-position-top elementor-widget elementor-widget-icon-box\" data-id=\"a857375\" data-element_type=\"widget\" data-widget_type=\"icon-box.default\">\n\t\t\t\t<div class=\"elementor-widget-container\">\n\t\t\t\t\t<div class=\"elementor-icon-box-wrapper\">\n\n\t\t\t\t\t\t<div class=\"elementor-icon-box-icon\">\n\t\t\t\t<span  class=\"elementor-icon elementor-animation-\">\n\t\t\t\t<i aria-hidden=\"true\" class=\"fas fa-info-circle\"><\/i>\t\t\t\t<\/span>\n\t\t\t<\/div>\n\t\t\t\n\t\t\t\t\t\t<div class=\"elementor-icon-box-content\">\n\n\t\t\t\t\t\t\t\t\t<h3 class=\"elementor-icon-box-title\">\n\t\t\t\t\t\t<span  >\n\t\t\t\t\t\t\tLomas de Zamora\t\t\t\t\t\t<\/span>\n\t\t\t\t\t<\/h3>\n\t\t\t\t\n\t\t\t\t\t\t\t\t\t<p class=\"elementor-icon-box-description\">\n\t\t\t\t\t\t<strong>ECCO: 0810-888-3226<br><\/strong> (Visitas domiciliarias a\/c del afiliado $5000 no reintegrables)<br>Incluye: Avellaneda, Lan\u00fas, La Matanza (parte este), Quilmes, Berazategui, Ca\u00f1uelas, Lomas de Zamora, Florencio Varela, Almirante Brown, Esteban Echeverr\u00eda, Ezeiza, San Vicente, Presidente Per\u00f3n.<br><strong>Emergencias SA: 0800-888-7654 <\/strong> <a style=\"color:#01AE8F;\" href=\"https:\/\/www.colescba.org.ar\/portal\/wp-content\/uploads\/2022\/07\/emergencias-salud.pdf\" target=\"_blank\"> [+ info]<\/a><br>(Visitas domiciliarias a\/c del afiliado $5000 no reintegrables)<br>Incluye Almirante Brown, Avellaneda, Berazategui, Esteban Echeverr\u00eda, Ezeiza, Florencio Varela, Lan\u00fas, Lomas de Zamora, Presidente Per\u00f3n, Quilmes y San Vicente.<br><strong>VITTAL: 0810-333-8888<br><\/strong>(Visitas domiciliarias a\/c del afiliado $5000 no reintegrables)<br>Incluye: Almirante Brown, Lomas de Zamora, Berazategui, Avellaneda, Ca\u00f1uelas, Esteban Echeverr\u00eda, Ezeiza, Florencio Varela, Lan\u00fas, Presidente Per\u00f3n y Quilmes. \t\t\t\t\t<\/p>\n\t\t\t\t\n\t\t\t<\/div>\n\t\t\t\n\t\t<\/div>\n\t\t\t\t<\/div>\n\t\t\t\t<\/div>\n\t\t\t\t\t<\/div>\n\t\t<\/div>\n\t\t\t\t\t<\/div>\n\t\t<\/section>\n\t\t\t\t<section class=\"elementor-section elementor-top-section elementor-element elementor-element-27db957 elementor-section-boxed elementor-section-height-default elementor-section-height-default\" data-id=\"27db957\" data-element_type=\"section\">\n\t\t\t\t\t\t<div class=\"elementor-container elementor-column-gap-default\">\n\t\t\t\t\t<div class=\"elementor-column elementor-col-50 elementor-top-column elementor-element elementor-element-6f6ed36\" data-id=\"6f6ed36\" data-element_type=\"column\" data-settings=\"{&quot;background_background&quot;:&quot;classic&quot;}\">\n\t\t\t<div class=\"elementor-widget-wrap elementor-element-populated\">\n\t\t\t\t\t\t<div class=\"elementor-element elementor-element-7ec2dde elementor-view-default elementor-position-top elementor-mobile-position-top elementor-widget elementor-widget-icon-box\" data-id=\"7ec2dde\" data-element_type=\"widget\" data-widget_type=\"icon-box.default\">\n\t\t\t\t<div class=\"elementor-widget-container\">\n\t\t\t\t\t<div class=\"elementor-icon-box-wrapper\">\n\n\t\t\t\t\t\t<div class=\"elementor-icon-box-icon\">\n\t\t\t\t<span  class=\"elementor-icon elementor-animation-\">\n\t\t\t\t<i aria-hidden=\"true\" class=\"fas fa-info-circle\"><\/i>\t\t\t\t<\/span>\n\t\t\t<\/div>\n\t\t\t\n\t\t\t\t\t\t<div class=\"elementor-icon-box-content\">\n\n\t\t\t\t\t\t\t\t\t<h3 class=\"elementor-icon-box-title\">\n\t\t\t\t\t\t<span  >\n\t\t\t\t\t\t\tMar del Plata\t\t\t\t\t\t<\/span>\n\t\t\t\t\t<\/h3>\n\t\t\t\t\n\t\t\t\t\t\t\t\t\t<p class=\"elementor-icon-box-description\">\n\t\t\t\t\t\t<strong>VITTAL: (0223) 0810-333-8888<\/strong><br>(Visitas domiciliarias a\/c del afiliado $5000 no reintegrables).\t\t\t\t\t<\/p>\n\t\t\t\t\n\t\t\t<\/div>\n\t\t\t\n\t\t<\/div>\n\t\t\t\t<\/div>\n\t\t\t\t<\/div>\n\t\t\t\t\t<\/div>\n\t\t<\/div>\n\t\t\t\t<div class=\"elementor-column elementor-col-50 elementor-top-column elementor-element elementor-element-06a1ef5\" data-id=\"06a1ef5\" data-element_type=\"column\" data-settings=\"{&quot;background_background&quot;:&quot;classic&quot;}\">\n\t\t\t<div class=\"elementor-widget-wrap elementor-element-populated\">\n\t\t\t\t\t\t<div class=\"elementor-element elementor-element-1bc9743 elementor-view-default elementor-position-top elementor-mobile-position-top elementor-widget elementor-widget-icon-box\" data-id=\"1bc9743\" data-element_type=\"widget\" data-widget_type=\"icon-box.default\">\n\t\t\t\t<div class=\"elementor-widget-container\">\n\t\t\t\t\t<div class=\"elementor-icon-box-wrapper\">\n\n\t\t\t\t\t\t<div class=\"elementor-icon-box-icon\">\n\t\t\t\t<span  class=\"elementor-icon elementor-animation-\">\n\t\t\t\t<i aria-hidden=\"true\" class=\"fas fa-info-circle\"><\/i>\t\t\t\t<\/span>\n\t\t\t<\/div>\n\t\t\t\n\t\t\t\t\t\t<div class=\"elementor-icon-box-content\">\n\n\t\t\t\t\t\t\t\t\t<h3 class=\"elementor-icon-box-title\">\n\t\t\t\t\t\t<span  >\n\t\t\t\t\t\t\tMercedes\t\t\t\t\t\t<\/span>\n\t\t\t\t\t<\/h3>\n\t\t\t\t\n\t\t\t\t\t\t\t\t\t<p class=\"elementor-icon-box-description\">\n\t\t\t\t\t\t<strong>EMERGENCIAS S.A.: 0800-888-7654<\/strong> <a style=\"color:#01AE8F;\" href=\"https:\/\/www.colescba.org.ar\/portal\/wp-content\/uploads\/2022\/07\/emergencias-salud.pdf\" target=\"_blank\"> [+ info]<\/a><br>(Visitas domiciliarias a\/c del afiliado $5000 no reintegrables)<br>Incluye Luj\u00e1n.<br><strong>ECCO: 0810-888-3226<\/strong><br>(Visitas domiciliarias a\/c del afiliado $5000 no reintegrables)<br>Incluye: General Rodr\u00edguez y Luj\u00e1n.<br><strong>VITTAL: 0810-333-8888<br><\/strong>(Visitas domiciliarias a\/c del afiliado $5000 no reintegrables)<br>Incluye: Mercedes, General Rodr\u00edguez, Luj\u00e1n.\t\t\t\t\t<\/p>\n\t\t\t\t\n\t\t\t<\/div>\n\t\t\t\n\t\t<\/div>\n\t\t\t\t<\/div>\n\t\t\t\t<\/div>\n\t\t\t\t\t<\/div>\n\t\t<\/div>\n\t\t\t\t\t<\/div>\n\t\t<\/section>\n\t\t\t\t<section class=\"elementor-section elementor-top-section elementor-element elementor-element-1772e8d elementor-section-boxed elementor-section-height-default elementor-section-height-default\" data-id=\"1772e8d\" data-element_type=\"section\">\n\t\t\t\t\t\t<div class=\"elementor-container elementor-column-gap-default\">\n\t\t\t\t\t<div class=\"elementor-column elementor-col-50 elementor-top-column elementor-element elementor-element-b4d10cc\" data-id=\"b4d10cc\" data-element_type=\"column\" data-settings=\"{&quot;background_background&quot;:&quot;classic&quot;}\">\n\t\t\t<div class=\"elementor-widget-wrap elementor-element-populated\">\n\t\t\t\t\t\t<div class=\"elementor-element elementor-element-de77a73 elementor-view-default elementor-position-top elementor-mobile-position-top elementor-widget elementor-widget-icon-box\" data-id=\"de77a73\" data-element_type=\"widget\" data-widget_type=\"icon-box.default\">\n\t\t\t\t<div class=\"elementor-widget-container\">\n\t\t\t\t\t<div class=\"elementor-icon-box-wrapper\">\n\n\t\t\t\t\t\t<div class=\"elementor-icon-box-icon\">\n\t\t\t\t<span  class=\"elementor-icon elementor-animation-\">\n\t\t\t\t<i aria-hidden=\"true\" class=\"fas fa-info-circle\"><\/i>\t\t\t\t<\/span>\n\t\t\t<\/div>\n\t\t\t\n\t\t\t\t\t\t<div class=\"elementor-icon-box-content\">\n\n\t\t\t\t\t\t\t\t\t<h3 class=\"elementor-icon-box-title\">\n\t\t\t\t\t\t<span  >\n\t\t\t\t\t\t\tMor\u00f3n\t\t\t\t\t\t<\/span>\n\t\t\t\t\t<\/h3>\n\t\t\t\t\n\t\t\t\t\t\t\t\t\t<p class=\"elementor-icon-box-description\">\n\t\t\t\t\t\t<strong>ECCO: 0810-888-3226<br><\/strong>(Visitas domiciliarias a\/c del afiliado $5000 no reintegrables)<br>Incluye: General Las Heras, Mor\u00f3n, Moreno, Merlo, Hurlingham, Ituzaing\u00f3, La Matanza (parte Oeste), Jos\u00e9 C Paz, San Miguel, Malvinas Argentinas, Marcos Paz.<br><strong>VITTAL: 0810-333-8888<br> <\/strong>(Visitas domiciliarias a\/c del afiliado $5000 no reintegrables)<br>Incluye: Mor\u00f3n, General Sarmiento, Hurlingham, Ituzaing\u00f3, Jos\u00e9 C. Paz, La Matanza, Las Heras, Malvinas Argentinas, Marcos Paz, Merlo, Moreno, San Miguel.<br><strong>EMERGENCIAS S.A.: 0800-888-7654<\/strong> <a style=\"color:#01AE8F;\" href=\"https:\/\/www.colescba.org.ar\/portal\/wp-content\/uploads\/2022\/07\/emergencias-salud.pdf\" target=\"_blank\"> [+ info]<\/a><br>(Visitas domiciliarias a\/c del afiliado $5000 no reintegrables)<br>Incluye: General Las Heras, Hurlingham, Ituzaing\u00f3, Jos\u00e9 C. Paz, La Matanza, Malvinas Argentinas, Marcos Paz, Merlo, Moreno, Mor\u00f3n y San Miguel.<br><strong>+VIDA: 0810-444-8432<br><\/strong>(Visitas domiciliarias a\/c del afiliado $5000 no reintegrables).<br>Incluye los Partidos San Miguel, Malvinas Argentinas y Jos\u00e9 C. Paz.\t\t\t\t\t<\/p>\n\t\t\t\t\n\t\t\t<\/div>\n\t\t\t\n\t\t<\/div>\n\t\t\t\t<\/div>\n\t\t\t\t<\/div>\n\t\t\t\t\t<\/div>\n\t\t<\/div>\n\t\t\t\t<div class=\"elementor-column elementor-col-50 elementor-top-column elementor-element elementor-element-9150794\" data-id=\"9150794\" data-element_type=\"column\" data-settings=\"{&quot;background_background&quot;:&quot;classic&quot;}\">\n\t\t\t<div class=\"elementor-widget-wrap elementor-element-populated\">\n\t\t\t\t\t\t<div class=\"elementor-element elementor-element-8b8198f elementor-view-default elementor-position-top elementor-mobile-position-top elementor-widget elementor-widget-icon-box\" data-id=\"8b8198f\" data-element_type=\"widget\" data-widget_type=\"icon-box.default\">\n\t\t\t\t<div class=\"elementor-widget-container\">\n\t\t\t\t\t<div class=\"elementor-icon-box-wrapper\">\n\n\t\t\t\t\t\t<div class=\"elementor-icon-box-icon\">\n\t\t\t\t<span  class=\"elementor-icon elementor-animation-\">\n\t\t\t\t<i aria-hidden=\"true\" class=\"fas fa-info-circle\"><\/i>\t\t\t\t<\/span>\n\t\t\t<\/div>\n\t\t\t\n\t\t\t\t\t\t<div class=\"elementor-icon-box-content\">\n\n\t\t\t\t\t\t\t\t\t<h3 class=\"elementor-icon-box-title\">\n\t\t\t\t\t\t<span  >\n\t\t\t\t\t\t\tNecochea\t\t\t\t\t\t<\/span>\n\t\t\t\t\t<\/h3>\n\t\t\t\t\n\t\t\t\t\t\t\t\t\t<p class=\"elementor-icon-box-description\">\n\t\t\t\t\t\t<strong>USINA POPULAR NECOCHEA: (02262) 43-5522<\/strong>\t\t\t\t\t<\/p>\n\t\t\t\t\n\t\t\t<\/div>\n\t\t\t\n\t\t<\/div>\n\t\t\t\t<\/div>\n\t\t\t\t<\/div>\n\t\t\t\t\t<\/div>\n\t\t<\/div>\n\t\t\t\t\t<\/div>\n\t\t<\/section>\n\t\t\t\t<section class=\"elementor-section elementor-top-section elementor-element elementor-element-cfe6f13 elementor-section-boxed elementor-section-height-default elementor-section-height-default\" data-id=\"cfe6f13\" data-element_type=\"section\">\n\t\t\t\t\t\t<div class=\"elementor-container elementor-column-gap-default\">\n\t\t\t\t\t<div class=\"elementor-column elementor-col-50 elementor-top-column elementor-element elementor-element-5ee8ccf\" data-id=\"5ee8ccf\" data-element_type=\"column\" data-settings=\"{&quot;background_background&quot;:&quot;classic&quot;}\">\n\t\t\t<div class=\"elementor-widget-wrap elementor-element-populated\">\n\t\t\t\t\t\t<div class=\"elementor-element elementor-element-9abdcd8 elementor-view-default elementor-position-top elementor-mobile-position-top elementor-widget elementor-widget-icon-box\" data-id=\"9abdcd8\" data-element_type=\"widget\" data-widget_type=\"icon-box.default\">\n\t\t\t\t<div class=\"elementor-widget-container\">\n\t\t\t\t\t<div class=\"elementor-icon-box-wrapper\">\n\n\t\t\t\t\t\t<div class=\"elementor-icon-box-icon\">\n\t\t\t\t<span  class=\"elementor-icon elementor-animation-\">\n\t\t\t\t<i aria-hidden=\"true\" class=\"fas fa-info-circle\"><\/i>\t\t\t\t<\/span>\n\t\t\t<\/div>\n\t\t\t\n\t\t\t\t\t\t<div class=\"elementor-icon-box-content\">\n\n\t\t\t\t\t\t\t\t\t<h3 class=\"elementor-icon-box-title\">\n\t\t\t\t\t\t<span  >\n\t\t\t\t\t\t\tSan Isidro\t\t\t\t\t\t<\/span>\n\t\t\t\t\t<\/h3>\n\t\t\t\t\n\t\t\t\t\t\t\t\t\t<p class=\"elementor-icon-box-description\">\n\t\t\t\t\t\t<strong>EMERGENCIAS S.A.: 0800-888-7654<\/strong> <a style=\"color:#01AE8F;\" href=\"https:\/\/www.colescba.org.ar\/portal\/wp-content\/uploads\/2022\/07\/emergencias-salud.pdf\" target=\"_blank\"> [+ info]<\/a><br>(Visitas domiciliarias a\/c del afiliado $5000 no reintegrables)<br>Incluye San Fernando; San Isidro; Tigre y Vicente L\u00f3pez.<br><strong>ECCO: 0810-888-3226<\/strong><br>(visitas domiciliarias a\/c del afiliado $5000 no reintegrables)<br>Incluye: San Isidro, Vicente L\u00f3pez, Tigre, San Fernando.<br><strong>VITTAL: 0810-333-8888<br><\/strong>(Visitas domiciliarias a\/c del afiliado $5000 no reintegrables)<br>Incluye: San Isidro, Vicente L\u00f3pez, Tigre, San Fernando.<br><strong>+VIDA: 0810-444-8432<br><\/strong>(Visitas domiciliarias a\/c del afiliado $5000 no reintegrables)<br>Incluye los Partidos de Vicente L\u00f3pez, San Isidro, San Fernando y Tigre.\t\t\t\t\t<\/p>\n\t\t\t\t\n\t\t\t<\/div>\n\t\t\t\n\t\t<\/div>\n\t\t\t\t<\/div>\n\t\t\t\t<\/div>\n\t\t\t\t\t<\/div>\n\t\t<\/div>\n\t\t\t\t<div class=\"elementor-column elementor-col-50 elementor-top-column elementor-element elementor-element-8c2ee2b\" data-id=\"8c2ee2b\" data-element_type=\"column\" data-settings=\"{&quot;background_background&quot;:&quot;classic&quot;}\">\n\t\t\t<div class=\"elementor-widget-wrap elementor-element-populated\">\n\t\t\t\t\t\t<div class=\"elementor-element elementor-element-2fe31c6 elementor-view-default elementor-position-top elementor-mobile-position-top elementor-widget elementor-widget-icon-box\" data-id=\"2fe31c6\" data-element_type=\"widget\" data-widget_type=\"icon-box.default\">\n\t\t\t\t<div class=\"elementor-widget-container\">\n\t\t\t\t\t<div class=\"elementor-icon-box-wrapper\">\n\n\t\t\t\t\t\t<div class=\"elementor-icon-box-icon\">\n\t\t\t\t<span  class=\"elementor-icon elementor-animation-\">\n\t\t\t\t<i aria-hidden=\"true\" class=\"fas fa-info-circle\"><\/i>\t\t\t\t<\/span>\n\t\t\t<\/div>\n\t\t\t\n\t\t\t\t\t\t<div class=\"elementor-icon-box-content\">\n\n\t\t\t\t\t\t\t\t\t<h3 class=\"elementor-icon-box-title\">\n\t\t\t\t\t\t<span  >\n\t\t\t\t\t\t\tSan Mart\u00edn\t\t\t\t\t\t<\/span>\n\t\t\t\t\t<\/h3>\n\t\t\t\t\n\t\t\t\t\t\t\t\t\t<p class=\"elementor-icon-box-description\">\n\t\t\t\t\t\t<strong>ECCO: 0810-888-3226<br><\/strong>(Visitas domiciliarias a\/c del afiliado $5000 no reintegrables)<br>Incluye: San Mart\u00edn, Escobar, Pilar, Exaltaci\u00f3n de la Cruz, Campana y Tres de Febrero.<br><strong>VITTAL: 0810-333-8888<br><\/strong>(Visitas domiciliarias a\/c del afiliado $5000 no reintegrables)<br>Incluye: Campana, Escobar, Exaltaci\u00f3n de la Cruz, General San Mart\u00edn, Pilar, Tres de Febrero, Z\u00e1rate.<br><strong>EMERGENCIAS S.A.: 0800-888-7654<\/strong> <a style=\"color:#01AE8F;\" href=\"https:\/\/www.colescba.org.ar\/portal\/wp-content\/uploads\/2022\/07\/emergencias-salud.pdf\" target=\"_blank\"> [+ info]<\/a><br>(Visitas domiciliarias a\/c del afiliado $5000 no reintegrables)<br>Incluye: Campana, Escobar, Exaltaci\u00f3n de la Cruz, Gral San mart\u00edn, Pilar y Tres de Febrero.<br><strong>+VIDA: 0810-444-8432<br><\/strong>(Visitas domiciliarias a\/c del afiliado $5000 no reintegrables)<br>Incluye los Partidos de San Mart\u00edn, 3 de Febrero, Pilar, Escobar y Campana.\t\t\t\t\t<\/p>\n\t\t\t\t\n\t\t\t<\/div>\n\t\t\t\n\t\t<\/div>\n\t\t\t\t<\/div>\n\t\t\t\t<\/div>\n\t\t\t\t\t<\/div>\n\t\t<\/div>\n\t\t\t\t\t<\/div>\n\t\t<\/section>\n\t\t\t\t<\/div>\n\t\t","protected":false},"excerpt":{"rendered":"<p>Emergencias\/Urgencias\/Traslados Bah\u00eda Blanca Tres Arroyos: POLICOOP: (02983) 431222 \/ 608080 \/ 410777 Ciudad Aut\u00f3noma de Buenos Aires EMERGENCIAS S.A.: 0800-888-7654 [+ info] (Visitas domiciliarias a\/c del afiliado $5000 no reintegrables).VITTAL: 0810-333-8888 &#8211; (011) 4805-4545\/ 4555 (Visitas domiciliarias a\/c del afiliado $5000 no reintegrables).ECCO: 0810-888-3226 (Visitas domiciliarias a\/c del afiliado $5000 no reintegrables). La Plata, Berisso [&hellip;]<\/p>\n","protected":false},"author":4,"featured_media":11814,"parent":425,"menu_order":0,"comment_status":"closed","ping_status":"closed","template":"","meta":{"footnotes":""},"class_list":["post-4341","page","type-page","status-publish","has-post-thumbnail","hentry"],"acf":[],"_links":{"self":[{"href":"https:\/\/www.colescba.org.ar\/portal\/wp-json\/wp\/v2\/pages\/4341","targetHints":{"allow":["GET"]}}],"collection":[{"href":"https:\/\/www.colescba.org.ar\/portal\/wp-json\/wp\/v2\/pages"}],"about":[{"href":"https:\/\/www.colescba.org.ar\/portal\/wp-json\/wp\/v2\/types\/page"}],"author":[{"embeddable":true,"href":"https:\/\/www.colescba.org.ar\/portal\/wp-json\/wp\/v2\/users\/4"}],"replies":[{"embeddable":true,"href":"https:\/\/www.colescba.org.ar\/portal\/wp-json\/wp\/v2\/comments?post=4341"}],"version-history":[{"count":143,"href":"https:\/\/www.colescba.org.ar\/portal\/wp-json\/wp\/v2\/pages\/4341\/revisions"}],"predecessor-version":[{"id":62319,"href":"https:\/\/www.colescba.org.ar\/portal\/wp-json\/wp\/v2\/pages\/4341\/revisions\/62319"}],"up":[{"embeddable":true,"href":"https:\/\/www.colescba.org.ar\/portal\/wp-json\/wp\/v2\/pages\/425"}],"wp:featuredmedia":[{"embeddable":true,"href":"https:\/\/www.colescba.org.ar\/portal\/wp-json\/wp\/v2\/media\/11814"}],"wp:attachment":[{"href":"https:\/\/www.colescba.org.ar\/portal\/wp-json\/wp\/v2\/media?parent=4341"}],"curies":[{"name":"wp","href":"https:\/\/api.w.org\/{rel}","templated":true}]}}