{"id":4507,"date":"2022-03-22T12:11:01","date_gmt":"2022-03-22T12:11:01","guid":{"rendered":"https:\/\/www.colescba.org.ar\/portal\/?page_id=4507"},"modified":"2026-04-21T13:05:11","modified_gmt":"2026-04-21T16:05:11","slug":"reglamento-del-servicio-de-circulacion","status":"publish","type":"page","link":"https:\/\/www.colescba.org.ar\/portal\/organismos\/biblioteca-juridica-central\/reglamento-del-servicio-de-circulacion","title":{"rendered":"Reglamento del Servicio de Circulaci\u00f3n"},"content":{"rendered":"\t\t<div data-elementor-type=\"wp-page\" data-elementor-id=\"4507\" class=\"elementor elementor-4507\" data-elementor-post-type=\"page\">\n\t\t\t\t\t\t<section class=\"elementor-section elementor-top-section elementor-element elementor-element-b997c68 elementor-section-boxed elementor-section-height-default elementor-section-height-default\" data-id=\"b997c68\" data-element_type=\"section\" data-settings=\"{&quot;background_background&quot;:&quot;classic&quot;}\">\n\t\t\t\t\t\t<div class=\"elementor-container elementor-column-gap-default\">\n\t\t\t\t\t<div class=\"elementor-column elementor-col-100 elementor-top-column elementor-element elementor-element-a9f12fd\" data-id=\"a9f12fd\" data-element_type=\"column\">\n\t\t\t<div class=\"elementor-widget-wrap elementor-element-populated\">\n\t\t\t\t\t\t<section class=\"elementor-section elementor-inner-section elementor-element elementor-element-cde42d2 elementor-section-boxed elementor-section-height-default elementor-section-height-default\" data-id=\"cde42d2\" data-element_type=\"section\">\n\t\t\t\t\t\t<div class=\"elementor-container elementor-column-gap-default\">\n\t\t\t\t\t<div class=\"elementor-column elementor-col-100 elementor-inner-column elementor-element elementor-element-972bb7f\" data-id=\"972bb7f\" data-element_type=\"column\">\n\t\t\t<div class=\"elementor-widget-wrap elementor-element-populated\">\n\t\t\t\t\t\t<div class=\"elementor-element elementor-element-52b2ba5 elementor-widget elementor-widget-heading\" data-id=\"52b2ba5\" data-element_type=\"widget\" data-widget_type=\"heading.default\">\n\t\t\t\t<div class=\"elementor-widget-container\">\n\t\t\t<h1 class=\"elementor-heading-title elementor-size-default\">Reglamento del Servicio de Circulaci\u00f3n<\/h1>\t\t<\/div>\n\t\t\t\t<\/div>\n\t\t\t\t\t<\/div>\n\t\t<\/div>\n\t\t\t\t\t<\/div>\n\t\t<\/section>\n\t\t\t\t\t<\/div>\n\t\t<\/div>\n\t\t\t\t\t<\/div>\n\t\t<\/section>\n\t\t\t\t<section class=\"elementor-section elementor-top-section elementor-element elementor-element-0cbbabf elementor-section-boxed elementor-section-height-default elementor-section-height-default\" data-id=\"0cbbabf\" data-element_type=\"section\">\n\t\t\t\t\t\t<div class=\"elementor-container elementor-column-gap-default\">\n\t\t\t\t\t<div class=\"elementor-column elementor-col-100 elementor-top-column elementor-element elementor-element-c41038c\" data-id=\"c41038c\" data-element_type=\"column\">\n\t\t\t<div class=\"elementor-widget-wrap elementor-element-populated\">\n\t\t\t\t\t\t<div class=\"elementor-element elementor-element-291ca8b elementor-widget elementor-widget-heading\" data-id=\"291ca8b\" data-element_type=\"widget\" data-widget_type=\"heading.default\">\n\t\t\t\t<div class=\"elementor-widget-container\">\n\t\t\t<h3 class=\"elementor-heading-title elementor-size-default\">Biblioteca Jur\u00eddica Central \"Dr. Dalmacio V\u00e9lez Sarsfield\"<\/h3>\t\t<\/div>\n\t\t\t\t<\/div>\n\t\t\t\t<div class=\"elementor-element elementor-element-6af4374 elementor-widget elementor-widget-text-editor\" data-id=\"6af4374\" data-element_type=\"widget\" data-widget_type=\"text-editor.default\">\n\t\t\t\t<div class=\"elementor-widget-container\">\n\t\t\t\t\t\t\t<p>1. El Servicio de Circulaci\u00f3n de material bibliogr\u00e1fico se regir\u00e1 por las disposiciones contenidas en el presente reglamento.<\/p><p>Habr\u00e1 cuatro tipos de pr\u00e9stamos: a) en sala de lectura; b) internos; c) especiales; d) a domicilio.<\/p>\t\t\t\t\t\t<\/div>\n\t\t\t\t<\/div>\n\t\t\t\t\t<\/div>\n\t\t<\/div>\n\t\t\t\t\t<\/div>\n\t\t<\/section>\n\t\t\t\t<section class=\"elementor-section elementor-top-section elementor-element elementor-element-27b35f5 elementor-section-boxed elementor-section-height-default elementor-section-height-default\" data-id=\"27b35f5\" data-element_type=\"section\">\n\t\t\t\t\t\t<div class=\"elementor-container elementor-column-gap-default\">\n\t\t\t\t\t<div class=\"elementor-column elementor-col-100 elementor-top-column elementor-element elementor-element-99cdc7f\" data-id=\"99cdc7f\" data-element_type=\"column\">\n\t\t\t<div class=\"elementor-widget-wrap elementor-element-populated\">\n\t\t\t\t\t\t<div class=\"elementor-element elementor-element-0574e08 elementor-widget elementor-widget-toggle\" data-id=\"0574e08\" data-element_type=\"widget\" data-widget_type=\"toggle.default\">\n\t\t\t\t<div class=\"elementor-widget-container\">\n\t\t\t\t\t<div class=\"elementor-toggle\">\n\t\t\t\t\t\t\t<div class=\"elementor-toggle-item\">\n\t\t\t\t\t<div id=\"elementor-tab-title-5721\" class=\"elementor-tab-title\" data-tab=\"1\" role=\"button\" aria-controls=\"elementor-tab-content-5721\" aria-expanded=\"false\">\n\t\t\t\t\t\t\t\t\t\t\t\t<span class=\"elementor-toggle-icon elementor-toggle-icon-right\" aria-hidden=\"true\">\n\t\t\t\t\t\t\t\t\t\t\t\t\t\t\t<span class=\"elementor-toggle-icon-closed\"><i class=\"fas fa-caret-right\"><\/i><\/span>\n\t\t\t\t\t\t\t\t<span class=\"elementor-toggle-icon-opened\"><i class=\"elementor-toggle-icon-opened fas fa-caret-up\"><\/i><\/span>\n\t\t\t\t\t\t\t\t\t\t\t\t\t<\/span>\n\t\t\t\t\t\t\t\t\t\t\t\t<a class=\"elementor-toggle-title\" tabindex=\"0\">T\u00cdTULO I - PR\u00c9STAMOS EN SALA DE LECTURA<\/a>\n\t\t\t\t\t<\/div>\n\n\t\t\t\t\t<div id=\"elementor-tab-content-5721\" class=\"elementor-tab-content elementor-clearfix\" data-tab=\"1\" role=\"region\" aria-labelledby=\"elementor-tab-title-5721\"><p>2. El pr\u00e9stamo de material en sala de lectura ser\u00e1 accesible a cualquier persona que justifique debidamente su identidad. El documento que sirva para identificaci\u00f3n ser\u00e1 retenido por el encargado mientras el lector utilice las obras solicitadas, que no podr\u00e1n ser m\u00e1s de diez en simult\u00e1neo. Estas \u00faltimas le ser\u00e1n entregadas previa firma del correspondiente recibo.<br \/>3. Los usuarios tendr\u00e1n acceso directo a la base de datos del cat\u00e1logo.<br \/>4. Una vez utilizado, el material deber\u00e1 ser entregado al encargado de la sala. Cada pieza consultada ser\u00e1 objeto del correspondiente control de pr\u00e9stamo.<br \/>5. Cualquier objeto que traiga el lector a la sala deber\u00e1 ser dejado en un locker. Las llaves de los locker ser\u00e1n entregadas por el bibliotecario, quien retendr\u00e1 el documento de identificaci\u00f3n del lector.<br \/>6. Los usuarios deber\u00e1n utilizar los tel\u00e9fonos celulares en modo silencioso y abstenerse de hablar en voz alta, quedando prohibido ingerir alimentos o bebidas. Quienes comprometan la neutralidad pol\u00edtica o religiosa de Biblioteca, da\u00f1en o sustraigan el material bibliogr\u00e1fico u otros elementos del patrimonio de la instituci\u00f3n, o no se conduzcan con la debida compostura, ser\u00e1n invitados a abandonar inmediatamente el local de la Biblioteca, sin perjuicio de la reparaci\u00f3n del da\u00f1o causado; y en caso de reincidencia entender\u00e1 el Comit\u00e9 Ejecutivo y decidir\u00e1 sobre la admisi\u00f3n futura del consultante y el plazo de la misma.<br \/>7. La consulta de colecciones de jurisprudencia o legislaci\u00f3n\u00a0 que se encuentran ubicadas en las estanter\u00edas de la Sala de Lectura, resultan de libre acceso.<\/p><\/div>\n\t\t\t\t<\/div>\n\t\t\t\t\t\t\t<div class=\"elementor-toggle-item\">\n\t\t\t\t\t<div id=\"elementor-tab-title-5722\" class=\"elementor-tab-title\" data-tab=\"2\" role=\"button\" aria-controls=\"elementor-tab-content-5722\" aria-expanded=\"false\">\n\t\t\t\t\t\t\t\t\t\t\t\t<span class=\"elementor-toggle-icon elementor-toggle-icon-right\" aria-hidden=\"true\">\n\t\t\t\t\t\t\t\t\t\t\t\t\t\t\t<span class=\"elementor-toggle-icon-closed\"><i class=\"fas fa-caret-right\"><\/i><\/span>\n\t\t\t\t\t\t\t\t<span class=\"elementor-toggle-icon-opened\"><i class=\"elementor-toggle-icon-opened fas fa-caret-up\"><\/i><\/span>\n\t\t\t\t\t\t\t\t\t\t\t\t\t<\/span>\n\t\t\t\t\t\t\t\t\t\t\t\t<a class=\"elementor-toggle-title\" tabindex=\"0\">T\u00cdTULO II - PRESTAMOS INTERNOS Y ESPECIALES<\/a>\n\t\t\t\t\t<\/div>\n\n\t\t\t\t\t<div id=\"elementor-tab-content-5722\" class=\"elementor-tab-content elementor-clearfix\" data-tab=\"2\" role=\"region\" aria-labelledby=\"elementor-tab-title-5722\"><p><strong>Cap\u00edtulo 1 &#8211; Pr\u00e9stamos internos<\/strong><\/p><p>\u00a08. Tendr\u00e1n derecho a retirar de la Biblioteca cualquier ejemplar, incluso los determinados en el art\u00edculo 18:<\/p><ol><li>Los notarios que ejerzan cargos en el Concejo Directivo.<\/li><li>El notario jefe del cuerpo de inspectores.<\/li><li>Los notarios que se desempe\u00f1en en las Comisiones Asesoras del Colegio o en el Comit\u00e9 Ejecutivo.<\/li><\/ol><p>9. Los notarios que de manera taxativa se indican en el art\u00edculo anterior, suscribir\u00e1n la documentaci\u00f3n com\u00fan si realizan el retiro personalmente. Si el pr\u00e9stamo fuese solicitado por medio de personal \u00e9ste se har\u00e1 responsable personalmente.<br \/>10. Las obras retiradas de acuerdo al art\u00edculo 8, deber\u00e1n ser devueltas a la Biblioteca en el d\u00eda, a excepci\u00f3n de que el \u00e1rea que la requiere la necesite por un plazo mayor y as\u00ed lo solicite.<\/p><p><strong>Cap\u00edtulo 2 &#8211; Pr\u00e9stamos especiales<\/strong><\/p><p>11. Podr\u00e1n retirar a domicilio los ejemplares determinados en el art\u00edculo 18 los profesionales vinculados con el quehacer notarial que sean autorizados por la Comisi\u00f3n de Biblioteca, el Director de Servicios Notariales o un miembro del Comit\u00e9 Ejecutivo.<\/p><\/div>\n\t\t\t\t<\/div>\n\t\t\t\t\t\t\t<div class=\"elementor-toggle-item\">\n\t\t\t\t\t<div id=\"elementor-tab-title-5723\" class=\"elementor-tab-title\" data-tab=\"3\" role=\"button\" aria-controls=\"elementor-tab-content-5723\" aria-expanded=\"false\">\n\t\t\t\t\t\t\t\t\t\t\t\t<span class=\"elementor-toggle-icon elementor-toggle-icon-right\" aria-hidden=\"true\">\n\t\t\t\t\t\t\t\t\t\t\t\t\t\t\t<span class=\"elementor-toggle-icon-closed\"><i class=\"fas fa-caret-right\"><\/i><\/span>\n\t\t\t\t\t\t\t\t<span class=\"elementor-toggle-icon-opened\"><i class=\"elementor-toggle-icon-opened fas fa-caret-up\"><\/i><\/span>\n\t\t\t\t\t\t\t\t\t\t\t\t\t<\/span>\n\t\t\t\t\t\t\t\t\t\t\t\t<a class=\"elementor-toggle-title\" tabindex=\"0\">TITULO III - PR\u00c9STAMOS A DOMICILIO<\/a>\n\t\t\t\t\t<\/div>\n\n\t\t\t\t\t<div id=\"elementor-tab-content-5723\" class=\"elementor-tab-content elementor-clearfix\" data-tab=\"3\" role=\"region\" aria-labelledby=\"elementor-tab-title-5723\"><p><strong>Cap\u00edtulo 1 &#8211; Lectores<\/strong><\/p><p>12. Podr\u00e1n retirar libros a domicilio las siguientes personas:<\/p><ol><li>Los notarios con registro, sean titulares o adscriptos.<\/li><li>Los familiares de notario hasta segundo grado de parentesco con autorizaci\u00f3n expresa del notario est\u00e9 en actividad o jubilado.<\/li><li>Los magistrados y funcionarios de ley que act\u00faen permanentemente en el Juzgado Notarial de la Provincia.<\/li><li>Los estudiantes y docentes de Derecho, de Facultades y\/o Universidades que tengan subs\u00adcripto convenio con la Biblioteca, siempre que al comienzo de cada a\u00f1o universitario prueben su condici\u00f3n de tales.<\/li><li>El personal de cualquier categor\u00eda que preste servicios en el Colegio con car\u00e1cter permanente.<\/li><li>Los notarios jubilados y pensionados.<\/li><li>Los abogados inscriptos en el Registro de Aspirantes a Notario durante el per\u00edodo que va desde el llamado a Concurso para la Provisi\u00f3n de Titularidades de Registros Notariales hasta el d\u00eda del examen.<\/li><\/ol><p>13. Las personas que de manera taxativa se indican en el art\u00edculo anterior deber\u00e1n suscribir, sin excepci\u00f3n ninguna, una ficha de lector en la que consten sus datos personales, las sanciones que le fueran aplicadas y el compromiso, bajo firma, de cumplir con las normas de este Reglamento. En esa ficha, el lector deber\u00e1 consignar un correo electr\u00f3nico donde ser\u00e1 v\u00e1lido cualquier reclamo, comunicaci\u00f3n, correspondencia, notificaci\u00f3n, etc., que la Biblioteca le dirija, el que no podr\u00e1 ser cambiado sin comunicaci\u00f3n expresa suscripta ante el personal de Biblioteca.<\/p><p><strong>Cap\u00edtulo 2 &#8211; Procedimiento<\/strong><\/p><p>14. El pr\u00e9stamo a domicilio se acordar\u00e1 mediante la constancia de la firma personal del lector. Los notarios con registro podr\u00e1n retirar en pr\u00e9stamo a trav\u00e9s de un tercero con autorizaci\u00f3n escrita con firma y sello, y menci\u00f3n expresa de la obra a retirar.<br \/>15. No podr\u00e1n retirarse m\u00e1s de tres piezas bibliogr\u00e1ficas simult\u00e1neamente ni tampoco por un lapso mayor de 14 d\u00edas consecutivos, cada una de ellas.<br \/>16. El material bibliogr\u00e1fico podr\u00e1 ser renovado por el mismo lector si no hubiera pedido de reserva para otro, ni haya mora en la devoluci\u00f3n. En todos los casos es inexcusable presentar el material al Servicio de Circulaci\u00f3n.<br \/>17. Los lectores podr\u00e1n pedir que se les reserve el material en poder de otro lector, lo que se har\u00e1 hasta un plazo de tres d\u00edas consecutivos, a contar desde la notificaci\u00f3n, pero no ser\u00e1 posible que se acojan a este beneficio cuando ellos mismos hayan retirado las piezas que se pretende reservar, ni cuando ellas estuvieran fuera de pr\u00e9stamo por cualquier motivo. En los casos de pedido de reserva m\u00faltiple de un mismo material en id\u00e9ntico d\u00eda, el orden de preferencia ser\u00e1 determinado por la hora en que se suscriba la solicitud.<br \/>18. No podr\u00e1 ser retirado a domicilio, por ning\u00fan motivo ni por persona alguna, -salvo lo dispuesto en el T\u00edtulo II de este Reglamento- el siguiente material bibliogr\u00e1fico:<\/p><ol><li>El que est\u00e1 pendiente de inventario y de procesos t\u00e9cnicos.<\/li><li>Las fuentes de informaci\u00f3n: diccionarios, vocabularios, enciclopedias, anuarios, repertorios biogr\u00e1ficos, atlas, abstracts o res\u00famenes, bibliograf\u00edas, cat\u00e1logos, gu\u00edas y todo aquel que sea considerado de referencia.<\/li><li>Las colecciones legales o jurisprudenciales.<\/li><li>Las publicaciones peri\u00f3dicas.<\/li><li>Los c\u00f3digos simples y anotados.<\/li><li>Las obras que se incluyen en la Secci\u00f3n de Referencia, sea para posibilitar la lectura por el mayor n\u00famero de usuarios, para las tareas de informaci\u00f3n y consulta del respectivo Servicio y las de dificultosa reposici\u00f3n por su rareza, por hallarse agotadas o por su valor bibliogr\u00e1fico o intr\u00ednseco.<\/li><li>El determinado como \u00abfolleto\u00bb, cuando se trate de ejemplar \u00fanico.<\/li><li>Los que la Comisi\u00f3n de Biblioteca determine por su valor bibliogr\u00e1fico, hist\u00f3rico, rareza, o por haberse agotado su publicaci\u00f3n.<\/li><\/ol><p><strong>Cap\u00edtulo 3 &#8211; Sanciones<\/strong><\/p><p>19. En los casos en que no se devuelva el material de lectura que se haya prestado, al vencer el plazo m\u00e1ximo que establece el art\u00edculo 15, se proceder\u00e1 de la siguiente manera:<\/p><ol><li>Si el lector es profesional, ser\u00e1 notificado dos veces para que devuelva el material de lectura, despu\u00e9s de lo cual se har\u00e1 pasible de una suspensi\u00f3n de un d\u00eda por cada d\u00eda de atraso.<\/li><li>Si el lector es estudiante universitario o personal del colegio, se har\u00e1 pasible de las sanciones establecidas en el inciso a) de este art\u00edculo, sin tr\u00e1mite previo alguno.<\/li><\/ol><p class=\"Estilo\">Las suspensiones rigen desde la fecha de devoluci\u00f3n del material retirado. Tres suspensiones durante un a\u00f1o calendario originar\u00e1n la cancelaci\u00f3n como lector, de la que s\u00f3lo podr\u00e1 ser rehabilitado luego de transcurrido un a\u00f1o desde la fecha de la \u00faltima sanci\u00f3n. El lector que se halla en mora en la devoluci\u00f3n, no podr\u00e1 realizar retiro alguno.<\/p><p>20. En caso de extrav\u00edo o de cualquier deterioro, producido en el material retirado, la Comisi\u00f3n de Biblioteca estimar\u00e1 el costo del perjuicio y la forma de subsanaci\u00f3n, el que ser\u00e1 puesto en conocimiento del lector responsable, d\u00e1ndosele quince d\u00edas desde la notificaci\u00f3n, para su pago total o reposici\u00f3n.<br \/>21. Si los extrav\u00edos o deterioros, aunque se pagasen, fueren calificados por la Comisi\u00f3n de Biblioteca como intencionales, se podr\u00e1n aplicar al autor suspensiones mayores de un a\u00f1o.<br \/>22. Todas las sanciones que establece este Reglamento s\u00f3lo podr\u00e1n ser resueltas y aplicadas por la Comisi\u00f3n de Biblioteca y ser\u00e1n apelables \u00fanicamente ante el Comit\u00e9 Ejecutivo, cuya resoluci\u00f3n ser\u00e1 definitiva.<\/p><\/div>\n\t\t\t\t<\/div>\n\t\t\t\t\t\t\t<div class=\"elementor-toggle-item\">\n\t\t\t\t\t<div id=\"elementor-tab-title-5724\" class=\"elementor-tab-title\" data-tab=\"4\" role=\"button\" aria-controls=\"elementor-tab-content-5724\" aria-expanded=\"false\">\n\t\t\t\t\t\t\t\t\t\t\t\t<span class=\"elementor-toggle-icon elementor-toggle-icon-right\" aria-hidden=\"true\">\n\t\t\t\t\t\t\t\t\t\t\t\t\t\t\t<span class=\"elementor-toggle-icon-closed\"><i class=\"fas fa-caret-right\"><\/i><\/span>\n\t\t\t\t\t\t\t\t<span class=\"elementor-toggle-icon-opened\"><i class=\"elementor-toggle-icon-opened fas fa-caret-up\"><\/i><\/span>\n\t\t\t\t\t\t\t\t\t\t\t\t\t<\/span>\n\t\t\t\t\t\t\t\t\t\t\t\t<a class=\"elementor-toggle-title\" tabindex=\"0\">T\u00cdTULO IV - HORARIO DE PR\u00c9STAMOS<\/a>\n\t\t\t\t\t<\/div>\n\n\t\t\t\t\t<div id=\"elementor-tab-content-5724\" class=\"elementor-tab-content elementor-clearfix\" data-tab=\"4\" role=\"region\" aria-labelledby=\"elementor-tab-title-5724\"><p>23. La Sala de Lectura y el pr\u00e9stamo domiciliario funcionar\u00e1n con el horario que el Colegio determine.<br \/>24. Ning\u00fan lector com\u00fan tendr\u00e1 derecho a que se lo atienda fuera de las horas indicadas para atenci\u00f3n al p\u00fablico.<\/p><\/div>\n\t\t\t\t<\/div>\n\t\t\t\t\t\t\t<div class=\"elementor-toggle-item\">\n\t\t\t\t\t<div id=\"elementor-tab-title-5725\" class=\"elementor-tab-title\" data-tab=\"5\" role=\"button\" aria-controls=\"elementor-tab-content-5725\" aria-expanded=\"false\">\n\t\t\t\t\t\t\t\t\t\t\t\t<span class=\"elementor-toggle-icon elementor-toggle-icon-right\" aria-hidden=\"true\">\n\t\t\t\t\t\t\t\t\t\t\t\t\t\t\t<span class=\"elementor-toggle-icon-closed\"><i class=\"fas fa-caret-right\"><\/i><\/span>\n\t\t\t\t\t\t\t\t<span class=\"elementor-toggle-icon-opened\"><i class=\"elementor-toggle-icon-opened fas fa-caret-up\"><\/i><\/span>\n\t\t\t\t\t\t\t\t\t\t\t\t\t<\/span>\n\t\t\t\t\t\t\t\t\t\t\t\t<a class=\"elementor-toggle-title\" tabindex=\"0\"> TITULO V - DISPOSICI\u00d3N FINAL<\/a>\n\t\t\t\t\t<\/div>\n\n\t\t\t\t\t<div id=\"elementor-tab-content-5725\" class=\"elementor-tab-content elementor-clearfix\" data-tab=\"5\" role=\"region\" aria-labelledby=\"elementor-tab-title-5725\"><p>25. Toda situaci\u00f3n no prevista en el presente reglamento, ser\u00e1 expresamente resuelta por la Comisi\u00f3n de Bibliotecas, previa consulta al Comit\u00e9 Ejecutivo.<\/p><\/div>\n\t\t\t\t<\/div>\n\t\t\t\t\t\t\t\t<\/div>\n\t\t\t\t<\/div>\n\t\t\t\t<\/div>\n\t\t\t\t<div class=\"elementor-element elementor-element-343a6ce elementor-widget elementor-widget-text-editor\" data-id=\"343a6ce\" data-element_type=\"widget\" data-widget_type=\"text-editor.default\">\n\t\t\t\t<div class=\"elementor-widget-container\">\n\t\t\t\t\t\t\t<div id=\"main\" class=\"grid-block\"><div id=\"maininner\" class=\"grid-box\"><section id=\"content\" class=\"grid-block\"><div id=\"system\"><article class=\"item\" data-permalink=\"http:\/\/www.colescba.org.ar\/portal\/organismos\/64-reglamento-del-servicio-de-circulacion.html\"><div class=\"content clearfix\"><p>Reglamento aprobado por Resoluci\u00f3n no. 7395 del Comit\u00e9 Ejecutivo del 28 de noviembre de 2013.<\/p><\/div><\/article><\/div><\/section><\/div><aside id=\"sidebar-a\" class=\"grid-box\"><div class=\"grid-box width100 grid-v\"><div class=\"module mod-box nuestras-delegaciones deepest\"><p>\u00a0<\/p><\/div><\/div><\/aside><\/div>\t\t\t\t\t\t<\/div>\n\t\t\t\t<\/div>\n\t\t\t\t\t<\/div>\n\t\t<\/div>\n\t\t\t\t\t<\/div>\n\t\t<\/section>\n\t\t\t\t<\/div>\n\t\t","protected":false},"excerpt":{"rendered":"<p>Reglamento del Servicio de Circulaci\u00f3n Biblioteca Jur\u00eddica Central \u00abDr. Dalmacio V\u00e9lez Sarsfield\u00bb 1. El Servicio de Circulaci\u00f3n de material bibliogr\u00e1fico se regir\u00e1 por las disposiciones contenidas en el presente reglamento. Habr\u00e1 cuatro tipos de pr\u00e9stamos: a) en sala de lectura; b) internos; c) especiales; d) a domicilio. T\u00cdTULO I &#8211; PR\u00c9STAMOS EN SALA DE LECTURA [&hellip;]<\/p>\n","protected":false},"author":4,"featured_media":11814,"parent":1038,"menu_order":0,"comment_status":"closed","ping_status":"closed","template":"","meta":{"footnotes":""},"class_list":["post-4507","page","type-page","status-publish","has-post-thumbnail","hentry"],"acf":[],"_links":{"self":[{"href":"https:\/\/www.colescba.org.ar\/portal\/wp-json\/wp\/v2\/pages\/4507","targetHints":{"allow":["GET"]}}],"collection":[{"href":"https:\/\/www.colescba.org.ar\/portal\/wp-json\/wp\/v2\/pages"}],"about":[{"href":"https:\/\/www.colescba.org.ar\/portal\/wp-json\/wp\/v2\/types\/page"}],"author":[{"embeddable":true,"href":"https:\/\/www.colescba.org.ar\/portal\/wp-json\/wp\/v2\/users\/4"}],"replies":[{"embeddable":true,"href":"https:\/\/www.colescba.org.ar\/portal\/wp-json\/wp\/v2\/comments?post=4507"}],"version-history":[{"count":23,"href":"https:\/\/www.colescba.org.ar\/portal\/wp-json\/wp\/v2\/pages\/4507\/revisions"}],"predecessor-version":[{"id":62498,"href":"https:\/\/www.colescba.org.ar\/portal\/wp-json\/wp\/v2\/pages\/4507\/revisions\/62498"}],"up":[{"embeddable":true,"href":"https:\/\/www.colescba.org.ar\/portal\/wp-json\/wp\/v2\/pages\/1038"}],"wp:featuredmedia":[{"embeddable":true,"href":"https:\/\/www.colescba.org.ar\/portal\/wp-json\/wp\/v2\/media\/11814"}],"wp:attachment":[{"href":"https:\/\/www.colescba.org.ar\/portal\/wp-json\/wp\/v2\/media?parent=4507"}],"curies":[{"name":"wp","href":"https:\/\/api.w.org\/{rel}","templated":true}]}}