{"id":45598,"date":"2024-08-05T09:56:45","date_gmt":"2024-08-05T12:56:45","guid":{"rendered":"https:\/\/www.colescba.org.ar\/portal\/?page_id=45598"},"modified":"2026-01-30T14:25:25","modified_gmt":"2026-01-30T17:25:25","slug":"registro-de-aspirantes-a-notario","status":"publish","type":"page","link":"https:\/\/www.colescba.org.ar\/portal\/tramites\/departamento-de-servicios-notariales\/registro-de-aspirantes-a-notario","title":{"rendered":"Registro de Aspirantes a Notario"},"content":{"rendered":"\t\t<div data-elementor-type=\"wp-page\" data-elementor-id=\"45598\" class=\"elementor elementor-45598\" data-elementor-post-type=\"page\">\n\t\t\t\t\t\t<section class=\"elementor-section elementor-top-section elementor-element elementor-element-3028d21 elementor-section-boxed elementor-section-height-default elementor-section-height-default\" data-id=\"3028d21\" data-element_type=\"section\" data-settings=\"{&quot;background_background&quot;:&quot;classic&quot;}\">\n\t\t\t\t\t\t\t<div class=\"elementor-background-overlay\"><\/div>\n\t\t\t\t\t\t\t<div class=\"elementor-container elementor-column-gap-default\">\n\t\t\t\t\t<div class=\"elementor-column elementor-col-100 elementor-top-column elementor-element elementor-element-52c8371\" data-id=\"52c8371\" data-element_type=\"column\">\n\t\t\t<div class=\"elementor-widget-wrap elementor-element-populated\">\n\t\t\t\t\t\t<section class=\"elementor-section elementor-inner-section elementor-element elementor-element-93c683e elementor-section-boxed elementor-section-height-default elementor-section-height-default\" data-id=\"93c683e\" data-element_type=\"section\">\n\t\t\t\t\t\t<div class=\"elementor-container elementor-column-gap-default\">\n\t\t\t\t\t<div class=\"elementor-column elementor-col-100 elementor-inner-column elementor-element elementor-element-1a0675b\" data-id=\"1a0675b\" data-element_type=\"column\">\n\t\t\t<div class=\"elementor-widget-wrap elementor-element-populated\">\n\t\t\t\t\t\t<div class=\"elementor-element elementor-element-ecdba6c elementor-widget elementor-widget-heading\" data-id=\"ecdba6c\" data-element_type=\"widget\" data-widget_type=\"heading.default\">\n\t\t\t\t<div class=\"elementor-widget-container\">\n\t\t\t<h1 class=\"elementor-heading-title elementor-size-default\">Registro de Aspirantes a Notario\u200b<\/h1>\t\t<\/div>\n\t\t\t\t<\/div>\n\t\t\t\t\t<\/div>\n\t\t<\/div>\n\t\t\t\t\t<\/div>\n\t\t<\/section>\n\t\t\t\t\t<\/div>\n\t\t<\/div>\n\t\t\t\t\t<\/div>\n\t\t<\/section>\n\t\t\t\t<section class=\"elementor-section elementor-top-section elementor-element elementor-element-cea93ce elementor-section-boxed elementor-section-height-default elementor-section-height-default\" data-id=\"cea93ce\" data-element_type=\"section\">\n\t\t\t\t\t\t<div class=\"elementor-container elementor-column-gap-wider\">\n\t\t\t\t\t<div class=\"elementor-column elementor-col-50 elementor-top-column elementor-element elementor-element-531a36a\" data-id=\"531a36a\" data-element_type=\"column\">\n\t\t\t<div class=\"elementor-widget-wrap elementor-element-populated\">\n\t\t\t\t\t\t<div class=\"elementor-element elementor-element-38ecb3e elementor-widget elementor-widget-heading\" data-id=\"38ecb3e\" data-element_type=\"widget\" data-widget_type=\"heading.default\">\n\t\t\t\t<div class=\"elementor-widget-container\">\n\t\t\t<h3 class=\"elementor-heading-title elementor-size-default\">Decreto-Ley N\u00ba 9020\/78<\/h3>\t\t<\/div>\n\t\t\t\t<\/div>\n\t\t\t\t<div class=\"elementor-element elementor-element-b2b9374 elementor-widget elementor-widget-text-editor\" data-id=\"b2b9374\" data-element_type=\"widget\" data-widget_type=\"text-editor.default\">\n\t\t\t\t<div class=\"elementor-widget-container\">\n\t\t\t\t\t\t\t<p><strong>Requisitos:<\/strong><\/p><ul><li>Documento Nacional de Identidad (DNI).<\/li><li>Constituci\u00f3n de domicilio especial en la Provincia de Buenos Aires.<\/li><li>T\u00edtulo universitario de abogado expedido o revalidado por universidad argentina.<\/li><li>Mayor\u00eda de edad.<\/li><li>Ciudadan\u00eda argentina (nativa o por naturalizaci\u00f3n).<\/li><li>Completar la solicitud online en el formulario correspondiente (<a href=\"https:\/\/www.colescba.org.ar\/static\/servicios\/informacion\/imagenes\/inscripcion\/formulario_de_inscripcion_en_el_registro_de_aspirantes_a_notario-2026.pdf\" target=\"_blank\" rel=\"noopener\">Descargar Formulario<\/a>), imprimirlo y presentarlo firmado al iniciar el tr\u00e1mite.<\/li><li>Acreditar buena conducta mediante acta notarial suscripta por al menos tres escribanos (en actividad o retiro) de la Provincia de Buenos Aires.}<\/li><\/ul><p>Documentaci\u00f3n a acompa\u00f1ar con el acta de buena conducta<\/p><ul><li>Informe de inhibici\u00f3n del Registro de la Propiedad de la Provincia de Buenos Aires.<\/li><li>Certificado del Registro Nacional de Reincidencia.<\/li><li>Certificado de juicios universales que acredite la inexistencia de concursos civiles y comerciales.<\/li><\/ul><p>Este certificado puede ser reemplazado por un informe expedido por la Delegaci\u00f3n del Colegio correspondiente al domicilio del solicitante, o por otros colegios notariales si el interesado no reside en la Provincia (art. 26 inc. 3\u00ba Decreto-Ley 9020\/78 y art. 15 inc. a del Reglamento Notarial).<\/p><p>Derecho de inscripci\u00f3n al Registro de Aspirantes a Notario: <strong>$210.000 (vigente a partir del 01\/02\/2026)<\/strong><br \/>(art. 125 inc. 1 Decreto-Ley 9020\/78).<\/p><p>Debe acompa\u00f1arse el t\u00edtulo universitario con el diploma correspondiente (art. 15 inc. b del Reglamento Notarial).<br \/>La Mesa de Entradas General verificar\u00e1 el documento y expedir\u00e1 una constancia de recepci\u00f3n y veracidad.<br \/>El interesado podr\u00e1 retirar el t\u00edtulo original inmediatamente.<br \/>En su lugar, podr\u00e1 presentar copia certificada por escribano p\u00fablico.<\/p><p>El tr\u00e1mite se inicia en Mesa de Entradas del Colegio de Escribanos, ubicado en Avda. 13 esq. 47 (La Plata).<\/p><p><strong>Publicaci\u00f3n e impugnaciones:<\/strong><\/p><p>El nombre del solicitante se publicar\u00e1 una vez en el Bolet\u00edn Informativo del Colegio.<br \/>Durante los siguientes 30 d\u00edas, se recibir\u00e1n impugnaciones, que el Comit\u00e9 Ejecutivo podr\u00e1 rechazar por mayor\u00eda simple o aceptar por dos tercios de votos (art. 27 Decreto-Ley 9020\/78).<\/p><p>Si la solicitante es de estado civil casada y desea agregar el apellido de su esposo, deber\u00e1 exhibir la partida de matrimonio al presentar la solicitud (art. 4\u00ba ley 23.515 \u2013 modificaci\u00f3n del art. 8\u00ba ley 18.248).<\/p>\t\t\t\t\t\t<\/div>\n\t\t\t\t<\/div>\n\t\t<div class=\"elementor-element elementor-element-d7ec6fb e-flex e-con-boxed e-con e-parent\" data-id=\"d7ec6fb\" data-element_type=\"container\" data-settings=\"{&quot;background_background&quot;:&quot;classic&quot;}\">\n\t\t\t\t\t<div class=\"e-con-inner\">\n\t\t\t\t<div class=\"elementor-element elementor-element-79d0359 elementor-widget elementor-widget-text-editor\" data-id=\"79d0359\" data-element_type=\"widget\" data-widget_type=\"text-editor.default\">\n\t\t\t\t<div class=\"elementor-widget-container\">\n\t\t\t\t\t\t\t<p>Muy importante:\u00a0La inscripci\u00f3n y la firma del acta respectiva son de car\u00e1cter personal.<br \/>En caso de no poder concurrir presencialmente, podr\u00e1 intervenir un apoderado, quien deber\u00e1 acreditar su representaci\u00f3n mediante Poder Especial por Escritura P\u00fablica o autorizaci\u00f3n en documento privado con firma certificada ante escribano, indicando expresamente su facultad para actuar en nombre del interesado.<\/p>\t\t\t\t\t\t<\/div>\n\t\t\t\t<\/div>\n\t\t\t\t\t<\/div>\n\t\t\t\t<\/div>\n\t\t\t\t<div class=\"elementor-element elementor-element-b9f893f elementor-widget__width-auto elementor-widget elementor-widget-button\" data-id=\"b9f893f\" data-element_type=\"widget\" data-widget_type=\"button.default\">\n\t\t\t\t<div class=\"elementor-widget-container\">\n\t\t\t\t\t\t\t<div class=\"elementor-button-wrapper\">\n\t\t\t\t\t<a class=\"elementor-button elementor-button-link elementor-size-sm\" href=\"https:\/\/www.colescba.org.ar\/static\/servicios\/informacion\/imagenes\/inscripcion\/formulario_de_inscripcion_en_el_registro_de_aspirantes_a_notario-2026.pdf\" target=\"_blank\">\n\t\t\t\t\t\t<span class=\"elementor-button-content-wrapper\">\n\t\t\t\t\t\t\t\t\t<span class=\"elementor-button-text\">Descargar formulario<\/span>\n\t\t\t\t\t<\/span>\n\t\t\t\t\t<\/a>\n\t\t\t\t<\/div>\n\t\t\t\t\t\t<\/div>\n\t\t\t\t<\/div>\n\t\t\t\t\t<\/div>\n\t\t<\/div>\n\t\t\t\t<div class=\"elementor-column elementor-col-50 elementor-top-column elementor-element elementor-element-f0ffdb3\" data-id=\"f0ffdb3\" data-element_type=\"column\">\n\t\t\t<div class=\"elementor-widget-wrap\">\n\t\t\t\t\t\t\t<\/div>\n\t\t<\/div>\n\t\t\t\t\t<\/div>\n\t\t<\/section>\n\t\t\t\t<\/div>\n\t\t","protected":false},"excerpt":{"rendered":"<p>Registro de Aspirantes a Notario\u200b Decreto-Ley N\u00ba 9020\/78 Requisitos: Documento Nacional de Identidad (DNI). Constituci\u00f3n de domicilio especial en la Provincia de Buenos Aires. T\u00edtulo universitario de abogado expedido o revalidado por universidad argentina. Mayor\u00eda de edad. Ciudadan\u00eda argentina (nativa o por naturalizaci\u00f3n). Completar la solicitud online en el formulario correspondiente (Descargar Formulario), imprimirlo y [&hellip;]<\/p>\n","protected":false},"author":5,"featured_media":11814,"parent":4178,"menu_order":0,"comment_status":"closed","ping_status":"closed","template":"","meta":{"footnotes":""},"class_list":["post-45598","page","type-page","status-publish","has-post-thumbnail","hentry"],"acf":[],"_links":{"self":[{"href":"https:\/\/www.colescba.org.ar\/portal\/wp-json\/wp\/v2\/pages\/45598","targetHints":{"allow":["GET"]}}],"collection":[{"href":"https:\/\/www.colescba.org.ar\/portal\/wp-json\/wp\/v2\/pages"}],"about":[{"href":"https:\/\/www.colescba.org.ar\/portal\/wp-json\/wp\/v2\/types\/page"}],"author":[{"embeddable":true,"href":"https:\/\/www.colescba.org.ar\/portal\/wp-json\/wp\/v2\/users\/5"}],"replies":[{"embeddable":true,"href":"https:\/\/www.colescba.org.ar\/portal\/wp-json\/wp\/v2\/comments?post=45598"}],"version-history":[{"count":49,"href":"https:\/\/www.colescba.org.ar\/portal\/wp-json\/wp\/v2\/pages\/45598\/revisions"}],"predecessor-version":[{"id":61081,"href":"https:\/\/www.colescba.org.ar\/portal\/wp-json\/wp\/v2\/pages\/45598\/revisions\/61081"}],"up":[{"embeddable":true,"href":"https:\/\/www.colescba.org.ar\/portal\/wp-json\/wp\/v2\/pages\/4178"}],"wp:featuredmedia":[{"embeddable":true,"href":"https:\/\/www.colescba.org.ar\/portal\/wp-json\/wp\/v2\/media\/11814"}],"wp:attachment":[{"href":"https:\/\/www.colescba.org.ar\/portal\/wp-json\/wp\/v2\/media?parent=45598"}],"curies":[{"name":"wp","href":"https:\/\/api.w.org\/{rel}","templated":true}]}}