{"id":4980,"date":"2022-03-25T13:14:49","date_gmt":"2022-03-25T13:14:49","guid":{"rendered":"https:\/\/www.colescba.org.ar\/portal\/?page_id=4980"},"modified":"2024-07-31T13:18:48","modified_gmt":"2024-07-31T16:18:48","slug":"autoproteccion","status":"publish","type":"page","link":"https:\/\/www.colescba.org.ar\/portal\/comunidad\/tramites\/autoproteccion","title":{"rendered":"Autoprotecci\u00f3n"},"content":{"rendered":"\t\t<div data-elementor-type=\"wp-page\" data-elementor-id=\"4980\" class=\"elementor elementor-4980\" data-elementor-post-type=\"page\">\n\t\t\t\t\t\t<section class=\"elementor-section elementor-top-section elementor-element elementor-element-b7ac6fa elementor-section-boxed elementor-section-height-default elementor-section-height-default\" data-id=\"b7ac6fa\" data-element_type=\"section\">\n\t\t\t\t\t\t\t<div class=\"elementor-background-overlay\"><\/div>\n\t\t\t\t\t\t\t<div class=\"elementor-container elementor-column-gap-default\">\n\t\t\t\t\t<div class=\"elementor-column elementor-col-100 elementor-top-column elementor-element elementor-element-b946c42\" data-id=\"b946c42\" data-element_type=\"column\">\n\t\t\t<div class=\"elementor-widget-wrap elementor-element-populated\">\n\t\t\t\t\t\t<section class=\"elementor-section elementor-inner-section elementor-element elementor-element-a8b42d4 elementor-section-boxed elementor-section-height-default elementor-section-height-default\" data-id=\"a8b42d4\" data-element_type=\"section\">\n\t\t\t\t\t\t<div class=\"elementor-container elementor-column-gap-default\">\n\t\t\t\t\t<div class=\"elementor-column elementor-col-100 elementor-inner-column elementor-element elementor-element-f7c75bc\" data-id=\"f7c75bc\" data-element_type=\"column\">\n\t\t\t<div class=\"elementor-widget-wrap elementor-element-populated\">\n\t\t\t\t\t\t<div class=\"elementor-element elementor-element-030d48b elementor-widget elementor-widget-heading\" data-id=\"030d48b\" data-element_type=\"widget\" data-widget_type=\"heading.default\">\n\t\t\t\t<div class=\"elementor-widget-container\">\n\t\t\t<h1 class=\"elementor-heading-title elementor-size-default\">Autoprotecci\u00f3n<\/h1>\t\t<\/div>\n\t\t\t\t<\/div>\n\t\t\t\t\t<\/div>\n\t\t<\/div>\n\t\t\t\t\t<\/div>\n\t\t<\/section>\n\t\t\t\t\t<\/div>\n\t\t<\/div>\n\t\t\t\t\t<\/div>\n\t\t<\/section>\n\t\t\t\t<section class=\"elementor-section elementor-top-section elementor-element elementor-element-fb4fe82 elementor-section-boxed elementor-section-height-default elementor-section-height-default\" data-id=\"fb4fe82\" data-element_type=\"section\" data-settings=\"{&quot;background_background&quot;:&quot;classic&quot;,&quot;animation&quot;:&quot;none&quot;}\">\n\t\t\t\t\t\t<div class=\"elementor-container elementor-column-gap-default\">\n\t\t\t\t\t<div class=\"elementor-column elementor-col-100 elementor-top-column elementor-element elementor-element-579e3ff\" data-id=\"579e3ff\" data-element_type=\"column\">\n\t\t\t<div class=\"elementor-widget-wrap elementor-element-populated\">\n\t\t\t\t\t\t<section class=\"elementor-section elementor-inner-section elementor-element elementor-element-9721fc7 elementor-section-boxed elementor-section-height-default elementor-section-height-default\" data-id=\"9721fc7\" data-element_type=\"section\">\n\t\t\t\t\t\t<div class=\"elementor-container elementor-column-gap-wider\">\n\t\t\t\t\t<div class=\"elementor-column elementor-col-50 elementor-inner-column elementor-element elementor-element-404fb90\" data-id=\"404fb90\" data-element_type=\"column\">\n\t\t\t<div class=\"elementor-widget-wrap elementor-element-populated\">\n\t\t\t\t\t\t<div class=\"elementor-element elementor-element-981aca9 elementor-widget elementor-widget-heading\" data-id=\"981aca9\" data-element_type=\"widget\" data-widget_type=\"heading.default\">\n\t\t\t\t<div class=\"elementor-widget-container\">\n\t\t\t<h2 class=\"elementor-heading-title elementor-size-default\">Autoprotecci\u00f3n<\/h2>\t\t<\/div>\n\t\t\t\t<\/div>\n\t\t\t\t<div class=\"elementor-element elementor-element-92119c9 elementor-widget elementor-widget-heading\" data-id=\"92119c9\" data-element_type=\"widget\" data-widget_type=\"heading.default\">\n\t\t\t\t<div class=\"elementor-widget-container\">\n\t\t\t<p class=\"elementor-heading-title elementor-size-default\">Todos alguna vez hemos pensado c\u00f3mo disponer sobre el cuidado de nuestras vidas y nuestro patrimonio en caso de sufrir una incapacidad que nos impida decidir por nosotros mismos.\n\nEl derecho de autoprotecci\u00f3n es una necesidad social de nuestro tiempo.<\/p>\t\t<\/div>\n\t\t\t\t<\/div>\n\t\t\t\t<div class=\"elementor-element elementor-element-9b30cd2 elementor-widget elementor-widget-text-editor\" data-id=\"9b30cd2\" data-element_type=\"widget\" data-widget_type=\"text-editor.default\">\n\t\t\t\t<div class=\"elementor-widget-container\">\n\t\t\t\t\t\t\t<p>A trav\u00e9s de las directivas anticipadas para la propia incapacidad, pod\u00e9s dise\u00f1ar tu propio plan de vida para la vejez, enfermedad o cualquier circunstancia que te torne vulnerable, elegir a la persona que se encargar\u00e1 de hacer conocer tu voluntad, designar un curador, manifestar tu decisi\u00f3n con respecto a la administraci\u00f3n de tus bienes y determinar ciertas disposiciones para el cuidado de tu propio cuerpo, as\u00ed como la aceptaci\u00f3n o no de determinados tratamientos m\u00e9dicos.<\/p>\t\t\t\t\t\t<\/div>\n\t\t\t\t<\/div>\n\t\t\t\t\t<\/div>\n\t\t<\/div>\n\t\t\t\t<div class=\"elementor-column elementor-col-50 elementor-inner-column elementor-element elementor-element-cf42918\" data-id=\"cf42918\" data-element_type=\"column\">\n\t\t\t<div class=\"elementor-widget-wrap elementor-element-populated\">\n\t\t\t\t\t\t<div class=\"elementor-element elementor-element-174d623 elementor-widget elementor-widget-image\" data-id=\"174d623\" data-element_type=\"widget\" data-widget_type=\"image.default\">\n\t\t\t\t<div class=\"elementor-widget-container\">\n\t\t\t\t\t\t\t\t\t\t\t\t\t<img fetchpriority=\"high\" decoding=\"async\" width=\"400\" height=\"258\" src=\"https:\/\/www.colescba.org.ar\/portal\/wp-content\/uploads\/2022\/03\/imagen-autoproteccion-1.jpg\" class=\"attachment-large size-large wp-image-4997\" alt=\"\" srcset=\"https:\/\/www.colescba.org.ar\/portal\/wp-content\/uploads\/2022\/03\/imagen-autoproteccion-1.jpg 400w, https:\/\/www.colescba.org.ar\/portal\/wp-content\/uploads\/2022\/03\/imagen-autoproteccion-1-300x194.jpg 300w\" sizes=\"(max-width: 400px) 100vw, 400px\" \/>\t\t\t\t\t\t\t\t\t\t\t\t\t<\/div>\n\t\t\t\t<\/div>\n\t\t\t\t\t<\/div>\n\t\t<\/div>\n\t\t\t\t\t<\/div>\n\t\t<\/section>\n\t\t\t\t\t<\/div>\n\t\t<\/div>\n\t\t\t\t\t<\/div>\n\t\t<\/section>\n\t\t\t\t<section class=\"elementor-section elementor-top-section elementor-element elementor-element-4c320a7 elementor-section-boxed elementor-section-height-default elementor-section-height-default\" data-id=\"4c320a7\" data-element_type=\"section\" data-settings=\"{&quot;animation&quot;:&quot;none&quot;,&quot;background_background&quot;:&quot;classic&quot;}\">\n\t\t\t\t\t\t<div class=\"elementor-container elementor-column-gap-wider\">\n\t\t\t\t\t<div class=\"elementor-column elementor-col-50 elementor-top-column elementor-element elementor-element-0d62235\" data-id=\"0d62235\" data-element_type=\"column\">\n\t\t\t<div class=\"elementor-widget-wrap elementor-element-populated\">\n\t\t\t\t\t\t<div class=\"elementor-element elementor-element-71e41a6 elementor-widget elementor-widget-heading\" data-id=\"71e41a6\" data-element_type=\"widget\" data-widget_type=\"heading.default\">\n\t\t\t\t<div class=\"elementor-widget-container\">\n\t\t\t<h3 class=\"elementor-heading-title elementor-size-default\">\u00bfC\u00f3mo se instrumentan?<\/h3>\t\t<\/div>\n\t\t\t\t<\/div>\n\t\t\t\t<div class=\"elementor-element elementor-element-661cca3 elementor-widget elementor-widget-text-editor\" data-id=\"661cca3\" data-element_type=\"widget\" data-widget_type=\"text-editor.default\">\n\t\t\t\t<div class=\"elementor-widget-container\">\n\t\t\t\t\t\t\t<ul><li>El instrumento que te garantizar\u00e1 la validez, eficacia y publicidad de tus directivas anticipadas es la escritura p\u00fablica, que se inscribe en el Registro de Actos de Autoprotecci\u00f3n, asegurando privacidad y reserva.<\/li><li>Con la creaci\u00f3n del Registro de Actos de Autoprotecci\u00f3n pod\u00e9s estar seguro de que tus decisiones sobre tratamientos m\u00e9dicos queden asentadas en un registro \u00fanico, que permite conocer con rapidez y certeza, cu\u00e1ndo y ante qui\u00e9n las expresaste.<\/li><li>Ello permite que se haga valer tu voluntad ante la eventual intervenci\u00f3n de otras personas que decidan modificarla.<\/li><li>Este registro es reservado y s\u00f3lo puede ser consultado por el propio otorgante, el juez competente o eventualmente, las personas habilitadas por vos para solicitarlo.<\/li><\/ul>\t\t\t\t\t\t<\/div>\n\t\t\t\t<\/div>\n\t\t\t\t\t<\/div>\n\t\t<\/div>\n\t\t\t\t<div class=\"elementor-column elementor-col-50 elementor-top-column elementor-element elementor-element-0177f02\" data-id=\"0177f02\" data-element_type=\"column\">\n\t\t\t<div class=\"elementor-widget-wrap elementor-element-populated\">\n\t\t\t\t\t\t<div class=\"elementor-element elementor-element-69ae7a1 elementor-widget elementor-widget-heading\" data-id=\"69ae7a1\" data-element_type=\"widget\" data-widget_type=\"heading.default\">\n\t\t\t\t<div class=\"elementor-widget-container\">\n\t\t\t<h3 class=\"elementor-heading-title elementor-size-default\">Record\u00e1<\/h3>\t\t<\/div>\n\t\t\t\t<\/div>\n\t\t\t\t<div class=\"elementor-element elementor-element-387838a elementor-widget elementor-widget-text-editor\" data-id=\"387838a\" data-element_type=\"widget\" data-widget_type=\"text-editor.default\">\n\t\t\t\t<div class=\"elementor-widget-container\">\n\t\t\t\t\t\t\t<p>Se trata del derecho que ten\u00e9s a disponer libremente c\u00f3mo vivir tu propia vida.<\/p>\t\t\t\t\t\t<\/div>\n\t\t\t\t<\/div>\n\t\t\t\t\t<\/div>\n\t\t<\/div>\n\t\t\t\t\t<\/div>\n\t\t<\/section>\n\t\t\t\t<\/div>\n\t\t","protected":false},"excerpt":{"rendered":"<p>Autoprotecci\u00f3n Autoprotecci\u00f3n Todos alguna vez hemos pensado c\u00f3mo disponer sobre el cuidado de nuestras vidas y nuestro patrimonio en caso de sufrir una incapacidad que nos impida decidir por nosotros mismos. El derecho de autoprotecci\u00f3n es una necesidad social de nuestro tiempo. A trav\u00e9s de las directivas anticipadas para la propia incapacidad, pod\u00e9s dise\u00f1ar tu [&hellip;]<\/p>\n","protected":false},"author":3,"featured_media":11814,"parent":2152,"menu_order":0,"comment_status":"closed","ping_status":"closed","template":"","meta":{"footnotes":""},"class_list":["post-4980","page","type-page","status-publish","has-post-thumbnail","hentry"],"acf":[],"_links":{"self":[{"href":"https:\/\/www.colescba.org.ar\/portal\/wp-json\/wp\/v2\/pages\/4980","targetHints":{"allow":["GET"]}}],"collection":[{"href":"https:\/\/www.colescba.org.ar\/portal\/wp-json\/wp\/v2\/pages"}],"about":[{"href":"https:\/\/www.colescba.org.ar\/portal\/wp-json\/wp\/v2\/types\/page"}],"author":[{"embeddable":true,"href":"https:\/\/www.colescba.org.ar\/portal\/wp-json\/wp\/v2\/users\/3"}],"replies":[{"embeddable":true,"href":"https:\/\/www.colescba.org.ar\/portal\/wp-json\/wp\/v2\/comments?post=4980"}],"version-history":[{"count":16,"href":"https:\/\/www.colescba.org.ar\/portal\/wp-json\/wp\/v2\/pages\/4980\/revisions"}],"predecessor-version":[{"id":7719,"href":"https:\/\/www.colescba.org.ar\/portal\/wp-json\/wp\/v2\/pages\/4980\/revisions\/7719"}],"up":[{"embeddable":true,"href":"https:\/\/www.colescba.org.ar\/portal\/wp-json\/wp\/v2\/pages\/2152"}],"wp:featuredmedia":[{"embeddable":true,"href":"https:\/\/www.colescba.org.ar\/portal\/wp-json\/wp\/v2\/media\/11814"}],"wp:attachment":[{"href":"https:\/\/www.colescba.org.ar\/portal\/wp-json\/wp\/v2\/media?parent=4980"}],"curies":[{"name":"wp","href":"https:\/\/api.w.org\/{rel}","templated":true}]}}