{"id":5004,"date":"2022-03-25T13:26:13","date_gmt":"2022-03-25T13:26:13","guid":{"rendered":"https:\/\/www.colescba.org.ar\/portal\/?page_id=5004"},"modified":"2024-07-31T13:19:46","modified_gmt":"2024-07-31T16:19:46","slug":"poderes","status":"publish","type":"page","link":"https:\/\/www.colescba.org.ar\/portal\/comunidad\/tramites\/poderes","title":{"rendered":"Poderes"},"content":{"rendered":"\t\t<div data-elementor-type=\"wp-page\" data-elementor-id=\"5004\" class=\"elementor elementor-5004\" data-elementor-post-type=\"page\">\n\t\t\t\t\t\t<section class=\"elementor-section elementor-top-section elementor-element elementor-element-418f55f elementor-section-boxed elementor-section-height-default elementor-section-height-default\" data-id=\"418f55f\" data-element_type=\"section\">\n\t\t\t\t\t\t\t<div class=\"elementor-background-overlay\"><\/div>\n\t\t\t\t\t\t\t<div class=\"elementor-container elementor-column-gap-default\">\n\t\t\t\t\t<div class=\"elementor-column elementor-col-100 elementor-top-column elementor-element elementor-element-a331443\" data-id=\"a331443\" data-element_type=\"column\">\n\t\t\t<div class=\"elementor-widget-wrap elementor-element-populated\">\n\t\t\t\t\t\t<section class=\"elementor-section elementor-inner-section elementor-element elementor-element-1b51c1f elementor-section-boxed elementor-section-height-default elementor-section-height-default\" data-id=\"1b51c1f\" data-element_type=\"section\">\n\t\t\t\t\t\t<div class=\"elementor-container elementor-column-gap-default\">\n\t\t\t\t\t<div class=\"elementor-column elementor-col-100 elementor-inner-column elementor-element elementor-element-dbc5dcc\" data-id=\"dbc5dcc\" data-element_type=\"column\">\n\t\t\t<div class=\"elementor-widget-wrap elementor-element-populated\">\n\t\t\t\t\t\t<div class=\"elementor-element elementor-element-9e4870b elementor-widget elementor-widget-heading\" data-id=\"9e4870b\" data-element_type=\"widget\" data-widget_type=\"heading.default\">\n\t\t\t\t<div class=\"elementor-widget-container\">\n\t\t\t<h1 class=\"elementor-heading-title elementor-size-default\">Poderes<\/h1>\t\t<\/div>\n\t\t\t\t<\/div>\n\t\t\t\t\t<\/div>\n\t\t<\/div>\n\t\t\t\t\t<\/div>\n\t\t<\/section>\n\t\t\t\t\t<\/div>\n\t\t<\/div>\n\t\t\t\t\t<\/div>\n\t\t<\/section>\n\t\t\t\t<section class=\"elementor-section elementor-top-section elementor-element elementor-element-3d5ceea elementor-section-boxed elementor-section-height-default elementor-section-height-default\" data-id=\"3d5ceea\" data-element_type=\"section\" data-settings=\"{&quot;background_background&quot;:&quot;classic&quot;,&quot;animation&quot;:&quot;none&quot;}\">\n\t\t\t\t\t\t<div class=\"elementor-container elementor-column-gap-default\">\n\t\t\t\t\t<div class=\"elementor-column elementor-col-100 elementor-top-column elementor-element elementor-element-fec91c2\" data-id=\"fec91c2\" data-element_type=\"column\">\n\t\t\t<div class=\"elementor-widget-wrap elementor-element-populated\">\n\t\t\t\t\t\t<section class=\"elementor-section elementor-inner-section elementor-element elementor-element-57f51b2 elementor-section-boxed elementor-section-height-default elementor-section-height-default\" data-id=\"57f51b2\" data-element_type=\"section\">\n\t\t\t\t\t\t<div class=\"elementor-container elementor-column-gap-wider\">\n\t\t\t\t\t<div class=\"elementor-column elementor-col-50 elementor-inner-column elementor-element elementor-element-2cf58f0\" data-id=\"2cf58f0\" data-element_type=\"column\">\n\t\t\t<div class=\"elementor-widget-wrap elementor-element-populated\">\n\t\t\t\t\t\t<div class=\"elementor-element elementor-element-33f0a69 elementor-widget elementor-widget-heading\" data-id=\"33f0a69\" data-element_type=\"widget\" data-widget_type=\"heading.default\">\n\t\t\t\t<div class=\"elementor-widget-container\">\n\t\t\t<h2 class=\"elementor-heading-title elementor-size-default\">Poderes<\/h2>\t\t<\/div>\n\t\t\t\t<\/div>\n\t\t\t\t<div class=\"elementor-element elementor-element-2292e47 elementor-widget elementor-widget-heading\" data-id=\"2292e47\" data-element_type=\"widget\" data-widget_type=\"heading.default\">\n\t\t\t\t<div class=\"elementor-widget-container\">\n\t\t\t<p class=\"elementor-heading-title elementor-size-default\">Tanto las personas humanas como las empresas pueden otorgar facultades de representaci\u00f3n para ciertos actos jur\u00eddicos, administrativos, bancarios.<\/p>\t\t<\/div>\n\t\t\t\t<\/div>\n\t\t\t\t<div class=\"elementor-element elementor-element-bdc2cf5 elementor-widget elementor-widget-text-editor\" data-id=\"bdc2cf5\" data-element_type=\"widget\" data-widget_type=\"text-editor.default\">\n\t\t\t\t<div class=\"elementor-widget-container\">\n\t\t\t\t\t\t\t<p>Estos instrumentos se denominan poderes y pueden otorgarse para todos los negocios, o para uno o ciertos negocios determinados.<\/p><p>Los poderes formalizados por escritura p\u00fablica tienen la garant\u00eda de la inalterabilidad, pueden ser revocados o dejados sin efecto en cualquier momento, y gozan de la seguridad de la integridad documental del instrumento p\u00fablico, frente a posibles extrav\u00edos o p\u00e9rdida.<\/p>\t\t\t\t\t\t<\/div>\n\t\t\t\t<\/div>\n\t\t\t\t\t<\/div>\n\t\t<\/div>\n\t\t\t\t<div class=\"elementor-column elementor-col-50 elementor-inner-column elementor-element elementor-element-2f41936\" data-id=\"2f41936\" data-element_type=\"column\">\n\t\t\t<div class=\"elementor-widget-wrap elementor-element-populated\">\n\t\t\t\t\t\t<div class=\"elementor-element elementor-element-c176085 elementor-widget elementor-widget-image\" data-id=\"c176085\" data-element_type=\"widget\" data-widget_type=\"image.default\">\n\t\t\t\t<div class=\"elementor-widget-container\">\n\t\t\t\t\t\t\t\t\t\t\t\t\t<img fetchpriority=\"high\" decoding=\"async\" width=\"400\" height=\"261\" src=\"https:\/\/www.colescba.org.ar\/portal\/wp-content\/uploads\/2022\/03\/imagenes-poderes.jpg\" class=\"attachment-large size-large wp-image-5009\" alt=\"\" srcset=\"https:\/\/www.colescba.org.ar\/portal\/wp-content\/uploads\/2022\/03\/imagenes-poderes.jpg 400w, https:\/\/www.colescba.org.ar\/portal\/wp-content\/uploads\/2022\/03\/imagenes-poderes-300x196.jpg 300w\" sizes=\"(max-width: 400px) 100vw, 400px\" \/>\t\t\t\t\t\t\t\t\t\t\t\t\t<\/div>\n\t\t\t\t<\/div>\n\t\t\t\t\t<\/div>\n\t\t<\/div>\n\t\t\t\t\t<\/div>\n\t\t<\/section>\n\t\t\t\t\t<\/div>\n\t\t<\/div>\n\t\t\t\t\t<\/div>\n\t\t<\/section>\n\t\t\t\t<section class=\"elementor-section elementor-top-section elementor-element elementor-element-25f9cd6 elementor-section-boxed elementor-section-height-default elementor-section-height-default\" data-id=\"25f9cd6\" data-element_type=\"section\" data-settings=\"{&quot;animation&quot;:&quot;none&quot;,&quot;background_background&quot;:&quot;classic&quot;}\">\n\t\t\t\t\t\t<div class=\"elementor-container elementor-column-gap-wider\">\n\t\t\t\t\t<div class=\"elementor-column elementor-col-50 elementor-top-column elementor-element elementor-element-bae4847\" data-id=\"bae4847\" data-element_type=\"column\">\n\t\t\t<div class=\"elementor-widget-wrap elementor-element-populated\">\n\t\t\t\t\t\t<div class=\"elementor-element elementor-element-f205e0d elementor-widget elementor-widget-heading\" data-id=\"f205e0d\" data-element_type=\"widget\" data-widget_type=\"heading.default\">\n\t\t\t\t<div class=\"elementor-widget-container\">\n\t\t\t<h3 class=\"elementor-heading-title elementor-size-default\">\u00bfC\u00f3mo se instrumentan?<\/h3>\t\t<\/div>\n\t\t\t\t<\/div>\n\t\t\t\t<div class=\"elementor-element elementor-element-88272d8 elementor-widget elementor-widget-text-editor\" data-id=\"88272d8\" data-element_type=\"widget\" data-widget_type=\"text-editor.default\">\n\t\t\t\t<div class=\"elementor-widget-container\">\n\t\t\t\t\t\t\t<p>Los poderes son redactados y autorizados por los escribanos, quienes dan seguridad sobre la identidad y la voluntad de las personas, ajust\u00e1ndose a la ley.<\/p><p>Pueden ser dejados sin efecto en cualquier momento, es decir que pueden revocarse.<\/p><p>Tambi\u00e9n tienen validez internacional: si as\u00ed lo necesit\u00e1s, deb\u00e9s complementarlo con un requisito administrativo de \u00ablegalizaci\u00f3n\u00bb que se denomina \u00abapostilla\u00bb.<\/p>\t\t\t\t\t\t<\/div>\n\t\t\t\t<\/div>\n\t\t\t\t\t<\/div>\n\t\t<\/div>\n\t\t\t\t<div class=\"elementor-column elementor-col-50 elementor-top-column elementor-element elementor-element-09a704e\" data-id=\"09a704e\" data-element_type=\"column\">\n\t\t\t<div class=\"elementor-widget-wrap elementor-element-populated\">\n\t\t\t\t\t\t<div class=\"elementor-element elementor-element-727639e elementor-widget elementor-widget-heading\" data-id=\"727639e\" data-element_type=\"widget\" data-widget_type=\"heading.default\">\n\t\t\t\t<div class=\"elementor-widget-container\">\n\t\t\t<h3 class=\"elementor-heading-title elementor-size-default\">Record\u00e1<\/h3>\t\t<\/div>\n\t\t\t\t<\/div>\n\t\t\t\t<div class=\"elementor-element elementor-element-66fdde3 elementor-widget elementor-widget-text-editor\" data-id=\"66fdde3\" data-element_type=\"widget\" data-widget_type=\"text-editor.default\">\n\t\t\t\t<div class=\"elementor-widget-container\">\n\t\t\t\t\t\t\t<p>Consult\u00e1 a tu escribano para que te asesore sobre cu\u00e1l es el poder m\u00e1s adecuado a tus intereses.<\/p>\t\t\t\t\t\t<\/div>\n\t\t\t\t<\/div>\n\t\t\t\t\t<\/div>\n\t\t<\/div>\n\t\t\t\t\t<\/div>\n\t\t<\/section>\n\t\t\t\t<\/div>\n\t\t","protected":false},"excerpt":{"rendered":"<p>Poderes Poderes Tanto las personas humanas como las empresas pueden otorgar facultades de representaci\u00f3n para ciertos actos jur\u00eddicos, administrativos, bancarios. Estos instrumentos se denominan poderes y pueden otorgarse para todos los negocios, o para uno o ciertos negocios determinados. Los poderes formalizados por escritura p\u00fablica tienen la garant\u00eda de la inalterabilidad, pueden ser revocados o [&hellip;]<\/p>\n","protected":false},"author":3,"featured_media":11814,"parent":2152,"menu_order":0,"comment_status":"closed","ping_status":"closed","template":"","meta":{"footnotes":""},"class_list":["post-5004","page","type-page","status-publish","has-post-thumbnail","hentry"],"acf":[],"_links":{"self":[{"href":"https:\/\/www.colescba.org.ar\/portal\/wp-json\/wp\/v2\/pages\/5004","targetHints":{"allow":["GET"]}}],"collection":[{"href":"https:\/\/www.colescba.org.ar\/portal\/wp-json\/wp\/v2\/pages"}],"about":[{"href":"https:\/\/www.colescba.org.ar\/portal\/wp-json\/wp\/v2\/types\/page"}],"author":[{"embeddable":true,"href":"https:\/\/www.colescba.org.ar\/portal\/wp-json\/wp\/v2\/users\/3"}],"replies":[{"embeddable":true,"href":"https:\/\/www.colescba.org.ar\/portal\/wp-json\/wp\/v2\/comments?post=5004"}],"version-history":[{"count":16,"href":"https:\/\/www.colescba.org.ar\/portal\/wp-json\/wp\/v2\/pages\/5004\/revisions"}],"predecessor-version":[{"id":7725,"href":"https:\/\/www.colescba.org.ar\/portal\/wp-json\/wp\/v2\/pages\/5004\/revisions\/7725"}],"up":[{"embeddable":true,"href":"https:\/\/www.colescba.org.ar\/portal\/wp-json\/wp\/v2\/pages\/2152"}],"wp:featuredmedia":[{"embeddable":true,"href":"https:\/\/www.colescba.org.ar\/portal\/wp-json\/wp\/v2\/media\/11814"}],"wp:attachment":[{"href":"https:\/\/www.colescba.org.ar\/portal\/wp-json\/wp\/v2\/media?parent=5004"}],"curies":[{"name":"wp","href":"https:\/\/api.w.org\/{rel}","templated":true}]}}