{"id":6246,"date":"2022-04-04T13:05:29","date_gmt":"2022-04-04T13:05:29","guid":{"rendered":"https:\/\/www.colescba.org.ar\/portal\/?page_id=6246"},"modified":"2024-07-31T13:18:35","modified_gmt":"2024-07-31T16:18:35","slug":"apostilla-de-la-haya","status":"publish","type":"page","link":"https:\/\/www.colescba.org.ar\/portal\/comunidad\/tramites\/apostilla-de-la-haya","title":{"rendered":"Apostilla de La Haya"},"content":{"rendered":"\t\t<div data-elementor-type=\"wp-page\" data-elementor-id=\"6246\" class=\"elementor elementor-6246\" data-elementor-post-type=\"page\">\n\t\t\t\t\t\t<section class=\"elementor-section elementor-top-section elementor-element elementor-element-698633f elementor-section-boxed elementor-section-height-default elementor-section-height-default\" data-id=\"698633f\" data-element_type=\"section\">\n\t\t\t\t\t\t\t<div class=\"elementor-background-overlay\"><\/div>\n\t\t\t\t\t\t\t<div class=\"elementor-container elementor-column-gap-default\">\n\t\t\t\t\t<div class=\"elementor-column elementor-col-100 elementor-top-column elementor-element elementor-element-654c4b4\" data-id=\"654c4b4\" data-element_type=\"column\">\n\t\t\t<div class=\"elementor-widget-wrap elementor-element-populated\">\n\t\t\t\t\t\t<section class=\"elementor-section elementor-inner-section elementor-element elementor-element-8bb6530 elementor-section-boxed elementor-section-height-default elementor-section-height-default\" data-id=\"8bb6530\" data-element_type=\"section\">\n\t\t\t\t\t\t<div class=\"elementor-container elementor-column-gap-default\">\n\t\t\t\t\t<div class=\"elementor-column elementor-col-100 elementor-inner-column elementor-element elementor-element-8d9424c\" data-id=\"8d9424c\" data-element_type=\"column\">\n\t\t\t<div class=\"elementor-widget-wrap elementor-element-populated\">\n\t\t\t\t\t\t<div class=\"elementor-element elementor-element-71d1e8e elementor-widget elementor-widget-heading\" data-id=\"71d1e8e\" data-element_type=\"widget\" data-widget_type=\"heading.default\">\n\t\t\t\t<div class=\"elementor-widget-container\">\n\t\t\t<h1 class=\"elementor-heading-title elementor-size-default\">Apostilla de La Haya<\/h1>\t\t<\/div>\n\t\t\t\t<\/div>\n\t\t\t\t\t<\/div>\n\t\t<\/div>\n\t\t\t\t\t<\/div>\n\t\t<\/section>\n\t\t\t\t\t<\/div>\n\t\t<\/div>\n\t\t\t\t\t<\/div>\n\t\t<\/section>\n\t\t\t\t<section class=\"elementor-section elementor-top-section elementor-element elementor-element-d87f3de elementor-section-boxed elementor-section-height-default elementor-section-height-default\" data-id=\"d87f3de\" data-element_type=\"section\" data-settings=\"{&quot;background_background&quot;:&quot;classic&quot;,&quot;animation&quot;:&quot;none&quot;}\">\n\t\t\t\t\t\t<div class=\"elementor-container elementor-column-gap-default\">\n\t\t\t\t\t<div class=\"elementor-column elementor-col-100 elementor-top-column elementor-element elementor-element-77014fc\" data-id=\"77014fc\" data-element_type=\"column\">\n\t\t\t<div class=\"elementor-widget-wrap elementor-element-populated\">\n\t\t\t\t\t\t<section class=\"elementor-section elementor-inner-section elementor-element elementor-element-0537ef5 elementor-section-boxed elementor-section-height-default elementor-section-height-default\" data-id=\"0537ef5\" data-element_type=\"section\">\n\t\t\t\t\t\t<div class=\"elementor-container elementor-column-gap-wider\">\n\t\t\t\t\t<div class=\"elementor-column elementor-col-50 elementor-inner-column elementor-element elementor-element-944e95c\" data-id=\"944e95c\" data-element_type=\"column\">\n\t\t\t<div class=\"elementor-widget-wrap elementor-element-populated\">\n\t\t\t\t\t\t<div class=\"elementor-element elementor-element-bd9ba65 elementor-widget elementor-widget-heading\" data-id=\"bd9ba65\" data-element_type=\"widget\" data-widget_type=\"heading.default\">\n\t\t\t\t<div class=\"elementor-widget-container\">\n\t\t\t<h2 class=\"elementor-heading-title elementor-size-default\">\u00bfQu\u00e9 es la Apostilla y cu\u00e1ndo se necesita apostillar un documento?<\/h2>\t\t<\/div>\n\t\t\t\t<\/div>\n\t\t\t\t<div class=\"elementor-element elementor-element-f0951fb elementor-widget elementor-widget-heading\" data-id=\"f0951fb\" data-element_type=\"widget\" data-widget_type=\"heading.default\">\n\t\t\t\t<div class=\"elementor-widget-container\">\n\t\t\t<p class=\"elementor-heading-title elementor-size-default\">Se trata de las legalizaciones de las firmas autenticadas en aquellos documentos que deban surtir efecto en el exterior. Es decir, cuando un documento p\u00fablico o un documento notarial debe traspasar las fronteras del pa\u00eds es necesario obtener una legalizaci\u00f3n internacional.<\/p>\t\t<\/div>\n\t\t\t\t<\/div>\n\t\t\t\t<div class=\"elementor-element elementor-element-46f1841 elementor-widget elementor-widget-text-editor\" data-id=\"46f1841\" data-element_type=\"widget\" data-widget_type=\"text-editor.default\">\n\t\t\t\t<div class=\"elementor-widget-container\">\n\t\t\t\t\t\t\t<p class=\"Standard\"><span lang=\"ES-AR\">La legalizaci\u00f3n de la firma tiene como \u00fanico efecto autenticar la misma y el car\u00e1cter del otorgante, sin entrar a juzgar el contenido del documento.<\/span><\/p><p class=\"Standard\"><span lang=\"ES-AR\">La Apostilla otorga esta validez internacional al documento.<\/span><\/p><p class=\"Standard\"><span lang=\"ES-AR\">El Convenio sobre Apostilla (Convenci\u00f3n de la Haya de 1961) facilita la circulaci\u00f3n de documentos p\u00fablicos otorgados entre los pa\u00edses que son parte.<\/span><\/p><p class=\"Standard\"><span lang=\"ES-AR\">Usted puede verificar los pa\u00edses que son miembros y\/o que adhieren a esta Convenci\u00f3n en el siguiente link<\/span><\/p>\t\t\t\t\t\t<\/div>\n\t\t\t\t<\/div>\n\t\t\t\t<div class=\"elementor-element elementor-element-4868059 elementor-align-left elementor-widget elementor-widget-button\" data-id=\"4868059\" data-element_type=\"widget\" data-widget_type=\"button.default\">\n\t\t\t\t<div class=\"elementor-widget-container\">\n\t\t\t\t\t\t\t<div class=\"elementor-button-wrapper\">\n\t\t\t\t\t<a class=\"elementor-button elementor-button-link elementor-size-sm\" href=\"https:\/\/www.hcch.net\/es\/instruments\/conventions\/status-table\/?cid=41\" target=\"_blank\">\n\t\t\t\t\t\t<span class=\"elementor-button-content-wrapper\">\n\t\t\t\t\t\t\t\t\t<span class=\"elementor-button-text\">Pa\u00edses Adheridos<\/span>\n\t\t\t\t\t<\/span>\n\t\t\t\t\t<\/a>\n\t\t\t\t<\/div>\n\t\t\t\t\t\t<\/div>\n\t\t\t\t<\/div>\n\t\t\t\t\t<\/div>\n\t\t<\/div>\n\t\t\t\t<div class=\"elementor-column elementor-col-50 elementor-inner-column elementor-element elementor-element-b2ce720\" data-id=\"b2ce720\" data-element_type=\"column\">\n\t\t\t<div class=\"elementor-widget-wrap elementor-element-populated\">\n\t\t\t\t\t\t<div class=\"elementor-element elementor-element-9d8de0d elementor-widget elementor-widget-image\" data-id=\"9d8de0d\" data-element_type=\"widget\" data-widget_type=\"image.default\">\n\t\t\t\t<div class=\"elementor-widget-container\">\n\t\t\t\t\t\t\t\t\t\t\t\t\t<img fetchpriority=\"high\" decoding=\"async\" width=\"1000\" height=\"667\" src=\"https:\/\/www.colescba.org.ar\/portal\/wp-content\/uploads\/2022\/01\/colescba-notarios.jpg\" class=\"attachment-full size-full wp-image-534\" alt=\"\" srcset=\"https:\/\/www.colescba.org.ar\/portal\/wp-content\/uploads\/2022\/01\/colescba-notarios.jpg 1000w, https:\/\/www.colescba.org.ar\/portal\/wp-content\/uploads\/2022\/01\/colescba-notarios-300x200.jpg 300w, https:\/\/www.colescba.org.ar\/portal\/wp-content\/uploads\/2022\/01\/colescba-notarios-768x512.jpg 768w\" sizes=\"(max-width: 1000px) 100vw, 1000px\" \/>\t\t\t\t\t\t\t\t\t\t\t\t\t<\/div>\n\t\t\t\t<\/div>\n\t\t\t\t\t<\/div>\n\t\t<\/div>\n\t\t\t\t\t<\/div>\n\t\t<\/section>\n\t\t\t\t\t<\/div>\n\t\t<\/div>\n\t\t\t\t\t<\/div>\n\t\t<\/section>\n\t\t\t\t<section class=\"elementor-section elementor-top-section elementor-element elementor-element-3049c56 elementor-section-boxed elementor-section-height-default elementor-section-height-default\" data-id=\"3049c56\" data-element_type=\"section\" data-settings=\"{&quot;animation&quot;:&quot;none&quot;,&quot;background_background&quot;:&quot;classic&quot;}\">\n\t\t\t\t\t\t<div class=\"elementor-container elementor-column-gap-wider\">\n\t\t\t\t\t<div class=\"elementor-column elementor-col-50 elementor-top-column elementor-element elementor-element-b4eb05b\" data-id=\"b4eb05b\" data-element_type=\"column\">\n\t\t\t<div class=\"elementor-widget-wrap elementor-element-populated\">\n\t\t\t\t\t\t<div class=\"elementor-element elementor-element-d5168ea elementor-widget elementor-widget-heading\" data-id=\"d5168ea\" data-element_type=\"widget\" data-widget_type=\"heading.default\">\n\t\t\t\t<div class=\"elementor-widget-container\">\n\t\t\t<h3 class=\"elementor-heading-title elementor-size-default\">Apostilla<\/h3>\t\t<\/div>\n\t\t\t\t<\/div>\n\t\t\t\t<div class=\"elementor-element elementor-element-d18e796 elementor-widget elementor-widget-text-editor\" data-id=\"d18e796\" data-element_type=\"widget\" data-widget_type=\"text-editor.default\">\n\t\t\t\t<div class=\"elementor-widget-container\">\n\t\t\t\t\t\t\t<p class=\"Standard\"><span lang=\"ES-AR\">A partir del convenio entre el Ministerio de Relaciones Exteriores, Comercio Internacional y Culto, y el Consejo Federal del Notariado Argentino suscripto en junio de 2016, se ampliaron las facultades de los Colegios notariales del pa\u00eds otorgadas en anteriores convenios desde 1997, en cuanto a las legalizaciones de documentos con validez internacional que hasta entonces solamente era competencia de Canciller\u00eda. <\/span><\/p><p class=\"Standard\"><span lang=\"ES-AR\">Este servicio posibilita que la ciudadan\u00eda pueda realizar los tr\u00e1mites evit\u00e1ndoles innecesarias dilaciones y desplazamientos a este Ministerio, con la intenci\u00f3n de alcanzar la eficiencia del servicio p\u00fablico, en el marco de una pol\u00edtica federal.<\/span><\/p>\t\t\t\t\t\t<\/div>\n\t\t\t\t<\/div>\n\t\t\t\t\t<\/div>\n\t\t<\/div>\n\t\t\t\t<div class=\"elementor-column elementor-col-50 elementor-top-column elementor-element elementor-element-60e49ac\" data-id=\"60e49ac\" data-element_type=\"column\">\n\t\t\t<div class=\"elementor-widget-wrap elementor-element-populated\">\n\t\t\t\t\t\t<div class=\"elementor-element elementor-element-d2fb84c elementor-widget elementor-widget-heading\" data-id=\"d2fb84c\" data-element_type=\"widget\" data-widget_type=\"heading.default\">\n\t\t\t\t<div class=\"elementor-widget-container\">\n\t\t\t<h3 class=\"elementor-heading-title elementor-size-default\">Preguntas Frecuentes<\/h3>\t\t<\/div>\n\t\t\t\t<\/div>\n\t\t\t\t<div class=\"elementor-element elementor-element-b1d09cd elementor-widget elementor-widget-toggle\" data-id=\"b1d09cd\" data-element_type=\"widget\" data-widget_type=\"toggle.default\">\n\t\t\t\t<div class=\"elementor-widget-container\">\n\t\t\t\t\t<div class=\"elementor-toggle\">\n\t\t\t\t\t\t\t<div class=\"elementor-toggle-item\">\n\t\t\t\t\t<div id=\"elementor-tab-title-1861\" class=\"elementor-tab-title\" data-tab=\"1\" role=\"button\" aria-controls=\"elementor-tab-content-1861\" aria-expanded=\"false\">\n\t\t\t\t\t\t\t\t\t\t\t\t<span class=\"elementor-toggle-icon elementor-toggle-icon-right\" aria-hidden=\"true\">\n\t\t\t\t\t\t\t\t\t\t\t\t\t\t\t<span class=\"elementor-toggle-icon-closed\"><i class=\"fas fa-plus\"><\/i><\/span>\n\t\t\t\t\t\t\t\t<span class=\"elementor-toggle-icon-opened\"><i class=\"elementor-toggle-icon-opened fas fa-minus\"><\/i><\/span>\n\t\t\t\t\t\t\t\t\t\t\t\t\t<\/span>\n\t\t\t\t\t\t\t\t\t\t\t\t<a class=\"elementor-toggle-title\" tabindex=\"0\">\u00bfQui\u00e9n puede realizar el tr\u00e1mite?<\/a>\n\t\t\t\t\t<\/div>\n\n\t\t\t\t\t<div id=\"elementor-tab-content-1861\" class=\"elementor-tab-content elementor-clearfix\" data-tab=\"1\" role=\"region\" aria-labelledby=\"elementor-tab-title-1861\"><p>Todos aquellos mayores de 18 a\u00f1os.<\/p><p>No es necesario ser titular del documento para tramitar una apostilla o legalizaci\u00f3n.<\/p><p>El tr\u00e1mite se inicia de manera virtual. Contin\u00faa en forma presencial una vez asignado el turno en cada una de las delegaciones.<\/p><p>Se recomienda consultar los requisitos puntuales en la Delegaci\u00f3n en la que se vaya a realizar el tr\u00e1mite.<\/p><p>\u00a0<\/p><\/div>\n\t\t\t\t<\/div>\n\t\t\t\t\t\t\t<div class=\"elementor-toggle-item\">\n\t\t\t\t\t<div id=\"elementor-tab-title-1862\" class=\"elementor-tab-title\" data-tab=\"2\" role=\"button\" aria-controls=\"elementor-tab-content-1862\" aria-expanded=\"false\">\n\t\t\t\t\t\t\t\t\t\t\t\t<span class=\"elementor-toggle-icon elementor-toggle-icon-right\" aria-hidden=\"true\">\n\t\t\t\t\t\t\t\t\t\t\t\t\t\t\t<span class=\"elementor-toggle-icon-closed\"><i class=\"fas fa-plus\"><\/i><\/span>\n\t\t\t\t\t\t\t\t<span class=\"elementor-toggle-icon-opened\"><i class=\"elementor-toggle-icon-opened fas fa-minus\"><\/i><\/span>\n\t\t\t\t\t\t\t\t\t\t\t\t\t<\/span>\n\t\t\t\t\t\t\t\t\t\t\t\t<a class=\"elementor-toggle-title\" tabindex=\"0\">\u00bfCu\u00e1l es el costo del tr\u00e1mite y c\u00f3mo puede pagarse?<\/a>\n\t\t\t\t\t<\/div>\n\n\t\t\t\t\t<div id=\"elementor-tab-content-1862\" class=\"elementor-tab-content elementor-clearfix\" data-tab=\"2\" role=\"region\" aria-labelledby=\"elementor-tab-title-1862\"><p>El costo del tr\u00e1mite de Apostilla es el mismo en todas las delegaciones del Colegio de Escribanos de la Provincia de Buenos Aires. Se recomienda consultar su valor actualizado al momento de iniciar el tr\u00e1mite.<\/p><p>Para abonar el mismo se aceptan todos los medios de pago habilitados en las delegaciones.<\/p><\/div>\n\t\t\t\t<\/div>\n\t\t\t\t\t\t\t<div class=\"elementor-toggle-item\">\n\t\t\t\t\t<div id=\"elementor-tab-title-1863\" class=\"elementor-tab-title\" data-tab=\"3\" role=\"button\" aria-controls=\"elementor-tab-content-1863\" aria-expanded=\"false\">\n\t\t\t\t\t\t\t\t\t\t\t\t<span class=\"elementor-toggle-icon elementor-toggle-icon-right\" aria-hidden=\"true\">\n\t\t\t\t\t\t\t\t\t\t\t\t\t\t\t<span class=\"elementor-toggle-icon-closed\"><i class=\"fas fa-plus\"><\/i><\/span>\n\t\t\t\t\t\t\t\t<span class=\"elementor-toggle-icon-opened\"><i class=\"elementor-toggle-icon-opened fas fa-minus\"><\/i><\/span>\n\t\t\t\t\t\t\t\t\t\t\t\t\t<\/span>\n\t\t\t\t\t\t\t\t\t\t\t\t<a class=\"elementor-toggle-title\" tabindex=\"0\">\u00bfQu\u00e9 documentaci\u00f3n debo presentar?<\/a>\n\t\t\t\t\t<\/div>\n\n\t\t\t\t\t<div id=\"elementor-tab-content-1863\" class=\"elementor-tab-content elementor-clearfix\" data-tab=\"3\" role=\"region\" aria-labelledby=\"elementor-tab-title-1863\"><p><strong>Dependiendo de la naturaleza del documento a apostillar, se aplican los siguientes procedimientos:<\/strong><\/p>\n<p><strong>1) DOCUMENTOS NOTARIALES:<\/strong><\/p>\n<p>Los documentos notariales en soporte papel, que requieren previa legalizaci\u00f3n del Colegio, ser\u00e1n digitalizados por personal de la Delegaci\u00f3n, siempre que no excedan la cantidad de diez (10) fojas. Por razones operativas, si el documento excediera dicha cantidad deber\u00e1 ser retirado por el notario una vez legalizado, escaneado \u00edntegramente (con la legalizaci\u00f3n incluida), enviado por mail a la Delegaci\u00f3n respectiva, y presentado nuevamente para proceder a la legalizaci\u00f3n de validez internacional.<\/p>\n<p><strong>Datos a incluir en el env\u00edo:<\/strong><\/p>\n<p>El asunto deber\u00e1 consignar la escriban\u00eda o el apellido y nombre del solicitante. En el cuerpo del mensaje enviar un n\u00famero de tel\u00e9fono de contacto. Si el documento notarial fue expedido digitalmente deber\u00e1 ser enviado al correo electr\u00f3nico de la Delegaci\u00f3n, previo al ingreso del arancel correspondiente.<\/p>\n<p><strong>Muy importante:<\/strong><\/p>\n<p>Canciller\u00eda exige que para apostillar o legalizar la copia certificada de un documento, debe solicitarse previamente la legalizaci\u00f3n o apostilla del documento original. Una vez apostillada o legalizada la documentaci\u00f3n original puede tramitarse la apostilla o legalizaci\u00f3n de la copia certificada.<\/p>\n<p><strong>2) DOCUMENTOS NO NOTARIALES:<\/strong><\/p>\n<p>Si el documento fue expedido en soporte papel deber\u00e1 ser previamente digitalizado \u00edntegramente en un \u00fanico archivo PDF (uno por cada documento), en color, legible y enviado al correo electr\u00f3nico de la Delegaci\u00f3n, la que evaluar\u00e1 la documentaci\u00f3n e indicar\u00e1 los pasos a seguir.<\/p>\n<p><strong>Datos a incluir en el env\u00edo:<\/strong><\/p>\n<p>El asunto deber\u00e1 consignar el apellido y nombre del solicitante. En el cuerpo del mensaje enviar un n\u00famero de tel\u00e9fono de contacto. El archivo no puede superar los 25 megabytes (MB). Si el documento fue expedido digitalmente deber\u00e1 ser reenviado al correo electr\u00f3nico de la Delegaci\u00f3n, previo al ingreso del tr\u00e1mite.<\/p>\n<p>Una vez realizado el env\u00edo por mail, todos los documentos deber\u00e1n ser presentados en la Delegaci\u00f3n respectiva en soporte papel (original o impresi\u00f3n del documento digital), abonando el arancel correspondiente con tarjeta de d\u00e9bito visa, cr\u00e9dito o cualquiera de los medios de pago habilitados en las Delegaciones.<\/p>\n<p><strong>Recomendaciones al momento de adjuntar el documento:<\/strong><\/p>\n<p>-Todos los datos del documento escaneado a color deben ser perfectamente legibles para que la apostilla o legalizaci\u00f3n sea emitida sin inconvenientes.<\/p>\n<p>-Al adjuntar la documentaci\u00f3n, deben incluirse todas las carillas del documento y no deben encontrarse borrosas ni cortadas (no incluir fotos de celular o copias).<\/p>\n<p>-El documento debe escanearse en orden.<\/p>\n<p>-No deben escanearse m\u00faltiples documentos en un \u00fanico PDF.<\/p>\n<p>-Solo se admitir\u00e1 un documento por vez.<\/p>\n<p>-Cada documento debe digitalizarse \u00edntegramente en un solo PDF.<\/p>\n<p class=\"Standard\">-El tr\u00e1mite TAD no admite devoluciones ni cr\u00e9ditos a favor en caso de error en el escaneo del documento.<\/p><\/div>\n\t\t\t\t<\/div>\n\t\t\t\t\t\t\t\t<\/div>\n\t\t\t\t<\/div>\n\t\t\t\t<\/div>\n\t\t\t\t\t<\/div>\n\t\t<\/div>\n\t\t\t\t\t<\/div>\n\t\t<\/section>\n\t\t\t\t<\/div>\n\t\t","protected":false},"excerpt":{"rendered":"<p>Apostilla de La Haya \u00bfQu\u00e9 es la Apostilla y cu\u00e1ndo se necesita apostillar un documento? Se trata de las legalizaciones de las firmas autenticadas en aquellos documentos que deban surtir efecto en el exterior. Es decir, cuando un documento p\u00fablico o un documento notarial debe traspasar las fronteras del pa\u00eds es necesario obtener una legalizaci\u00f3n [&hellip;]<\/p>\n","protected":false},"author":3,"featured_media":11814,"parent":2152,"menu_order":0,"comment_status":"closed","ping_status":"closed","template":"","meta":{"footnotes":""},"class_list":["post-6246","page","type-page","status-publish","has-post-thumbnail","hentry"],"acf":[],"_links":{"self":[{"href":"https:\/\/www.colescba.org.ar\/portal\/wp-json\/wp\/v2\/pages\/6246","targetHints":{"allow":["GET"]}}],"collection":[{"href":"https:\/\/www.colescba.org.ar\/portal\/wp-json\/wp\/v2\/pages"}],"about":[{"href":"https:\/\/www.colescba.org.ar\/portal\/wp-json\/wp\/v2\/types\/page"}],"author":[{"embeddable":true,"href":"https:\/\/www.colescba.org.ar\/portal\/wp-json\/wp\/v2\/users\/3"}],"replies":[{"embeddable":true,"href":"https:\/\/www.colescba.org.ar\/portal\/wp-json\/wp\/v2\/comments?post=6246"}],"version-history":[{"count":54,"href":"https:\/\/www.colescba.org.ar\/portal\/wp-json\/wp\/v2\/pages\/6246\/revisions"}],"predecessor-version":[{"id":9137,"href":"https:\/\/www.colescba.org.ar\/portal\/wp-json\/wp\/v2\/pages\/6246\/revisions\/9137"}],"up":[{"embeddable":true,"href":"https:\/\/www.colescba.org.ar\/portal\/wp-json\/wp\/v2\/pages\/2152"}],"wp:featuredmedia":[{"embeddable":true,"href":"https:\/\/www.colescba.org.ar\/portal\/wp-json\/wp\/v2\/media\/11814"}],"wp:attachment":[{"href":"https:\/\/www.colescba.org.ar\/portal\/wp-json\/wp\/v2\/media?parent=6246"}],"curies":[{"name":"wp","href":"https:\/\/api.w.org\/{rel}","templated":true}]}}