{"id":7785,"date":"2022-04-22T13:53:01","date_gmt":"2022-04-22T13:53:01","guid":{"rendered":"https:\/\/www.colescba.org.ar\/portal\/?page_id=7785"},"modified":"2024-07-31T13:48:27","modified_gmt":"2024-07-31T16:48:27","slug":"sala-de-prensa","status":"publish","type":"page","link":"https:\/\/www.colescba.org.ar\/portal\/sala-de-prensa","title":{"rendered":"Sala de Prensa"},"content":{"rendered":"\t\t<div data-elementor-type=\"wp-page\" data-elementor-id=\"7785\" class=\"elementor elementor-7785\" data-elementor-post-type=\"page\">\n\t\t\t\t\t\t<section class=\"elementor-section elementor-top-section elementor-element elementor-element-7e065bf elementor-section-boxed elementor-section-height-default elementor-section-height-default\" data-id=\"7e065bf\" data-element_type=\"section\">\n\t\t\t\t\t\t\t<div class=\"elementor-background-overlay\"><\/div>\n\t\t\t\t\t\t\t<div class=\"elementor-container elementor-column-gap-default\">\n\t\t\t\t\t<div class=\"elementor-column elementor-col-100 elementor-top-column elementor-element elementor-element-85fcc4e\" data-id=\"85fcc4e\" data-element_type=\"column\">\n\t\t\t<div class=\"elementor-widget-wrap elementor-element-populated\">\n\t\t\t\t\t\t<section class=\"elementor-section elementor-inner-section elementor-element elementor-element-7196e71 elementor-section-boxed elementor-section-height-default elementor-section-height-default\" data-id=\"7196e71\" data-element_type=\"section\">\n\t\t\t\t\t\t<div class=\"elementor-container elementor-column-gap-default\">\n\t\t\t\t\t<div class=\"elementor-column elementor-col-100 elementor-inner-column elementor-element elementor-element-362db38\" data-id=\"362db38\" data-element_type=\"column\">\n\t\t\t<div class=\"elementor-widget-wrap elementor-element-populated\">\n\t\t\t\t\t\t<div class=\"elementor-element elementor-element-17bb3ea elementor-widget elementor-widget-heading\" data-id=\"17bb3ea\" data-element_type=\"widget\" data-widget_type=\"heading.default\">\n\t\t\t\t<div class=\"elementor-widget-container\">\n\t\t\t<h1 class=\"elementor-heading-title elementor-size-default\">Sala de Prensa<\/h1>\t\t<\/div>\n\t\t\t\t<\/div>\n\t\t\t\t\t<\/div>\n\t\t<\/div>\n\t\t\t\t\t<\/div>\n\t\t<\/section>\n\t\t\t\t\t<\/div>\n\t\t<\/div>\n\t\t\t\t\t<\/div>\n\t\t<\/section>\n\t\t\t\t<section class=\"elementor-section elementor-top-section elementor-element elementor-element-87d670d elementor-section-boxed elementor-section-height-default elementor-section-height-default\" data-id=\"87d670d\" data-element_type=\"section\">\n\t\t\t\t\t\t<div class=\"elementor-container elementor-column-gap-default\">\n\t\t\t\t\t<div class=\"elementor-column elementor-col-50 elementor-top-column elementor-element elementor-element-8c3d828\" data-id=\"8c3d828\" data-element_type=\"column\">\n\t\t\t<div class=\"elementor-widget-wrap elementor-element-populated\">\n\t\t\t\t\t\t<div class=\"elementor-element elementor-element-a723573 elementor-widget elementor-widget-heading\" data-id=\"a723573\" data-element_type=\"widget\" data-widget_type=\"heading.default\">\n\t\t\t\t<div class=\"elementor-widget-container\">\n\t\t\t<h2 class=\"elementor-heading-title elementor-size-default\">Los periodistas encontrar\u00e1n en esta secci\u00f3n informaci\u00f3n provista por el Colegio de Escribanos de la Provincia de Buenos Aires para que puedan utilizarla como fuente de informaci\u00f3n. <\/h2>\t\t<\/div>\n\t\t\t\t<\/div>\n\t\t\t\t\t<\/div>\n\t\t<\/div>\n\t\t\t\t<div class=\"elementor-column elementor-col-50 elementor-top-column elementor-element elementor-element-f88d6de\" data-id=\"f88d6de\" data-element_type=\"column\">\n\t\t\t<div class=\"elementor-widget-wrap\">\n\t\t\t\t\t\t\t<\/div>\n\t\t<\/div>\n\t\t\t\t\t<\/div>\n\t\t<\/section>\n\t\t\t\t<section class=\"elementor-section elementor-top-section elementor-element elementor-element-53d9a84 elementor-section-boxed elementor-section-height-default elementor-section-height-default\" data-id=\"53d9a84\" data-element_type=\"section\">\n\t\t\t\t\t\t<div class=\"elementor-container elementor-column-gap-default\">\n\t\t\t\t\t<div class=\"elementor-column elementor-col-100 elementor-top-column elementor-element elementor-element-cbfc379\" data-id=\"cbfc379\" data-element_type=\"column\">\n\t\t\t<div class=\"elementor-widget-wrap elementor-element-populated\">\n\t\t\t\t\t\t<section class=\"elementor-section elementor-inner-section elementor-element elementor-element-c1d84ff elementor-section-boxed elementor-section-height-default elementor-section-height-default elementor-invisible\" data-id=\"c1d84ff\" data-element_type=\"section\" data-settings=\"{&quot;animation&quot;:&quot;slideInLeft&quot;}\">\n\t\t\t\t\t\t<div class=\"elementor-container elementor-column-gap-default\">\n\t\t\t\t\t<div class=\"elementor-column elementor-col-33 elementor-inner-column elementor-element elementor-element-f5be9a5\" data-id=\"f5be9a5\" data-element_type=\"column\">\n\t\t\t<div class=\"elementor-widget-wrap elementor-element-populated\">\n\t\t\t\t\t\t<div class=\"elementor-element elementor-element-9e04dbf elementor-cta--valign-middle elementor-bg-transform elementor-bg-transform-zoom-out box-info elementor-cta--skin-classic elementor-animated-content elementor-widget elementor-widget-call-to-action\" data-id=\"9e04dbf\" data-element_type=\"widget\" data-widget_type=\"call-to-action.default\">\n\t\t\t\t<div class=\"elementor-widget-container\">\n\t\t\t\t\t<a class=\"elementor-cta\" href=\"https:\/\/www.colescba.org.ar\/portal\/sala-de-prensa\/estadisticas\">\n\t\t\t\t\t\t\t<div class=\"elementor-cta__content\">\n\t\t\t\t\t\t\t\t\t<div class=\"elementor-content-item elementor-cta__content-item elementor-icon-wrapper elementor-cta__icon elementor-view-default\">\n\t\t\t\t\t\t<div class=\"elementor-icon\">\n\t\t\t\t\t\t\t<svg xmlns=\"http:\/\/www.w3.org\/2000\/svg\" xmlns:xlink=\"http:\/\/www.w3.org\/1999\/xlink\" id=\"Capa_1\" x=\"0px\" y=\"0px\" viewBox=\"0 0 700 700\" style=\"enable-background:new 0 0 700 700;\" xml:space=\"preserve\"><path d=\"M438.5,67.2c-3.1,0.3-5.4,3-5.1,6.1c0.3,3.1,3,5.4,6.1,5.1H470L347,190.9L208.1,241c-2.9,1.1-4.5,4.3-3.4,7.3 c1.1,2.9,4.3,4.5,7.3,3.4l140-50.4c0.7-0.3,1.4-0.7,1.9-1.2L478.8,85.4v32.2c0,1.5,0.6,2.9,1.6,4c1.1,1.1,2.5,1.7,4,1.7 c1.5,0,2.9-0.6,4-1.7c1.1-1.1,1.6-2.5,1.6-4V72.8c0-3.1-2.5-5.6-5.6-5.6h-44.8C439.2,67.2,438.9,67.2,438.5,67.2L438.5,67.2z  M444.1,184.8c-2.7,0.5-4.6,2.9-4.5,5.6v291.2h-44.8V274.4c0-3.1-2.5-5.6-5.6-5.6h-78.4c-0.2,0-0.4,0-0.5,0 c-2.9,0.3-5.1,2.7-5.1,5.6v207.2h-44.8V330.4c0-3.1-2.5-5.6-5.6-5.6h-78.4c-0.2,0-0.3,0-0.5,0c-2.9,0.3-5.1,2.7-5.1,5.6v151.2h-56 c-0.4,0-0.7,0-1.1,0c-3.1,0.3-5.4,3-5.1,6.1c0.3,3.1,3,5.4,6.1,5.1h470.4c1.5,0,2.9-0.6,4-1.6c1.1-1.1,1.7-2.5,1.7-4s-0.6-2.9-1.7-4 c-1.1-1.1-2.5-1.6-4-1.6H450.8V196H518v257.6c0,1.5,0.6,2.9,1.6,4c1.1,1.1,2.5,1.7,4,1.7c1.5,0,2.9-0.6,4-1.7c1.1-1.1,1.6-2.5,1.6-4 V190.4c0-3.1-2.5-5.6-5.6-5.6h-78.4c-0.2,0-0.3,0-0.5,0C444.5,184.8,444.3,184.8,444.1,184.8L444.1,184.8z M316.4,280h67.2v201.6 h-67.2V280z M182,336h67.2v145.6H182V336z\"><\/path><\/svg>\t\t\t\t\t\t<\/div>\n\t\t\t\t\t<\/div>\n\t\t\t\t\n\t\t\t\t\t\t\t\t\t<h3 class=\"elementor-cta__title elementor-cta__content-item elementor-content-item\">\n\t\t\t\t\t\tEstad\u00edsticas\t\t\t\t\t<\/h3>\n\t\t\t\t\n\t\t\t\t\n\t\t\t\t\t\t\t<\/div>\n\t\t\t\t\t\t<\/a>\n\t\t\t\t<\/div>\n\t\t\t\t<\/div>\n\t\t\t\t\t<\/div>\n\t\t<\/div>\n\t\t\t\t<div class=\"elementor-column elementor-col-33 elementor-inner-column elementor-element elementor-element-4b84e4f\" data-id=\"4b84e4f\" data-element_type=\"column\">\n\t\t\t<div class=\"elementor-widget-wrap elementor-element-populated\">\n\t\t\t\t\t\t<div class=\"elementor-element elementor-element-91ac5a5 elementor-cta--valign-middle elementor-bg-transform elementor-bg-transform-zoom-out box-info elementor-cta--skin-classic elementor-animated-content elementor-widget elementor-widget-call-to-action\" data-id=\"91ac5a5\" data-element_type=\"widget\" data-widget_type=\"call-to-action.default\">\n\t\t\t\t<div class=\"elementor-widget-container\">\n\t\t\t\t\t<a class=\"elementor-cta\" href=\"https:\/\/www.colescba.org.ar\/portal\/sala-de-prensa\/comunicados-de-prensa\">\n\t\t\t\t\t\t\t<div class=\"elementor-cta__content\">\n\t\t\t\t\t\t\t\t\t<div class=\"elementor-content-item elementor-cta__content-item elementor-icon-wrapper elementor-cta__icon elementor-view-default\">\n\t\t\t\t\t\t<div class=\"elementor-icon\">\n\t\t\t\t\t\t\t<svg xmlns=\"http:\/\/www.w3.org\/2000\/svg\" xmlns:xlink=\"http:\/\/www.w3.org\/1999\/xlink\" id=\"Capa_1\" x=\"0px\" y=\"0px\" viewBox=\"0 0 700 700\" style=\"enable-background:new 0 0 700 700;\" xml:space=\"preserve\"><path d=\"M107.4,1.4v256.2h8.4V9.8h468.4v540.4H115.8V302.4h-8.4v256.2h485.2V1.4L107.4,1.4z\"><\/path><path d=\"M202.6,51.2h294.8v8.4H202.6V51.2z\"><\/path><path d=\"M276.6,81.2h146.7v8.4H276.6V81.2z\"><\/path><path d=\"M155.9,282.1h163.3v-138H155.9L155.9,282.1z M164.3,221.4l38.1-25.1l50.5,77.4h-88.6L164.3,221.4z M262.9,273.7l-25-38.3 l37.6-25.4l35.3,26.3v37.4H262.9z M310.7,152.5v73.3l-35.1-26.2l-42.4,28.7l-28.5-43.7l-40.5,26.7l0-58.8L310.7,152.5z\"><\/path><path d=\"M155.1,322.7h164.7v8.4H155.1L155.1,322.7z\"><\/path><path d=\"M155.1,367.9h164.7v8.4H155.1L155.1,367.9z\"><\/path><path d=\"M155.1,413.1h164.7v8.4H155.1L155.1,413.1z\"><\/path><path d=\"M155.1,458.3h164.7v8.4H155.1L155.1,458.3z\"><\/path><path d=\"M155.1,503.5h164.7v8.4H155.1L155.1,503.5z\"><\/path><path d=\"M380.9,235.5v139.3h163.3l0-139.4L380.9,235.5z M535.7,366.5H389.3V243.9h146.5V366.5z\"><\/path><path d=\"M380.1,144.1h164.7v8.4H380.1V144.1z\"><\/path><path d=\"M380.1,189.8h164.7v8.4H380.1V189.8z\"><\/path><path d=\"M380.1,412.2h164.7v8.4H380.1V412.2z\"><\/path><path d=\"M380.1,457.8h164.7v8.4H380.1V457.8z\"><\/path><path d=\"M380.1,503.5h164.7v8.4H380.1V503.5z\"><\/path><path d=\"M107.4,274.4h8.4v16.8h-8.4V274.4z\"><\/path><\/svg>\t\t\t\t\t\t<\/div>\n\t\t\t\t\t<\/div>\n\t\t\t\t\n\t\t\t\t\t\t\t\t\t<h3 class=\"elementor-cta__title elementor-cta__content-item elementor-content-item\">\n\t\t\t\t\t\tComunicados de prensa\t\t\t\t\t<\/h3>\n\t\t\t\t\n\t\t\t\t\n\t\t\t\t\t\t\t<\/div>\n\t\t\t\t\t\t<\/a>\n\t\t\t\t<\/div>\n\t\t\t\t<\/div>\n\t\t\t\t\t<\/div>\n\t\t<\/div>\n\t\t\t\t<div class=\"elementor-column elementor-col-33 elementor-inner-column elementor-element elementor-element-c33db9e\" data-id=\"c33db9e\" data-element_type=\"column\">\n\t\t\t<div class=\"elementor-widget-wrap elementor-element-populated\">\n\t\t\t\t\t\t<div class=\"elementor-element elementor-element-f5175fe elementor-cta--valign-middle elementor-bg-transform elementor-bg-transform-zoom-out box-info elementor-cta--skin-classic elementor-animated-content elementor-widget elementor-widget-call-to-action\" data-id=\"f5175fe\" data-element_type=\"widget\" data-widget_type=\"call-to-action.default\">\n\t\t\t\t<div class=\"elementor-widget-container\">\n\t\t\t\t\t<a class=\"elementor-cta\" href=\"https:\/\/www.colescba.org.ar\/portal\/sala-de-prensa\/el-colegio-en-los-medios\">\n\t\t\t\t\t\t\t<div class=\"elementor-cta__content\">\n\t\t\t\t\t\t\t\t\t<div class=\"elementor-content-item elementor-cta__content-item elementor-icon-wrapper elementor-cta__icon elementor-view-default\">\n\t\t\t\t\t\t<div class=\"elementor-icon\">\n\t\t\t\t\t\t\t<svg xmlns=\"http:\/\/www.w3.org\/2000\/svg\" xmlns:xlink=\"http:\/\/www.w3.org\/1999\/xlink\" id=\"Capa_1\" x=\"0px\" y=\"0px\" viewBox=\"0 0 700 700\" style=\"enable-background:new 0 0 700 700;\" xml:space=\"preserve\"><path d=\"M582.5,124.5H478.2l-37.3-73.7H259.2l-37.3,73.7h-10.5v-8.2c0-11-9-20-20-20H146c-11,0-20,9-20,20v8.2h-8.5 C91.3,124.5,70,145.8,70,172v289.8c0,26.2,21.3,47.5,47.5,47.5h465.1c26.2,0,47.5-21.3,47.5-47.5V172 C630,145.8,608.7,124.5,582.5,124.5L582.5,124.5z M143.4,116.3c0-1.4,1.2-2.5,2.5-2.5h45.3c1.4,0,2.5,1.2,2.5,2.5v8.2h-50.4 L143.4,116.3z M612.5,461.7c0,16.5-13.4,29.9-29.9,29.9H117.5c-16.5,0-29.9-13.4-29.9-29.9V171.9c0-16.5,13.4-29.9,29.9-29.9h115.2 l37.3-73.7h160.2l37.3,73.7h115.1c16.5,0,29.9,13.4,29.9,29.9L612.5,461.7L612.5,461.7z M350,170.7c-80.6,0-146.2,65.6-146.2,146.2 S269.4,463,350,463s146.2-65.6,146.2-146.2S430.6,170.7,350,170.7z M350,445.5c-71,0-128.7-57.7-128.7-128.7S279,188.2,350,188.2 s128.7,57.7,128.7,128.7C478.7,387.8,421,445.5,350,445.5z M350,219.7v17.5c-43.9,0-79.6,35.7-79.6,79.6h-17.5 C252.9,263.3,296.4,219.7,350,219.7L350,219.7z\"><\/path><\/svg>\t\t\t\t\t\t<\/div>\n\t\t\t\t\t<\/div>\n\t\t\t\t\n\t\t\t\t\t\t\t\t\t<h3 class=\"elementor-cta__title elementor-cta__content-item elementor-content-item\">\n\t\t\t\t\t\tEl Colegio en los medios\t\t\t\t\t<\/h3>\n\t\t\t\t\n\t\t\t\t\n\t\t\t\t\t\t\t<\/div>\n\t\t\t\t\t\t<\/a>\n\t\t\t\t<\/div>\n\t\t\t\t<\/div>\n\t\t\t\t\t<\/div>\n\t\t<\/div>\n\t\t\t\t\t<\/div>\n\t\t<\/section>\n\t\t\t\t\t<\/div>\n\t\t<\/div>\n\t\t\t\t\t<\/div>\n\t\t<\/section>\n\t\t\t\t<\/div>\n\t\t","protected":false},"excerpt":{"rendered":"<p>Sala de Prensa Los periodistas encontrar\u00e1n en esta secci\u00f3n informaci\u00f3n provista por el Colegio de Escribanos de la Provincia de Buenos Aires para que puedan utilizarla como fuente de informaci\u00f3n. Estad\u00edsticas Comunicados de prensa El Colegio en los medios<\/p>\n","protected":false},"author":3,"featured_media":11814,"parent":0,"menu_order":0,"comment_status":"closed","ping_status":"closed","template":"","meta":{"footnotes":""},"class_list":["post-7785","page","type-page","status-publish","has-post-thumbnail","hentry"],"acf":[],"_links":{"self":[{"href":"https:\/\/www.colescba.org.ar\/portal\/wp-json\/wp\/v2\/pages\/7785","targetHints":{"allow":["GET"]}}],"collection":[{"href":"https:\/\/www.colescba.org.ar\/portal\/wp-json\/wp\/v2\/pages"}],"about":[{"href":"https:\/\/www.colescba.org.ar\/portal\/wp-json\/wp\/v2\/types\/page"}],"author":[{"embeddable":true,"href":"https:\/\/www.colescba.org.ar\/portal\/wp-json\/wp\/v2\/users\/3"}],"replies":[{"embeddable":true,"href":"https:\/\/www.colescba.org.ar\/portal\/wp-json\/wp\/v2\/comments?post=7785"}],"version-history":[{"count":46,"href":"https:\/\/www.colescba.org.ar\/portal\/wp-json\/wp\/v2\/pages\/7785\/revisions"}],"predecessor-version":[{"id":11155,"href":"https:\/\/www.colescba.org.ar\/portal\/wp-json\/wp\/v2\/pages\/7785\/revisions\/11155"}],"wp:featuredmedia":[{"embeddable":true,"href":"https:\/\/www.colescba.org.ar\/portal\/wp-json\/wp\/v2\/media\/11814"}],"wp:attachment":[{"href":"https:\/\/www.colescba.org.ar\/portal\/wp-json\/wp\/v2\/media?parent=7785"}],"curies":[{"name":"wp","href":"https:\/\/api.w.org\/{rel}","templated":true}]}}