{"id":8063,"date":"2022-04-26T12:37:32","date_gmt":"2022-04-26T12:37:32","guid":{"rendered":"https:\/\/www.colescba.org.ar\/portal\/?page_id=8063"},"modified":"2024-07-31T13:18:03","modified_gmt":"2024-07-31T16:18:03","slug":"sadin","status":"publish","type":"page","link":"https:\/\/www.colescba.org.ar\/portal\/comunidad\/sadin","title":{"rendered":"SADIN"},"content":{"rendered":"\t\t<div data-elementor-type=\"wp-page\" data-elementor-id=\"8063\" class=\"elementor elementor-8063\" data-elementor-post-type=\"page\">\n\t\t\t\t\t\t<section class=\"elementor-section elementor-top-section elementor-element elementor-element-4150608 elementor-section-boxed elementor-section-height-default elementor-section-height-default\" data-id=\"4150608\" data-element_type=\"section\" data-settings=\"{&quot;background_background&quot;:&quot;classic&quot;}\">\n\t\t\t\t\t\t\t<div class=\"elementor-background-overlay\"><\/div>\n\t\t\t\t\t\t\t<div class=\"elementor-container elementor-column-gap-default\">\n\t\t\t\t\t<div class=\"elementor-column elementor-col-100 elementor-top-column elementor-element elementor-element-98a60d1\" data-id=\"98a60d1\" data-element_type=\"column\">\n\t\t\t<div class=\"elementor-widget-wrap elementor-element-populated\">\n\t\t\t\t\t\t<section class=\"elementor-section elementor-inner-section elementor-element elementor-element-332249d elementor-section-boxed elementor-section-height-default elementor-section-height-default\" data-id=\"332249d\" data-element_type=\"section\">\n\t\t\t\t\t\t<div class=\"elementor-container elementor-column-gap-default\">\n\t\t\t\t\t<div class=\"elementor-column elementor-col-100 elementor-inner-column elementor-element elementor-element-a26df81\" data-id=\"a26df81\" data-element_type=\"column\">\n\t\t\t<div class=\"elementor-widget-wrap elementor-element-populated\">\n\t\t\t\t\t\t<div class=\"elementor-element elementor-element-552e758 elementor-widget elementor-widget-heading\" data-id=\"552e758\" data-element_type=\"widget\" data-widget_type=\"heading.default\">\n\t\t\t\t<div class=\"elementor-widget-container\">\n\t\t\t<h1 class=\"elementor-heading-title elementor-size-default\">SADIN<\/h1>\t\t<\/div>\n\t\t\t\t<\/div>\n\t\t\t\t\t<\/div>\n\t\t<\/div>\n\t\t\t\t\t<\/div>\n\t\t<\/section>\n\t\t\t\t\t<\/div>\n\t\t<\/div>\n\t\t\t\t\t<\/div>\n\t\t<\/section>\n\t\t\t\t<section class=\"elementor-section elementor-top-section elementor-element elementor-element-ccac939 elementor-section-boxed elementor-section-height-default elementor-section-height-default\" data-id=\"ccac939\" data-element_type=\"section\">\n\t\t\t\t\t\t<div class=\"elementor-container elementor-column-gap-wide\">\n\t\t\t\t\t<div class=\"elementor-column elementor-col-50 elementor-top-column elementor-element elementor-element-49daa4f\" data-id=\"49daa4f\" data-element_type=\"column\">\n\t\t\t<div class=\"elementor-widget-wrap elementor-element-populated\">\n\t\t\t\t\t\t<div class=\"elementor-element elementor-element-414ec46 elementor-widget elementor-widget-heading\" data-id=\"414ec46\" data-element_type=\"widget\" data-widget_type=\"heading.default\">\n\t\t\t\t<div class=\"elementor-widget-container\">\n\t\t\t<h2 class=\"elementor-heading-title elementor-size-default\">Sistema de asignaci\u00f3n de diligencias notariales<\/h2>\t\t<\/div>\n\t\t\t\t<\/div>\n\t\t\t\t<div class=\"elementor-element elementor-element-3257efb elementor-widget-divider--view-line elementor-widget elementor-widget-divider\" data-id=\"3257efb\" data-element_type=\"widget\" data-widget_type=\"divider.default\">\n\t\t\t\t<div class=\"elementor-widget-container\">\n\t\t\t\t\t<div class=\"elementor-divider\">\n\t\t\t<span class=\"elementor-divider-separator\">\n\t\t\t\t\t\t<\/span>\n\t\t<\/div>\n\t\t\t\t<\/div>\n\t\t\t\t<\/div>\n\t\t\t\t<div class=\"elementor-element elementor-element-9d17bf7 elementor-widget elementor-widget-heading\" data-id=\"9d17bf7\" data-element_type=\"widget\" data-widget_type=\"heading.default\">\n\t\t\t\t<div class=\"elementor-widget-container\">\n\t\t\t<h4 class=\"elementor-heading-title elementor-size-default\">El Sistema de Asignaci\u00f3n de Diligencias Notariales (SADIN) es una herramienta desarrollada por el Colegio de Escribanos para que cualquier ciudadano pueda solicitar en forma online la intervenci\u00f3n de un escribano para que realice actas y certificaciones notariales, ya sea fuera de la escriban\u00eda o fuera del horario habitual de atenci\u00f3n.<\/h4>\t\t<\/div>\n\t\t\t\t<\/div>\n\t\t\t\t<div class=\"elementor-element elementor-element-d52ddb9 elementor-widget elementor-widget-text-editor\" data-id=\"d52ddb9\" data-element_type=\"widget\" data-widget_type=\"text-editor.default\">\n\t\t\t\t<div class=\"elementor-widget-container\">\n\t\t\t\t\t\t\t<div>De esta manera, si la persona necesita dejar constancia de ciertos hechos para que se constituyan como prueba, o bien justificar su identidad o estampar su impresi\u00f3n digital en un documento, en presencia de un notario, podr\u00e1 con este servicio solicitar la intervenci\u00f3n de un profesional.<u><\/u><u><\/u><\/div><div>En cuanto a su funcionamiento, el Sistema de Asignaci\u00f3n de Diligencias Notariales notificar\u00e1 el requerimiento a todos los notarios del partido donde deba hacerse la constataci\u00f3n o certificaci\u00f3n.<u><\/u><u><\/u><\/div><div>En caso de que ninguno de ellos responda afirmativamente acerca de la posibilidad de asumir el requerimiento en el plazo de 24 horas desde la fecha de carga de la solicitud, autom\u00e1ticamente se tendr\u00e1 por prorrogada la jurisdicci\u00f3n a todos los notarios de los partidos linderos, emiti\u00e9ndose la notificaci\u00f3n respectiva a sus domicilios electr\u00f3nicos.<u><\/u><u><\/u><\/div><div>Por cada escribano que acepte la intervenci\u00f3n el sistema enviar\u00e1 a quien lo pidi\u00f3 un mail con sus datos de contacto. Quedar\u00e1 a criterio del requirente contactarse con el notario y acordar las condiciones de la diligencia notarial.<u><\/u><u><\/u><\/div><div>Cabe aclarar que el sistema no informa costos, gastos ni honorarios de la actuaci\u00f3n del escribano, informaci\u00f3n que deber\u00e1 ser solicitada por el requirente al notario que manifieste su disponibilidad para asumir el requerimiento.<\/div>\t\t\t\t\t\t<\/div>\n\t\t\t\t<\/div>\n\t\t\t\t\t<\/div>\n\t\t<\/div>\n\t\t\t\t<div class=\"elementor-column elementor-col-50 elementor-top-column elementor-element elementor-element-e174e0f\" data-id=\"e174e0f\" data-element_type=\"column\">\n\t\t\t<div class=\"elementor-widget-wrap elementor-element-populated\">\n\t\t\t\t\t\t<div class=\"elementor-element elementor-element-e5e446a elementor-bg-transform elementor-bg-transform-zoom-out box-info elementor-cta--skin-classic elementor-animated-content elementor-widget elementor-widget-call-to-action\" data-id=\"e5e446a\" data-element_type=\"widget\" data-widget_type=\"call-to-action.default\">\n\t\t\t\t<div class=\"elementor-widget-container\">\n\t\t\t\t\t<a class=\"elementor-cta\" href=\"https:\/\/www.colescba.org.ar\/www\/pages\/sadin\/altaSolicitud.jsf\" target=\"_blank\">\n\t\t\t\t\t\t\t<div class=\"elementor-cta__content\">\n\t\t\t\t\t\t\t\t\t<div class=\"elementor-content-item elementor-cta__content-item elementor-icon-wrapper elementor-cta__icon elementor-view-default\">\n\t\t\t\t\t\t<div class=\"elementor-icon\">\n\t\t\t\t\t\t\t<svg xmlns=\"http:\/\/www.w3.org\/2000\/svg\" xmlns:xlink=\"http:\/\/www.w3.org\/1999\/xlink\" id=\"Capa_1\" x=\"0px\" y=\"0px\" viewBox=\"0 0 300 300\" style=\"enable-background:new 0 0 300 300;\" xml:space=\"preserve\"><path d=\"M149.9,208c-24.1,0-43.7-19.6-43.7-43.7s19.6-43.7,43.7-43.7c24,0,43.6,19.6,43.7,43.7C193.6,188.4,174,208,149.9,208z  M149.9,129.9c-18.9,0-34.3,15.4-34.3,34.3s15.4,34.3,34.3,34.3s34.3-15.4,34.3-34.3S168.8,129.9,149.9,129.9z\"><\/path><rect x=\"10.4\" y=\"283.2\" width=\"275.9\" height=\"9.2\"><\/rect><path d=\"M142,283.3l-39.1-53.6H92.6c-5.1,0-9.1,4-9.1,9.1v44.5h-10v-45c0-9.8,8-17.9,17.9-17.9h17l29.9,40.8l10.5-15.6l-12.5-20.5 v-4.7h27.4v4.7l-12.5,20.5l10.5,15.6l29.9-40.8h17c4.8,0,9.4,1.9,12.8,5.3c3.3,3.3,5.1,7.8,5,12.5v45H142z M157.7,283.2h58.7v-44.6 c0-2.3-1-4.7-2.7-6.5c-1.5-1.7-3.9-2.7-6.5-2.7h-10.4L157.7,283.2z\"><\/path><polygon points=\"193.6,115.3 221.3,87.5 228.4,94.6 200.5,122.2 \"><\/polygon><rect x=\"215.4\" y=\"159.5\" width=\"37.5\" height=\"10\"><\/rect><path d=\"M236.4,98.9c-11,0-20-9-20-20s9-20,20-20c11,0,20,9,20,20S247.4,98.9,236.4,98.9z M236.4,67.8c-6.2,0-11.2,5-11.2,11.2 c0,6.2,5,11.2,11.2,11.2c6.3,0,11.2-4.9,11.2-11.2C247.6,72.8,242.6,67.8,236.4,67.8z\"><\/path><path d=\"M269.7,184.3c-11,0-20-9-20-20c0-11,9-20,20-20s20,9,20,20C289.7,175.3,280.7,184.3,269.7,184.3z M269.7,153 c-6.2,0-11.2,5-11.2,11.2s5,11.2,11.2,11.2s11.2-5,11.2-11.2S276,153,269.7,153z\"><\/path><polygon points=\"72.1,94.4 79.1,87.3 106.5,114.4 99.4,121.4 \"><\/polygon><rect x=\"45.7\" y=\"158.9\" width=\"38.7\" height=\"10\"><\/rect><path d=\"M63.3,98.9c-11,0-20-9-20-20s9-20,20-20s20,9.1,20,20.1S74.3,98.9,63.3,98.9z M63.2,67.8c-6.2,0-11.2,5-11.2,11.2 c0,6.2,5,11.3,11.2,11.3s11.2-5,11.2-11.2C74.4,72.9,69.5,67.8,63.2,67.8z\"><\/path><path d=\"M29,184.3c-11,0-20-9-20-20c0-11,9-20,20-20s20,9,20,20C49,175.3,40,184.3,29,184.3z M28.9,153c-6.2,0-11.2,5-11.2,11.2 s5,11.2,11.2,11.2s11.2-5,11.2-11.2S35.1,153,28.9,153z\"><\/path><rect x=\"145.1\" y=\"59.7\" width=\"10\" height=\"38.8\"><\/rect><path d=\"M149.9,62.9c-11,0-20-9-20-20s9-20,20-20c11,0,20,9,20,20S160.9,62.9,149.9,62.9z M149.9,31.6c-6.2,0-11.2,5-11.2,11.2 s5,11.2,11.2,11.2s11.2-5,11.2-11.2S156,31.6,149.9,31.6z\"><\/path><\/svg>\t\t\t\t\t\t<\/div>\n\t\t\t\t\t<\/div>\n\t\t\t\t\n\t\t\t\t\t\t\t\t\t<h3 class=\"elementor-cta__title elementor-cta__content-item elementor-content-item\">\n\t\t\t\t\t\tAcceso a SADIN\t\t\t\t\t<\/h3>\n\t\t\t\t\n\t\t\t\t\n\t\t\t\t\t\t\t<\/div>\n\t\t\t\t\t\t<\/a>\n\t\t\t\t<\/div>\n\t\t\t\t<\/div>\n\t\t\t\t\t<\/div>\n\t\t<\/div>\n\t\t\t\t\t<\/div>\n\t\t<\/section>\n\t\t\t\t<section class=\"elementor-section elementor-top-section elementor-element elementor-element-d1241f4 elementor-section-boxed elementor-section-height-default elementor-section-height-default\" data-id=\"d1241f4\" data-element_type=\"section\" data-settings=\"{&quot;background_background&quot;:&quot;classic&quot;}\">\n\t\t\t\t\t\t<div class=\"elementor-container elementor-column-gap-default\">\n\t\t\t\t\t<div class=\"elementor-column elementor-col-100 elementor-top-column elementor-element elementor-element-8aaa074\" data-id=\"8aaa074\" data-element_type=\"column\">\n\t\t\t<div class=\"elementor-widget-wrap elementor-element-populated\">\n\t\t\t\t\t\t<div class=\"elementor-element elementor-element-75ea6a5 elementor-widget elementor-widget-heading\" data-id=\"75ea6a5\" data-element_type=\"widget\" data-widget_type=\"heading.default\">\n\t\t\t\t<div class=\"elementor-widget-container\">\n\t\t\t<h3 class=\"elementor-heading-title elementor-size-default\">Descargas<\/h3>\t\t<\/div>\n\t\t\t\t<\/div>\n\t\t\t\t<section class=\"elementor-section elementor-inner-section elementor-element elementor-element-47f74f7 elementor-section-boxed elementor-section-height-default elementor-section-height-default\" data-id=\"47f74f7\" data-element_type=\"section\">\n\t\t\t\t\t\t<div class=\"elementor-container elementor-column-gap-default\">\n\t\t\t\t\t<div class=\"elementor-column elementor-col-25 elementor-inner-column elementor-element elementor-element-b5701b0\" data-id=\"b5701b0\" data-element_type=\"column\">\n\t\t\t<div class=\"elementor-widget-wrap\">\n\t\t\t\t\t\t\t<\/div>\n\t\t<\/div>\n\t\t\t\t<div class=\"elementor-column elementor-col-25 elementor-inner-column elementor-element elementor-element-928c50c\" data-id=\"928c50c\" data-element_type=\"column\">\n\t\t\t<div class=\"elementor-widget-wrap elementor-element-populated\">\n\t\t\t\t\t\t<div class=\"elementor-element elementor-element-bd68b4f elementor-cta--layout-image-above elementor-cta--valign-middle elementor-cta--skin-classic elementor-animated-content elementor-widget elementor-widget-call-to-action\" data-id=\"bd68b4f\" data-element_type=\"widget\" data-widget_type=\"call-to-action.default\">\n\t\t\t\t<div class=\"elementor-widget-container\">\n\t\t\t\t\t<a class=\"elementor-cta\" href=\"https:\/\/www.colescba.org.ar\/portal\/wp-content\/uploads\/2022\/03\/Manual-SADIN-Usuario.pdf\" target=\"_blank\">\n\t\t\t\t\t\t\t<div class=\"elementor-cta__content\">\n\t\t\t\t\t\t\t\t\t<div class=\"elementor-content-item elementor-cta__content-item elementor-icon-wrapper elementor-cta__icon elementor-view-default\">\n\t\t\t\t\t\t<div class=\"elementor-icon\">\n\t\t\t\t\t\t\t<i aria-hidden=\"true\" class=\"fas fa-file-download\"><\/i>\t\t\t\t\t\t<\/div>\n\t\t\t\t\t<\/div>\n\t\t\t\t\n\t\t\t\t\t\t\t\t\t<h4 class=\"elementor-cta__title elementor-cta__content-item elementor-content-item\">\n\t\t\t\t\t\tInstructivo de Uso\t\t\t\t\t<\/h4>\n\t\t\t\t\n\t\t\t\t\n\t\t\t\t\t\t\t\t\t<div class=\"elementor-cta__button-wrapper elementor-cta__content-item elementor-content-item \">\n\t\t\t\t\t<span class=\"elementor-cta__button elementor-button elementor-size-\">\n\t\t\t\t\t\tDescargar\t\t\t\t\t<\/span>\n\t\t\t\t\t<\/div>\n\t\t\t\t\t\t\t<\/div>\n\t\t\t\t\t\t<\/a>\n\t\t\t\t<\/div>\n\t\t\t\t<\/div>\n\t\t\t\t\t<\/div>\n\t\t<\/div>\n\t\t\t\t<div class=\"elementor-column elementor-col-25 elementor-inner-column elementor-element elementor-element-4a07200\" data-id=\"4a07200\" data-element_type=\"column\">\n\t\t\t<div class=\"elementor-widget-wrap elementor-element-populated\">\n\t\t\t\t\t\t<div class=\"elementor-element elementor-element-df120df elementor-cta--layout-image-above elementor-cta--valign-middle elementor-cta--skin-classic elementor-animated-content elementor-widget elementor-widget-call-to-action\" data-id=\"df120df\" data-element_type=\"widget\" data-widget_type=\"call-to-action.default\">\n\t\t\t\t<div class=\"elementor-widget-container\">\n\t\t\t\t\t<a class=\"elementor-cta\" href=\"https:\/\/www.colescba.org.ar\/portal\/wp-content\/uploads\/2022\/03\/SADIN-Reglamento-2.pdf\" target=\"_blank\">\n\t\t\t\t\t\t\t<div class=\"elementor-cta__content\">\n\t\t\t\t\t\t\t\t\t<div class=\"elementor-content-item elementor-cta__content-item elementor-icon-wrapper elementor-cta__icon elementor-view-default\">\n\t\t\t\t\t\t<div class=\"elementor-icon\">\n\t\t\t\t\t\t\t<i aria-hidden=\"true\" class=\"fas fa-file-download\"><\/i>\t\t\t\t\t\t<\/div>\n\t\t\t\t\t<\/div>\n\t\t\t\t\n\t\t\t\t\t\t\t\t\t<h4 class=\"elementor-cta__title elementor-cta__content-item elementor-content-item\">\n\t\t\t\t\t\tReglamento SADIN\t\t\t\t\t<\/h4>\n\t\t\t\t\n\t\t\t\t\n\t\t\t\t\t\t\t\t\t<div class=\"elementor-cta__button-wrapper elementor-cta__content-item elementor-content-item \">\n\t\t\t\t\t<span class=\"elementor-cta__button elementor-button elementor-size-\">\n\t\t\t\t\t\tDescargar\t\t\t\t\t<\/span>\n\t\t\t\t\t<\/div>\n\t\t\t\t\t\t\t<\/div>\n\t\t\t\t\t\t<\/a>\n\t\t\t\t<\/div>\n\t\t\t\t<\/div>\n\t\t\t\t\t<\/div>\n\t\t<\/div>\n\t\t\t\t<div class=\"elementor-column elementor-col-25 elementor-inner-column elementor-element elementor-element-8911217\" data-id=\"8911217\" data-element_type=\"column\">\n\t\t\t<div class=\"elementor-widget-wrap\">\n\t\t\t\t\t\t\t<\/div>\n\t\t<\/div>\n\t\t\t\t\t<\/div>\n\t\t<\/section>\n\t\t\t\t\t<\/div>\n\t\t<\/div>\n\t\t\t\t\t<\/div>\n\t\t<\/section>\n\t\t\t\t<\/div>\n\t\t","protected":false},"excerpt":{"rendered":"<p>SADIN Sistema de asignaci\u00f3n de diligencias notariales El Sistema de Asignaci\u00f3n de Diligencias Notariales (SADIN) es una herramienta desarrollada por el Colegio de Escribanos para que cualquier ciudadano pueda solicitar en forma online la intervenci\u00f3n de un escribano para que realice actas y certificaciones notariales, ya sea fuera de la escriban\u00eda o fuera del horario [&hellip;]<\/p>\n","protected":false},"author":1,"featured_media":11814,"parent":511,"menu_order":0,"comment_status":"closed","ping_status":"closed","template":"","meta":{"footnotes":""},"class_list":["post-8063","page","type-page","status-publish","has-post-thumbnail","hentry"],"acf":[],"_links":{"self":[{"href":"https:\/\/www.colescba.org.ar\/portal\/wp-json\/wp\/v2\/pages\/8063","targetHints":{"allow":["GET"]}}],"collection":[{"href":"https:\/\/www.colescba.org.ar\/portal\/wp-json\/wp\/v2\/pages"}],"about":[{"href":"https:\/\/www.colescba.org.ar\/portal\/wp-json\/wp\/v2\/types\/page"}],"author":[{"embeddable":true,"href":"https:\/\/www.colescba.org.ar\/portal\/wp-json\/wp\/v2\/users\/1"}],"replies":[{"embeddable":true,"href":"https:\/\/www.colescba.org.ar\/portal\/wp-json\/wp\/v2\/comments?post=8063"}],"version-history":[{"count":16,"href":"https:\/\/www.colescba.org.ar\/portal\/wp-json\/wp\/v2\/pages\/8063\/revisions"}],"predecessor-version":[{"id":10576,"href":"https:\/\/www.colescba.org.ar\/portal\/wp-json\/wp\/v2\/pages\/8063\/revisions\/10576"}],"up":[{"embeddable":true,"href":"https:\/\/www.colescba.org.ar\/portal\/wp-json\/wp\/v2\/pages\/511"}],"wp:featuredmedia":[{"embeddable":true,"href":"https:\/\/www.colescba.org.ar\/portal\/wp-json\/wp\/v2\/media\/11814"}],"wp:attachment":[{"href":"https:\/\/www.colescba.org.ar\/portal\/wp-json\/wp\/v2\/media?parent=8063"}],"curies":[{"name":"wp","href":"https:\/\/api.w.org\/{rel}","templated":true}]}}